{"id":35709,"date":"2026-04-18T01:49:24","date_gmt":"2026-04-18T01:49:24","guid":{"rendered":"https:\/\/singuli.wpress.me\/index.php\/proizvod\/braun-bt5560-8-trimer-za-bradu\/"},"modified":"2026-04-20T12:33:16","modified_gmt":"2026-04-20T12:33:16","slug":"braun-bt5560-8-trimer-za-bradu","status":"publish","type":"product","link":"https:\/\/singuli.wpress.me\/index.php\/proizvod\/braun-bt5560-8-trimer-za-bradu\/","title":{"rendered":"BRAUN BT5560 +8, trimer za bradu"},"content":{"rendered":"<p><span style=\"font-weight: bold\">Braun Beard Trimmer Series 5<\/span> osmi\u0161ljen je za kontrolu i preciznost tako da podigne va\u0161u rutinu ure\u0111ivanja dla\u010dica na vi\u0161u razinu. Savr\u0161en pri svakom potezu s izuzetno o\u0161trom o\u0161tricom za ujedna\u010deno podrezivanje svaki put. Zaklju\u010davanje preciznog kota\u010di\u0107a omogu\u0107uje besprijekornu kontrolu s 40 postavki duljine u koracima od po 0,5 mm. Ovaj vrhunski trimer omogu\u0107uje podrezivanje, definiranje rubova i ure\u0111ivanje detalja s najboljim alatima, kako biste dobili savr\u0161ene linije, stanjivanje i zavr\u0161no dotjerivanje. Stvoren da traje, vodoootporan, s postoljem za punjenje te litij-ionskom baterijom za do 120 minuta rada.<\/p>\n","protected":false},"excerpt":{"rendered":"<p>Izuzetno o\u0161tra o\u0161trica za precizno i u\u010dinkovito podrezivanje<br \/>\nZaklju\u010davanje kota\u010di\u0107a s 40 postavki duljine za potpunu kontrolu<br \/>\nVodootporan trimer s litij-ionskom baterijom do 120 minuta be\u017ei\u010dnog rada<\/p>\n","protected":false},"featured_media":35710,"template":"","meta":{"_seopress_robots_primary_cat":"","_seopress_titles_title":"","_seopress_titles_desc":"","_seopress_robots_index":"","iawp_total_views":0},"product_brand":[144],"product_cat":[280,192,279],"product_tag":[],"class_list":{"0":"post-35709","1":"product","2":"type-product","3":"status-publish","4":"has-post-thumbnail","6":"product_brand-braun","7":"product_cat-aparati-za-muskarce-279","8":"product_cat-aparati-za-osobnu-njegu","9":"product_cat-brijanje-i-sisanje-192","11":"first","12":"outofstock","13":"shipping-taxable","14":"purchasable","15":"product-type-simple"},"_links":{"self":[{"href":"https:\/\/singuli.wpress.me\/index.php\/wp-json\/wp\/v2\/product\/35709","targetHints":{"allow":["GET"]}}],"collection":[{"href":"https:\/\/singuli.wpress.me\/index.php\/wp-json\/wp\/v2\/product"}],"about":[{"href":"https:\/\/singuli.wpress.me\/index.php\/wp-json\/wp\/v2\/types\/product"}],"version-history":[{"count":0,"href":"https:\/\/singuli.wpress.me\/index.php\/wp-json\/wp\/v2\/product\/35709\/revisions"}],"wp:featuredmedia":[{"embeddable":true,"href":"https:\/\/singuli.wpress.me\/index.php\/wp-json\/wp\/v2\/media\/35710"}],"wp:attachment":[{"href":"https:\/\/singuli.wpress.me\/index.php\/wp-json\/wp\/v2\/media?parent=35709"}],"wp:term":[{"taxonomy":"product_brand","embeddable":true,"href":"https:\/\/singuli.wpress.me\/index.php\/wp-json\/wp\/v2\/product_brand?post=35709"},{"taxonomy":"product_cat","embeddable":true,"href":"https:\/\/singuli.wpress.me\/index.php\/wp-json\/wp\/v2\/product_cat?post=35709"},{"taxonomy":"product_tag","embeddable":true,"href":"https:\/\/singuli.wpress.me\/index.php\/wp-json\/wp\/v2\/product_tag?post=35709"}],"curies":[{"name":"wp","href":"https:\/\/api.w.org\/{rel}","templated":true}]}}