{"id":35717,"date":"2026-04-18T01:49:26","date_gmt":"2026-04-18T01:49:26","guid":{"rendered":"https:\/\/singuli.wpress.me\/index.php\/proizvod\/braun-bt3520-3-trimer-za-bradu\/"},"modified":"2026-04-21T00:26:44","modified_gmt":"2026-04-21T00:26:44","slug":"braun-bt3520-3-trimer-za-bradu","status":"publish","type":"product","link":"https:\/\/singuli.wpress.me\/index.php\/proizvod\/braun-bt3520-3-trimer-za-bradu\/","title":{"rendered":"BRAUN BT3520 +3, trimer za bradu"},"content":{"rendered":"<p><span style=\"font-weight: bold\">Braun Beard Trimmer Series 3<\/span> za lako\u0107u savr\u0161enog ure\u0111ivanja brade. Ovaj trimer ima izuzetno o\u0161tru o\u0161tricu za precizno brijanje i precizni kota\u010di\u0107 s 40 postavki u koracima od po 0,5 mm za besprijekornu kontrolu pri svakom potezu. Bez obzira podrezujete li ili oblikujete rubove, ovaj trimer za mu\u0161karce jam\u010di odli\u010dne rezultate svaki put. BT3520 dolazi u kombinaciji crne i plave boje te s baterijom za 50 minuta be\u017ei\u010dnog rada pa uvijek mo\u017eete biti spremni za lako dotjerivanje svog stila.<\/p>\n","protected":false},"excerpt":{"rendered":"<p>Precizno i lako podrezivanje s o\u0161trom o\u0161tricom<br \/>\nKontrola s preciznim kota\u010di\u0107em i do 40 postavki duljine<br \/>\nDo 50 minuta be\u017ei\u010dnog rada i kvalitetni nastavci za oblikovanje<\/p>\n","protected":false},"featured_media":35718,"template":"","meta":{"_seopress_robots_primary_cat":"","_seopress_titles_title":"","_seopress_titles_desc":"","_seopress_robots_index":"","iawp_total_views":0},"product_brand":[144],"product_cat":[280,192,279],"product_tag":[],"class_list":{"0":"post-35717","1":"product","2":"type-product","3":"status-publish","4":"has-post-thumbnail","6":"product_brand-braun","7":"product_cat-aparati-za-muskarce-279","8":"product_cat-aparati-za-osobnu-njegu","9":"product_cat-brijanje-i-sisanje-192","11":"first","12":"instock","13":"shipping-taxable","14":"purchasable","15":"product-type-simple"},"_links":{"self":[{"href":"https:\/\/singuli.wpress.me\/index.php\/wp-json\/wp\/v2\/product\/35717","targetHints":{"allow":["GET"]}}],"collection":[{"href":"https:\/\/singuli.wpress.me\/index.php\/wp-json\/wp\/v2\/product"}],"about":[{"href":"https:\/\/singuli.wpress.me\/index.php\/wp-json\/wp\/v2\/types\/product"}],"version-history":[{"count":0,"href":"https:\/\/singuli.wpress.me\/index.php\/wp-json\/wp\/v2\/product\/35717\/revisions"}],"wp:featuredmedia":[{"embeddable":true,"href":"https:\/\/singuli.wpress.me\/index.php\/wp-json\/wp\/v2\/media\/35718"}],"wp:attachment":[{"href":"https:\/\/singuli.wpress.me\/index.php\/wp-json\/wp\/v2\/media?parent=35717"}],"wp:term":[{"taxonomy":"product_brand","embeddable":true,"href":"https:\/\/singuli.wpress.me\/index.php\/wp-json\/wp\/v2\/product_brand?post=35717"},{"taxonomy":"product_cat","embeddable":true,"href":"https:\/\/singuli.wpress.me\/index.php\/wp-json\/wp\/v2\/product_cat?post=35717"},{"taxonomy":"product_tag","embeddable":true,"href":"https:\/\/singuli.wpress.me\/index.php\/wp-json\/wp\/v2\/product_tag?post=35717"}],"curies":[{"name":"wp","href":"https:\/\/api.w.org\/{rel}","templated":true}]}}