{"id":35722,"date":"2026-04-18T01:49:28","date_gmt":"2026-04-18T01:49:28","guid":{"rendered":"https:\/\/singuli.wpress.me\/index.php\/proizvod\/braun-bg5550-6-groomer-za-tijelo\/"},"modified":"2026-04-20T12:33:16","modified_gmt":"2026-04-20T12:33:16","slug":"braun-bg5550-6-groomer-za-tijelo","status":"publish","type":"product","link":"https:\/\/singuli.wpress.me\/index.php\/proizvod\/braun-bg5550-6-groomer-za-tijelo\/","title":{"rendered":"BRAUN BG5550 +6, groomer za tijelo"},"content":{"rendered":"<p><span style=\"font-weight: bold\">Braunov Body Groomer<\/span> za mu\u0161karce nje\u017ean je prema ko\u017ei i sa svojih 6 alata za ure\u0111ivanje dla\u010dica \u0161titi osjetljivu ko\u017eu. U\u017eivajte u glatkom brijanju s pobolj\u0161anom u\u010dinkovito\u0161\u0107u i ugodno\u0161\u0107u u usporedbi s dosada\u0161njim Braunovim trimerima. Zahvaljuju\u0107i tehnologiji SkinGuard, ovaj Body Groomer smanjuje mogu\u0107nost posjekotina, pa mo\u017eete podrezivati dla\u010dice na bilo kojem dijelu tijela, te \u010dak i pod tu\u0161em zahvaljuju\u0107i dr\u0161ci AquaGrip. \u010ce\u0161lji\u0107 za osjetljiva podru\u010dja osigurava sigurno i ugodno ure\u0111ivanje dla\u010dica tako \u0161to spre\u010dava kontakt ko\u017ee s o\u0161tricom.<\/p>\n","protected":false},"excerpt":{"rendered":"<p>Glava SmoothShave za ugodno brijanje<br \/>\nSkinGuard smanjuje posjekotine<br \/>\n100% vodootporan<\/p>\n","protected":false},"featured_media":35723,"template":"","meta":{"_seopress_robots_primary_cat":"","_seopress_titles_title":"","_seopress_titles_desc":"","_seopress_robots_index":"","iawp_total_views":0},"product_brand":[144],"product_cat":[280,192,279],"product_tag":[],"class_list":{"0":"post-35722","1":"product","2":"type-product","3":"status-publish","4":"has-post-thumbnail","6":"product_brand-braun","7":"product_cat-aparati-za-muskarce-279","8":"product_cat-aparati-za-osobnu-njegu","9":"product_cat-brijanje-i-sisanje-192","11":"first","12":"outofstock","13":"shipping-taxable","14":"purchasable","15":"product-type-simple"},"_links":{"self":[{"href":"https:\/\/singuli.wpress.me\/index.php\/wp-json\/wp\/v2\/product\/35722","targetHints":{"allow":["GET"]}}],"collection":[{"href":"https:\/\/singuli.wpress.me\/index.php\/wp-json\/wp\/v2\/product"}],"about":[{"href":"https:\/\/singuli.wpress.me\/index.php\/wp-json\/wp\/v2\/types\/product"}],"version-history":[{"count":0,"href":"https:\/\/singuli.wpress.me\/index.php\/wp-json\/wp\/v2\/product\/35722\/revisions"}],"wp:featuredmedia":[{"embeddable":true,"href":"https:\/\/singuli.wpress.me\/index.php\/wp-json\/wp\/v2\/media\/35723"}],"wp:attachment":[{"href":"https:\/\/singuli.wpress.me\/index.php\/wp-json\/wp\/v2\/media?parent=35722"}],"wp:term":[{"taxonomy":"product_brand","embeddable":true,"href":"https:\/\/singuli.wpress.me\/index.php\/wp-json\/wp\/v2\/product_brand?post=35722"},{"taxonomy":"product_cat","embeddable":true,"href":"https:\/\/singuli.wpress.me\/index.php\/wp-json\/wp\/v2\/product_cat?post=35722"},{"taxonomy":"product_tag","embeddable":true,"href":"https:\/\/singuli.wpress.me\/index.php\/wp-json\/wp\/v2\/product_tag?post=35722"}],"curies":[{"name":"wp","href":"https:\/\/api.w.org\/{rel}","templated":true}]}}