{"id":35730,"date":"2026-04-18T01:49:31","date_gmt":"2026-04-18T01:49:31","guid":{"rendered":"https:\/\/singuli.wpress.me\/index.php\/proizvod\/braun-hc5510-2-sisac\/"},"modified":"2026-04-20T12:33:16","modified_gmt":"2026-04-20T12:33:16","slug":"braun-hc5510-2-sisac","status":"publish","type":"product","link":"https:\/\/singuli.wpress.me\/index.php\/proizvod\/braun-hc5510-2-sisac\/","title":{"rendered":"BRAUN HC5510 +2, \u0161i\u0161a\u010d"},"content":{"rendered":"<p>Lako do \u017eeljene frizure u udobnosti doma uz aparat za \u0161i\u0161anje <span style=\"font-weight: bold\">Braun Hair Clippers Series 5<\/span>. Dugotrajno o\u0161tre o\u0161trice \u010dine podrezivanje brzim i jednostavnim bez obzira na duljinu i gusto\u0107u kose. S 1 \u010de\u0161lji\u0107em i 9 postavki duljine te memorijskim zaklju\u010davanjem koje pamti zadnju kori\u0161tenu postavku. Ure\u0111aj ima Ni-MH bateriju za 50 minuta rada i periv je pod vodom. Odli\u010dan poklon za svakog mu\u0161karca. Uklju\u010duje: \u010de\u0161lji\u0107 3 \u2013 24 mm i \u010detkicu za \u010di\u0161\u0107enje.<\/p>\n","protected":false},"excerpt":{"rendered":"<p>Dugotrajno o\u0161tre o\u0161trice<br \/>\n9 postavki duljine s funkcijom Memory Lock<br \/>\nErgonomska gumirana dr\u0161ka<\/p>\n","protected":false},"featured_media":35731,"template":"","meta":{"_seopress_robots_primary_cat":"","_seopress_titles_title":"","_seopress_titles_desc":"","_seopress_robots_index":"","iawp_total_views":0},"product_brand":[144],"product_cat":[192,279],"product_tag":[],"class_list":{"0":"post-35730","1":"product","2":"type-product","3":"status-publish","4":"has-post-thumbnail","6":"product_brand-braun","7":"product_cat-aparati-za-osobnu-njegu","8":"product_cat-brijanje-i-sisanje-192","10":"first","11":"outofstock","12":"shipping-taxable","13":"purchasable","14":"product-type-simple"},"_links":{"self":[{"href":"https:\/\/singuli.wpress.me\/index.php\/wp-json\/wp\/v2\/product\/35730","targetHints":{"allow":["GET"]}}],"collection":[{"href":"https:\/\/singuli.wpress.me\/index.php\/wp-json\/wp\/v2\/product"}],"about":[{"href":"https:\/\/singuli.wpress.me\/index.php\/wp-json\/wp\/v2\/types\/product"}],"version-history":[{"count":0,"href":"https:\/\/singuli.wpress.me\/index.php\/wp-json\/wp\/v2\/product\/35730\/revisions"}],"wp:featuredmedia":[{"embeddable":true,"href":"https:\/\/singuli.wpress.me\/index.php\/wp-json\/wp\/v2\/media\/35731"}],"wp:attachment":[{"href":"https:\/\/singuli.wpress.me\/index.php\/wp-json\/wp\/v2\/media?parent=35730"}],"wp:term":[{"taxonomy":"product_brand","embeddable":true,"href":"https:\/\/singuli.wpress.me\/index.php\/wp-json\/wp\/v2\/product_brand?post=35730"},{"taxonomy":"product_cat","embeddable":true,"href":"https:\/\/singuli.wpress.me\/index.php\/wp-json\/wp\/v2\/product_cat?post=35730"},{"taxonomy":"product_tag","embeddable":true,"href":"https:\/\/singuli.wpress.me\/index.php\/wp-json\/wp\/v2\/product_tag?post=35730"}],"curies":[{"name":"wp","href":"https:\/\/api.w.org\/{rel}","templated":true}]}}