{"id":35734,"date":"2026-04-18T01:49:32","date_gmt":"2026-04-18T01:49:32","guid":{"rendered":"https:\/\/singuli.wpress.me\/index.php\/proizvod\/braun-bg3500-2-groomer-za-tijelo\/"},"modified":"2026-04-20T12:33:16","modified_gmt":"2026-04-20T12:33:16","slug":"braun-bg3500-2-groomer-za-tijelo","status":"publish","type":"product","link":"https:\/\/singuli.wpress.me\/index.php\/proizvod\/braun-bg3500-2-groomer-za-tijelo\/","title":{"rendered":"BRAUN BG3500 +2, groomer za tijelo"},"content":{"rendered":"<p><span style=\"font-weight: bold\">Braunov Body Groomer<\/span> za mu\u0161karce \u0161titi osjetljivu ko\u017eu i ima 2 nastavka za ure\u0111ivanje dla\u010dica. Njegova tehnologija SkinGuard smanjuje mogu\u0107nost posjekotina, pa mo\u017eete podrezivati dla\u010dice na bilo kojem tijela. Ovaj Body Groomer ima odvojivi \u010de\u0161lji\u0107 za osjetljiva podru\u010dja koji osigurava sigurno i ugodno iskustvo tako \u0161to spre\u010dava kontakt ko\u017ee s o\u0161tricom. BG3500 dolazi u svijetlo sivoj boji, stvoren je da traje, 100% je vodootporan i ima bateriju koja traje 80 minuta. <\/p>\n","protected":false},"excerpt":{"rendered":"<p>Nje\u017eno podrezivanje, \u0161titi osjetljivu ko\u017eu<br \/>\n100% vodootporan<br \/>\nBaterija do 80 minuta rada<\/p>\n","protected":false},"featured_media":35735,"template":"","meta":{"_seopress_robots_primary_cat":"","_seopress_titles_title":"","_seopress_titles_desc":"","_seopress_robots_index":"","iawp_total_views":0},"product_brand":[144],"product_cat":[280,192,279],"product_tag":[],"class_list":{"0":"post-35734","1":"product","2":"type-product","3":"status-publish","4":"has-post-thumbnail","6":"product_brand-braun","7":"product_cat-aparati-za-muskarce-279","8":"product_cat-aparati-za-osobnu-njegu","9":"product_cat-brijanje-i-sisanje-192","11":"first","12":"instock","13":"shipping-taxable","14":"purchasable","15":"product-type-simple"},"_links":{"self":[{"href":"https:\/\/singuli.wpress.me\/index.php\/wp-json\/wp\/v2\/product\/35734","targetHints":{"allow":["GET"]}}],"collection":[{"href":"https:\/\/singuli.wpress.me\/index.php\/wp-json\/wp\/v2\/product"}],"about":[{"href":"https:\/\/singuli.wpress.me\/index.php\/wp-json\/wp\/v2\/types\/product"}],"version-history":[{"count":0,"href":"https:\/\/singuli.wpress.me\/index.php\/wp-json\/wp\/v2\/product\/35734\/revisions"}],"wp:featuredmedia":[{"embeddable":true,"href":"https:\/\/singuli.wpress.me\/index.php\/wp-json\/wp\/v2\/media\/35735"}],"wp:attachment":[{"href":"https:\/\/singuli.wpress.me\/index.php\/wp-json\/wp\/v2\/media?parent=35734"}],"wp:term":[{"taxonomy":"product_brand","embeddable":true,"href":"https:\/\/singuli.wpress.me\/index.php\/wp-json\/wp\/v2\/product_brand?post=35734"},{"taxonomy":"product_cat","embeddable":true,"href":"https:\/\/singuli.wpress.me\/index.php\/wp-json\/wp\/v2\/product_cat?post=35734"},{"taxonomy":"product_tag","embeddable":true,"href":"https:\/\/singuli.wpress.me\/index.php\/wp-json\/wp\/v2\/product_tag?post=35734"}],"curies":[{"name":"wp","href":"https:\/\/api.w.org\/{rel}","templated":true}]}}