{"id":35742,"date":"2026-04-18T01:49:35","date_gmt":"2026-04-18T01:49:35","guid":{"rendered":"https:\/\/singuli.wpress.me\/index.php\/proizvod\/braun-hc5530-3-sisac\/"},"modified":"2026-04-20T12:33:16","modified_gmt":"2026-04-20T12:33:16","slug":"braun-hc5530-3-sisac","status":"publish","type":"product","link":"https:\/\/singuli.wpress.me\/index.php\/proizvod\/braun-hc5530-3-sisac\/","title":{"rendered":"BRAUN HC5530 +3, \u0161i\u0161a\u010d"},"content":{"rendered":"<p>Lako do \u017eeljene frizure u udobnosti doma uz aparat za \u0161i\u0161anje <span style=\"font-weight: bold\">Braun Hair Clippers Series 5<\/span>. Dugotrajno o\u0161tre o\u0161trice \u010dine podrezivanje brzim i jednostavnim bez obzira na duljinu i gusto\u0107u kose. S 2 \u010de\u0161lji\u0107a i 17 postavki duljine te memorijskim zaklju\u010davanjem koje pamti zadnju kori\u0161tenu postavku. Ure\u0111aj ima Ni-MH bateriju za 50 minuta rada i periv je pod vodom. Odli\u010dan poklon za svakog mu\u0161karca. Uklju\u010duje: \u010de\u0161lji\u0107 3 \u2013 24 mm, \u010de\u0161lji\u0107 14 \u2013 35 mm  i \u010detkicu za \u010di\u0161\u0107enje.<\/p>\n","protected":false},"excerpt":{"rendered":"<p>Ergonomska gumirana dr\u0161ka<br \/>\n17 postavki duljine s funkcijom Memory Lock<br \/>\n50 minuta rada<\/p>\n","protected":false},"featured_media":35743,"template":"","meta":{"_seopress_robots_primary_cat":"","_seopress_titles_title":"","_seopress_titles_desc":"","_seopress_robots_index":"","iawp_total_views":0},"product_brand":[144],"product_cat":[192,279],"product_tag":[],"class_list":{"0":"post-35742","1":"product","2":"type-product","3":"status-publish","4":"has-post-thumbnail","6":"product_brand-braun","7":"product_cat-aparati-za-osobnu-njegu","8":"product_cat-brijanje-i-sisanje-192","10":"first","11":"instock","12":"shipping-taxable","13":"purchasable","14":"product-type-simple"},"_links":{"self":[{"href":"https:\/\/singuli.wpress.me\/index.php\/wp-json\/wp\/v2\/product\/35742","targetHints":{"allow":["GET"]}}],"collection":[{"href":"https:\/\/singuli.wpress.me\/index.php\/wp-json\/wp\/v2\/product"}],"about":[{"href":"https:\/\/singuli.wpress.me\/index.php\/wp-json\/wp\/v2\/types\/product"}],"version-history":[{"count":0,"href":"https:\/\/singuli.wpress.me\/index.php\/wp-json\/wp\/v2\/product\/35742\/revisions"}],"wp:featuredmedia":[{"embeddable":true,"href":"https:\/\/singuli.wpress.me\/index.php\/wp-json\/wp\/v2\/media\/35743"}],"wp:attachment":[{"href":"https:\/\/singuli.wpress.me\/index.php\/wp-json\/wp\/v2\/media?parent=35742"}],"wp:term":[{"taxonomy":"product_brand","embeddable":true,"href":"https:\/\/singuli.wpress.me\/index.php\/wp-json\/wp\/v2\/product_brand?post=35742"},{"taxonomy":"product_cat","embeddable":true,"href":"https:\/\/singuli.wpress.me\/index.php\/wp-json\/wp\/v2\/product_cat?post=35742"},{"taxonomy":"product_tag","embeddable":true,"href":"https:\/\/singuli.wpress.me\/index.php\/wp-json\/wp\/v2\/product_tag?post=35742"}],"curies":[{"name":"wp","href":"https:\/\/api.w.org\/{rel}","templated":true}]}}