{"id":35748,"date":"2026-04-18T01:49:37","date_gmt":"2026-04-18T01:49:37","guid":{"rendered":"https:\/\/singuli.wpress.me\/index.php\/proizvod\/lindt-kalendar-bozicno-drvce-cokolada-221-g\/"},"modified":"2026-04-20T12:33:16","modified_gmt":"2026-04-20T12:33:16","slug":"lindt-kalendar-bozicno-drvce-cokolada-221-g","status":"publish","type":"product","link":"https:\/\/singuli.wpress.me\/index.php\/proizvod\/lindt-kalendar-bozicno-drvce-cokolada-221-g\/","title":{"rendered":"LINDT kalendar bo\u017ei\u0107no drvce, \u010dokolada, 221\u00a0g"},"content":{"rendered":"<p>Adventski kalendar sadr\u017ei 24 komada mje\u0161avine tamnih i mlije\u010dnih \u010dokolada te tamne, bijele i mlije\u010dne \u010dokolade s kremastim punjenjem. Uklju\u010duje razli\u010dite vrste pralina i \u010dokolada kao \u0161to su: Milk Heart i Dark Heart, Les Pyreneens Milk i Dark, Lindt TEDDY, EXCELLENCE \u010dokolade (mlije\u010dna, tamna s 85% kakaa, tamna s morskom soli, tamna sa 70% kakaa), LINDOR kuglice (mlije\u010dne, tamne, lje\u0161njak i bijele)<\/p>\n","protected":false},"excerpt":{"rendered":"<p>Adventski kalendar s 24 komada<br \/>\nMje\u0161avina tamnih, bijelih i mlije\u010dnih \u010dokolada<br \/>\nRazli\u010diti oblici i okusi \u010dokolada, uklju\u010duju\u0107i praline i LINDOR kuglice<\/p>\n","protected":false},"featured_media":35749,"template":"","meta":{"_seopress_robots_primary_cat":"","_seopress_titles_title":"","_seopress_titles_desc":"","_seopress_robots_index":"","iawp_total_views":0},"product_brand":[758],"product_cat":[261,277],"product_tag":[],"class_list":{"0":"post-35748","1":"product","2":"type-product","3":"status-publish","4":"has-post-thumbnail","6":"product_brand-lindt","7":"product_cat-hrana-i-pice","8":"product_cat-slatkisi-i-grickalice-261","10":"first","11":"outofstock","12":"shipping-taxable","13":"purchasable","14":"product-type-simple"},"_links":{"self":[{"href":"https:\/\/singuli.wpress.me\/index.php\/wp-json\/wp\/v2\/product\/35748","targetHints":{"allow":["GET"]}}],"collection":[{"href":"https:\/\/singuli.wpress.me\/index.php\/wp-json\/wp\/v2\/product"}],"about":[{"href":"https:\/\/singuli.wpress.me\/index.php\/wp-json\/wp\/v2\/types\/product"}],"version-history":[{"count":0,"href":"https:\/\/singuli.wpress.me\/index.php\/wp-json\/wp\/v2\/product\/35748\/revisions"}],"wp:featuredmedia":[{"embeddable":true,"href":"https:\/\/singuli.wpress.me\/index.php\/wp-json\/wp\/v2\/media\/35749"}],"wp:attachment":[{"href":"https:\/\/singuli.wpress.me\/index.php\/wp-json\/wp\/v2\/media?parent=35748"}],"wp:term":[{"taxonomy":"product_brand","embeddable":true,"href":"https:\/\/singuli.wpress.me\/index.php\/wp-json\/wp\/v2\/product_brand?post=35748"},{"taxonomy":"product_cat","embeddable":true,"href":"https:\/\/singuli.wpress.me\/index.php\/wp-json\/wp\/v2\/product_cat?post=35748"},{"taxonomy":"product_tag","embeddable":true,"href":"https:\/\/singuli.wpress.me\/index.php\/wp-json\/wp\/v2\/product_tag?post=35748"}],"curies":[{"name":"wp","href":"https:\/\/api.w.org\/{rel}","templated":true}]}}