{"id":35750,"date":"2026-04-18T01:49:37","date_gmt":"2026-04-18T01:49:37","guid":{"rendered":"https:\/\/singuli.wpress.me\/index.php\/proizvod\/lindor-milk-praline-75-g\/"},"modified":"2026-04-20T12:33:16","modified_gmt":"2026-04-20T12:33:16","slug":"lindor-milk-praline-75-g","status":"publish","type":"product","link":"https:\/\/singuli.wpress.me\/index.php\/proizvod\/lindor-milk-praline-75-g\/","title":{"rendered":"LINDOR Milk, praline, 75\u00a0g"},"content":{"rendered":"<p>Praline od mlije\u010dne \u010dokolade s kremastim punjenjem sadr\u017ee 6 komada. Sastojci su \u0161e\u0107er, biljne masti (kokos, palmina ko\u0161tica), kakaov maslac, kakaova masa, punomasno mlijeko u prahu, obrano mlijeko u prahu, laktoza, bezvodna mlije\u010dna mast, emulgator (sojin lecitin), ekstrakt je\u010dmenog slada te arome.<\/p>\n","protected":false},"excerpt":{"rendered":"<p>Kremasto punjenje<br \/>\nMlije\u010dna \u010dokolada<\/p>\n","protected":false},"featured_media":35751,"template":"","meta":{"_seopress_robots_primary_cat":"","_seopress_titles_title":"","_seopress_titles_desc":"","_seopress_robots_index":"","iawp_total_views":0},"product_brand":[756],"product_cat":[261,277],"product_tag":[],"class_list":{"0":"post-35750","1":"product","2":"type-product","3":"status-publish","4":"has-post-thumbnail","6":"product_brand-lindor","7":"product_cat-hrana-i-pice","8":"product_cat-slatkisi-i-grickalice-261","10":"first","11":"outofstock","12":"shipping-taxable","13":"purchasable","14":"product-type-simple"},"_links":{"self":[{"href":"https:\/\/singuli.wpress.me\/index.php\/wp-json\/wp\/v2\/product\/35750","targetHints":{"allow":["GET"]}}],"collection":[{"href":"https:\/\/singuli.wpress.me\/index.php\/wp-json\/wp\/v2\/product"}],"about":[{"href":"https:\/\/singuli.wpress.me\/index.php\/wp-json\/wp\/v2\/types\/product"}],"version-history":[{"count":0,"href":"https:\/\/singuli.wpress.me\/index.php\/wp-json\/wp\/v2\/product\/35750\/revisions"}],"wp:featuredmedia":[{"embeddable":true,"href":"https:\/\/singuli.wpress.me\/index.php\/wp-json\/wp\/v2\/media\/35751"}],"wp:attachment":[{"href":"https:\/\/singuli.wpress.me\/index.php\/wp-json\/wp\/v2\/media?parent=35750"}],"wp:term":[{"taxonomy":"product_brand","embeddable":true,"href":"https:\/\/singuli.wpress.me\/index.php\/wp-json\/wp\/v2\/product_brand?post=35750"},{"taxonomy":"product_cat","embeddable":true,"href":"https:\/\/singuli.wpress.me\/index.php\/wp-json\/wp\/v2\/product_cat?post=35750"},{"taxonomy":"product_tag","embeddable":true,"href":"https:\/\/singuli.wpress.me\/index.php\/wp-json\/wp\/v2\/product_tag?post=35750"}],"curies":[{"name":"wp","href":"https:\/\/api.w.org\/{rel}","templated":true}]}}