{"id":35760,"date":"2026-04-18T01:49:40","date_gmt":"2026-04-18T01:49:40","guid":{"rendered":"https:\/\/singuli.wpress.me\/index.php\/proizvod\/intimea-hygieia-set-tekuci-sapun-za-intimnu-njegu-200ml-i-bio-oil-suho-ulje-50ml\/"},"modified":"2026-04-20T12:33:16","modified_gmt":"2026-04-20T12:33:16","slug":"intimea-hygieia-set-tekuci-sapun-za-intimnu-njegu-200ml-i-bio-oil-suho-ulje-50ml","status":"publish","type":"product","link":"https:\/\/singuli.wpress.me\/index.php\/proizvod\/intimea-hygieia-set-tekuci-sapun-za-intimnu-njegu-200ml-i-bio-oil-suho-ulje-50ml\/","title":{"rendered":"INTIMEA HYGIEIA, set, teku\u0107i sapun za intimnu njegu 200ml i Bio Oil suho ulje 50ml"},"content":{"rendered":"<p><span style=\"font-weight: bold\">Intimea Jasmine nje\u017eni teku\u0107i sapun za intimnu njegu<\/span>, kremaste strukture i blagog ugodnog mirisa jasmina. Sapun pru\u017ea osobnu svje\u017einu tijekom cijelog dana, ne nadra\u017euje intimno podru\u010dje.<br \/>\nBez dodanih mirisa, s ekstraktom kadulje, maslinovim uljem i mlije\u010dnom kiselinom i mirisom jasmina iz kojeg su uklonjeni alergeni.<br \/>\npH = 4,0 odr\u017eava prirodnu ravnote\u017eu vaginalne flore<\/p>\n<p><span style=\"font-weight: bold\">Na\u010din primjene:<\/span> Nanesite malu koli\u010dinu sapuna na intimne dijelove, zapijenite i isperte. Samo za vanjsku upotrebu. Dr\u017eite izvan dosega djece!<\/p>\n<p><span style=\"font-weight: bold\">Bio-Oil\u00ae<\/span> je posebno ulje za njegu ko\u017ee s formulom koja poma\u017ee pobolj\u0161ati izgled o\u017eiljaka, strija i neujedna\u010denog tena.  O\u017eiljci poma\u017ee popraviti izgled kako novih, tako i starih o\u017eiljaka. Strije poma\u017ee smanjiti mogu\u0107nost nastanka strija tijekom trudno\u0107e, zamaha rasta kod tinejd\u017eera te kod naglog dobivanja na te\u017eini. Poma\u017ee pobolj\u0161ati izgled postoje\u0107ih strija. Neujedna\u010den ten poma\u017ee pobolj\u0161ati izgled tragova pigmentacije i pjega kod tamnih i svijetlih tipova ko\u017ee. Zrela i dehidrirana ko\u017ea poma\u017ee da zrela ko\u017ea lica i tijela izgleda glalatko i tonirano, poma\u017ee odr\u017eati vla\u017enost ko\u017ee. PURCELLIN OIL\u2122  Sadr\u017ei jedinstveni sastojak PurCellin Oil\u2122, koji smanjuje gusto\u0107u formule i osigurava bolje upijanje ulja u ko\u017eu. Rezultati primjene proizvoda mogu varirati od osobe do osobe.<\/p>\n<p><span style=\"font-weight: bold\">Na\u010din primjene:<\/span> Nanosite dvaput dnevno tijekom najmanje tri mjeseca. Tijekom trudno\u0107e primjenjujete od po\u010detka drugog tromjese\u010dja. Individualni rezultati mogu biti razli\u010diti. Prikladno je za osjetljivu ko\u017eu i ko\u017eu koja nije sklona aknama. <\/p>\n","protected":false},"excerpt":{"rendered":"<p>Intimea Jasmine nje\u017eni teku\u0107i sapun za intimnu njegu, kremaste strukture i blagog ugodnog mirisa jasmina<br \/>\nBio-Oil\u00ae je posebno ulje za njegu ko\u017ee s formulom koja poma\u017ee pobolj\u0161ati izgled o\u017eiljaka, strija i neujedna\u010denog tena<br \/>\nBio Oil jedinstvena formula s revolucionarnim sastojkom PurCellin Oil\u2122 tako\u0111er je jako u\u010dinkovita i kada su u pitanju tragovi starenja i dehidrirana ko\u017ea<\/p>\n","protected":false},"featured_media":35761,"template":"","meta":{"_seopress_robots_primary_cat":"","_seopress_titles_title":"","_seopress_titles_desc":"","_seopress_robots_index":"","iawp_total_views":0},"product_brand":[417],"product_cat":[268,278],"product_tag":[],"class_list":{"0":"post-35760","1":"product","2":"type-product","3":"status-publish","4":"has-post-thumbnail","6":"product_brand-intimea-hygieia","7":"product_cat-kozmetika-2","8":"product_cat-njega-tijela-268","10":"first","11":"outofstock","12":"shipping-taxable","13":"purchasable","14":"product-type-simple"},"_links":{"self":[{"href":"https:\/\/singuli.wpress.me\/index.php\/wp-json\/wp\/v2\/product\/35760","targetHints":{"allow":["GET"]}}],"collection":[{"href":"https:\/\/singuli.wpress.me\/index.php\/wp-json\/wp\/v2\/product"}],"about":[{"href":"https:\/\/singuli.wpress.me\/index.php\/wp-json\/wp\/v2\/types\/product"}],"version-history":[{"count":0,"href":"https:\/\/singuli.wpress.me\/index.php\/wp-json\/wp\/v2\/product\/35760\/revisions"}],"wp:featuredmedia":[{"embeddable":true,"href":"https:\/\/singuli.wpress.me\/index.php\/wp-json\/wp\/v2\/media\/35761"}],"wp:attachment":[{"href":"https:\/\/singuli.wpress.me\/index.php\/wp-json\/wp\/v2\/media?parent=35760"}],"wp:term":[{"taxonomy":"product_brand","embeddable":true,"href":"https:\/\/singuli.wpress.me\/index.php\/wp-json\/wp\/v2\/product_brand?post=35760"},{"taxonomy":"product_cat","embeddable":true,"href":"https:\/\/singuli.wpress.me\/index.php\/wp-json\/wp\/v2\/product_cat?post=35760"},{"taxonomy":"product_tag","embeddable":true,"href":"https:\/\/singuli.wpress.me\/index.php\/wp-json\/wp\/v2\/product_tag?post=35760"}],"curies":[{"name":"wp","href":"https:\/\/api.w.org\/{rel}","templated":true}]}}