{"id":35764,"date":"2026-04-18T01:49:42","date_gmt":"2026-04-18T01:49:42","guid":{"rendered":"https:\/\/singuli.wpress.me\/index.php\/proizvod\/herbal-essences-chamomile-smooth-shine-serum-150-ml\/"},"modified":"2026-04-20T12:33:16","modified_gmt":"2026-04-20T12:33:16","slug":"herbal-essences-chamomile-smooth-shine-serum-150-ml","status":"publish","type":"product","link":"https:\/\/singuli.wpress.me\/index.php\/proizvod\/herbal-essences-chamomile-smooth-shine-serum-150-ml\/","title":{"rendered":"HERBAL ESSENCES Chamomile Smooth &amp; Shine, serum, 150\u00a0ml"},"content":{"rendered":"<p>Zablistajte uz tajnu Majke prirode za sjaj kose. Odaberite lagani balzam koji se ne ispire Herbal Essences Chamomile Smooth &amp; Shine. Oboga\u0107en ekstraktom kamilice, ovaj balzam nagla\u0161ava prirodan sjaj i glatko\u0107u va\u0161e kose, a da je pritom ne ote\u017eava. Mo\u017eete ga koristiti i kao parfem za kosu da biste u\u017eivali u trajnom cvjetnom mirisu ljetne livade koji podi\u017ee raspolo\u017eenje. Na\u0161a formula sve-u-jednom prepuna je nutrijenata biljnog porijekla i ostavlja va\u0161u kosu mekom i sjajnom. Ujedno raspetljava, hrani, ukro\u0107uje neposlu\u0161ne vlasi, obnavlja,* \u0161titi od topline, dodaje sjaj kosi. Rezultat je glatka i podatna kosa. Oboga\u0107en esencijalnim nutrijentima, ovaj balzam revitalizira va\u0161u kosu i ostavlja je zdravijom i sjajnijom. Pomno odabiremo sastojke prirodnog porijekla da bismo donijeli ljepotu bilja u va\u0161u kupaonicu. Vratite prirodnu ljepotu svoje kose i probudite osjetila koriste\u0107i kompletnu rutinu njege iz na\u0161e kolekcije Chamomile Smooth &amp; Shine. *vra\u0107a glatko\u0107u<\/p>\n","protected":false},"excerpt":{"rendered":"<p>Poja\u010dava sjaj bez ote\u017eavanja: Nagla\u0161ava prirodan sjaj i glatko\u0107u kose bez masnog osje\u0107aja.<br \/>\nVi\u0161enamjenska njega: Djeluje kao balzam, parfem za kosu, raspetljava\u010d i za\u0161tita od topline.<br \/>\nBogata biljna formula: Sadr\u017ei biljne nutrijente koji hrane, obnavljaju i ukro\u0107uju neposlu\u0161ne vlasi.<\/p>\n","protected":false},"featured_media":35765,"template":"","meta":{"_seopress_robots_primary_cat":"","_seopress_titles_title":"","_seopress_titles_desc":"","_seopress_robots_index":"","iawp_total_views":0},"product_brand":[483],"product_cat":[268,300],"product_tag":[],"class_list":{"0":"post-35764","1":"product","2":"type-product","3":"status-publish","4":"has-post-thumbnail","6":"product_brand-herbal-essences","7":"product_cat-kozmetika-2","8":"product_cat-njega-kose-268","10":"first","11":"instock","12":"shipping-taxable","13":"purchasable","14":"product-type-simple"},"_links":{"self":[{"href":"https:\/\/singuli.wpress.me\/index.php\/wp-json\/wp\/v2\/product\/35764","targetHints":{"allow":["GET"]}}],"collection":[{"href":"https:\/\/singuli.wpress.me\/index.php\/wp-json\/wp\/v2\/product"}],"about":[{"href":"https:\/\/singuli.wpress.me\/index.php\/wp-json\/wp\/v2\/types\/product"}],"version-history":[{"count":0,"href":"https:\/\/singuli.wpress.me\/index.php\/wp-json\/wp\/v2\/product\/35764\/revisions"}],"wp:featuredmedia":[{"embeddable":true,"href":"https:\/\/singuli.wpress.me\/index.php\/wp-json\/wp\/v2\/media\/35765"}],"wp:attachment":[{"href":"https:\/\/singuli.wpress.me\/index.php\/wp-json\/wp\/v2\/media?parent=35764"}],"wp:term":[{"taxonomy":"product_brand","embeddable":true,"href":"https:\/\/singuli.wpress.me\/index.php\/wp-json\/wp\/v2\/product_brand?post=35764"},{"taxonomy":"product_cat","embeddable":true,"href":"https:\/\/singuli.wpress.me\/index.php\/wp-json\/wp\/v2\/product_cat?post=35764"},{"taxonomy":"product_tag","embeddable":true,"href":"https:\/\/singuli.wpress.me\/index.php\/wp-json\/wp\/v2\/product_tag?post=35764"}],"curies":[{"name":"wp","href":"https:\/\/api.w.org\/{rel}","templated":true}]}}