{"id":35776,"date":"2026-04-18T01:49:45","date_gmt":"2026-04-18T01:49:45","guid":{"rendered":"https:\/\/singuli.wpress.me\/index.php\/proizvod\/rimula-rimula-r6-lme-5w30-motorno-ulje-za-gospodarska-vozila-20-l\/"},"modified":"2026-04-21T00:26:44","modified_gmt":"2026-04-21T00:26:44","slug":"rimula-rimula-r6-lme-5w30-motorno-ulje-za-gospodarska-vozila-20-l","status":"publish","type":"product","link":"https:\/\/singuli.wpress.me\/index.php\/proizvod\/rimula-rimula-r6-lme-5w30-motorno-ulje-za-gospodarska-vozila-20-l\/","title":{"rendered":"RIMULA RIMULA R6 LME 5W30, motorno ulje za gospodarska vozila, 20\u00a0l"},"content":{"rendered":"<p>Unaprijedite performanse i smanjite tro\u0161kove odr\u017eavanja va\u0161ih dizelskih gospodarskih vozila uz na\u0161e vrhunsko sinteti\u010dko motorno ulje. Posebno formulirano za moderne dizelske motore, ovo ulje osigurava iznimnu za\u0161titu, optimiziranu potro\u0161nju goriva i zna\u010dajno smanjenje emisije \u0161tetnih plinova.<\/p>\n<p>Zahvaljuju\u0107i inovativnoj Low-SAPS (nizak sadr\u017eaj sulfatnog pepela, sumpora i fosfora) aditivnoj tehnologiji, na\u0161e ulje ne samo da produljuje vijek trajanja sustava za naknadnu obradu ispu\u0161nih plinova, ve\u0107 i doprinosi o\u010duvanju okoli\u0161a. Upotreba visokokvalitetnih sinteti\u010dkih baznih ulja dodatno poja\u010dava djelovanje aditiva, osiguravaju\u0107i beskompromisnu u\u0161tedu u potro\u0161nji goriva kroz nisku razinu viskoziteta.<\/p>\n<p>Ovo ulje je idealan izbor za cestovna gospodarska vozila i sve motore s niskom emisijom \u0161tetnih plinova, nude\u0107i pouzdanost i efikasnost u najzahtjevnijim uvjetima.<\/p>\n<p>Specifikacije: ACEA E6, E7, Cummins CES 20077, Deutz DQC IV-10 LA, Iveco TLS E6, Mack EO-N, MAN M 3477, M 3271-1, MB odobrenje 228.51, MTU Category 3.1, Renault RLD-2, Volvo VDS-3, Scania Low<\/p>\n","protected":false},"excerpt":{"rendered":"<p>Niska emisija \u0161tetnih plinova i ekolo\u0161ka prihvatljivost (Low-SAPS)<br \/>\nZna\u010dajna u\u0161teda goriva i smanjeni tro\u0161kovi odr\u017eavanja<br \/>\nVrhunska za\u0161tita motora zahvaljuju\u0107i sinteti\u010dkoj formulaciji<\/p>\n","protected":false},"featured_media":35777,"template":"","meta":{"_seopress_robots_primary_cat":"","_seopress_titles_title":"","_seopress_titles_desc":"","_seopress_robots_index":"","iawp_total_views":0},"product_brand":[469],"product_cat":[243,272],"product_tag":[],"class_list":{"0":"post-35776","1":"product","2":"type-product","3":"status-publish","4":"has-post-thumbnail","6":"product_brand-rimula","7":"product_cat-automobili-i-motori","8":"product_cat-motorna-ulja-243","10":"first","11":"instock","12":"shipping-taxable","13":"purchasable","14":"product-type-simple"},"_links":{"self":[{"href":"https:\/\/singuli.wpress.me\/index.php\/wp-json\/wp\/v2\/product\/35776","targetHints":{"allow":["GET"]}}],"collection":[{"href":"https:\/\/singuli.wpress.me\/index.php\/wp-json\/wp\/v2\/product"}],"about":[{"href":"https:\/\/singuli.wpress.me\/index.php\/wp-json\/wp\/v2\/types\/product"}],"version-history":[{"count":0,"href":"https:\/\/singuli.wpress.me\/index.php\/wp-json\/wp\/v2\/product\/35776\/revisions"}],"wp:featuredmedia":[{"embeddable":true,"href":"https:\/\/singuli.wpress.me\/index.php\/wp-json\/wp\/v2\/media\/35777"}],"wp:attachment":[{"href":"https:\/\/singuli.wpress.me\/index.php\/wp-json\/wp\/v2\/media?parent=35776"}],"wp:term":[{"taxonomy":"product_brand","embeddable":true,"href":"https:\/\/singuli.wpress.me\/index.php\/wp-json\/wp\/v2\/product_brand?post=35776"},{"taxonomy":"product_cat","embeddable":true,"href":"https:\/\/singuli.wpress.me\/index.php\/wp-json\/wp\/v2\/product_cat?post=35776"},{"taxonomy":"product_tag","embeddable":true,"href":"https:\/\/singuli.wpress.me\/index.php\/wp-json\/wp\/v2\/product_tag?post=35776"}],"curies":[{"name":"wp","href":"https:\/\/api.w.org\/{rel}","templated":true}]}}