{"id":35778,"date":"2026-04-18T01:49:45","date_gmt":"2026-04-18T01:49:45","guid":{"rendered":"https:\/\/singuli.wpress.me\/index.php\/proizvod\/glade-mikrosprej-punjenje-za-osvjezivac-zraka-sandalovina-i-jasmin-10-ml\/"},"modified":"2026-04-20T12:33:16","modified_gmt":"2026-04-20T12:33:16","slug":"glade-mikrosprej-punjenje-za-osvjezivac-zraka-sandalovina-i-jasmin-10-ml","status":"publish","type":"product","link":"https:\/\/singuli.wpress.me\/index.php\/proizvod\/glade-mikrosprej-punjenje-za-osvjezivac-zraka-sandalovina-i-jasmin-10-ml\/","title":{"rendered":"GLADE, mikrosprej punjenje za osvje\u017eiva\u010d zraka, sandalovina i jasmin, 10\u00a0ml"},"content":{"rendered":"<p>GGlade\u00ae touch &amp; fresh\u00ae osvje\u017eiva\u010d pru\u017ea koncentriranu svje\u017einu u diskretnom i elegantnom dizajnu. Jedan dodir dovoljan je za osvje\u017eavanje prostorije. Glade\u00ae touch &amp; fresh\u00aeosvje\u017eiva\u010d zraka je prenosiv, tako da ga mo\u017eete postaviti bilo gdje u Va\u0161emu domu za trenutnu svje\u017einu. Pogodan je za kori\u0161tenje na zidu, na svakoj ravnoj povr\u0161ini ili u ruci.\u00a0 <br \/>\nUhvatite esenciju luksuznog spa dana dok vas orijentalni mirisi bergamota i jasmina stopljeni s toplim mirisom jantara i sandalovine obavijaju udobno\u0161\u0107u.<\/p>\n<p><span style=\"font-weight: bold\">Upute za uporabu:\u00a0<\/span><br \/>\n1. Otvorite poklopac i umetnite punjenje u Glade\u00ae touch &amp; fresh\u00ae osvje\u017eiva\u010d, dok ne za\u010dujete &quot;klik&quot;. <br \/>\n2. Ne usmjeravajte osvje\u017eiva\u010d prema o\u010dima. Zaklopite poklopac i pritisnite po sredini baze kako bi ispustili miris.<\/p>\n","protected":false},"excerpt":{"rendered":"<p>Svje\u017eina samo jednim dodirom<br \/>\nDiskretan i elegantan dizajn<br \/>\nPrijenosni, pogodni za kori\u0161tenje na zidu ili bilo kojoj ravnoj povr\u0161ini<\/p>\n","protected":false},"featured_media":35779,"template":"","meta":{"_seopress_robots_primary_cat":"","_seopress_titles_title":"","_seopress_titles_desc":"","_seopress_robots_index":"","iawp_total_views":0},"product_brand":[405],"product_cat":[243,272],"product_tag":[],"class_list":{"0":"post-35778","1":"product","2":"type-product","3":"status-publish","4":"has-post-thumbnail","6":"product_brand-glade","7":"product_cat-automobili-i-motori","8":"product_cat-motorna-ulja-243","10":"first","11":"instock","12":"shipping-taxable","13":"purchasable","14":"product-type-simple"},"_links":{"self":[{"href":"https:\/\/singuli.wpress.me\/index.php\/wp-json\/wp\/v2\/product\/35778","targetHints":{"allow":["GET"]}}],"collection":[{"href":"https:\/\/singuli.wpress.me\/index.php\/wp-json\/wp\/v2\/product"}],"about":[{"href":"https:\/\/singuli.wpress.me\/index.php\/wp-json\/wp\/v2\/types\/product"}],"version-history":[{"count":0,"href":"https:\/\/singuli.wpress.me\/index.php\/wp-json\/wp\/v2\/product\/35778\/revisions"}],"wp:featuredmedia":[{"embeddable":true,"href":"https:\/\/singuli.wpress.me\/index.php\/wp-json\/wp\/v2\/media\/35779"}],"wp:attachment":[{"href":"https:\/\/singuli.wpress.me\/index.php\/wp-json\/wp\/v2\/media?parent=35778"}],"wp:term":[{"taxonomy":"product_brand","embeddable":true,"href":"https:\/\/singuli.wpress.me\/index.php\/wp-json\/wp\/v2\/product_brand?post=35778"},{"taxonomy":"product_cat","embeddable":true,"href":"https:\/\/singuli.wpress.me\/index.php\/wp-json\/wp\/v2\/product_cat?post=35778"},{"taxonomy":"product_tag","embeddable":true,"href":"https:\/\/singuli.wpress.me\/index.php\/wp-json\/wp\/v2\/product_tag?post=35778"}],"curies":[{"name":"wp","href":"https:\/\/api.w.org\/{rel}","templated":true}]}}