{"id":35795,"date":"2026-04-18T01:49:49","date_gmt":"2026-04-18T01:49:49","guid":{"rendered":"https:\/\/singuli.wpress.me\/index.php\/proizvod\/mega-bloks-pokemon-dragonite-s-pokretima-figura\/"},"modified":"2026-04-20T12:33:16","modified_gmt":"2026-04-20T12:33:16","slug":"mega-bloks-pokemon-dragonite-s-pokretima-figura","status":"publish","type":"product","link":"https:\/\/singuli.wpress.me\/index.php\/proizvod\/mega-bloks-pokemon-dragonite-s-pokretima-figura\/","title":{"rendered":"MEGA BLOKS Pokemon Dragonite s pokretima, figura"},"content":{"rendered":"<p>\n    Pok\u00e9mon figura Dragonite s Motion Brick kockom (387 dijelova)<\/p>\n<p>\n    Pogledajte kako Dragonite uzlije\u0107e uz ovaj set za slaganje koji uklju\u010duje inovativnu Motion Brick kocku!<\/p>\n<p>\n    Slijedite upute korak po korak kako biste slo\u017eili Pok\u00e9mona. Nakon \u0161to je Dragonite sastavljen od 387 dijelova, jednostavno okrenite ru\u010dicu i pokrenite krila pokretnog Dragonitea, simuliraju\u0107i let.<\/p>\n<p>\n    Ovaj set omogu\u0107uje vam izgradnju omiljenog Pok\u00e9mona s ugra\u0111enim, autenti\u010dnim pokretom.<\/p>\n","protected":false},"excerpt":{"rendered":"<p>Uklju\u010duje inovativnu Motion Brick kocku za ugra\u0111eni pokret<br \/>\nOmogu\u0107uje pokretanje krila Dragonitea okretanjem ru\u010dice<br \/>\nSet za slaganje od 387 dijelova<\/p>\n","protected":false},"featured_media":35796,"template":"","meta":{"_seopress_robots_primary_cat":"","_seopress_titles_title":"","_seopress_titles_desc":"","_seopress_robots_index":"","iawp_total_views":0},"product_brand":[777],"product_cat":[221,291],"product_tag":[],"class_list":{"0":"post-35795","1":"product","2":"type-product","3":"status-publish","4":"has-post-thumbnail","6":"product_brand-mega-bloks","7":"product_cat-igracke","8":"product_cat-igracke-za-djecu-221","10":"first","11":"instock","12":"shipping-taxable","13":"purchasable","14":"product-type-simple"},"_links":{"self":[{"href":"https:\/\/singuli.wpress.me\/index.php\/wp-json\/wp\/v2\/product\/35795","targetHints":{"allow":["GET"]}}],"collection":[{"href":"https:\/\/singuli.wpress.me\/index.php\/wp-json\/wp\/v2\/product"}],"about":[{"href":"https:\/\/singuli.wpress.me\/index.php\/wp-json\/wp\/v2\/types\/product"}],"version-history":[{"count":0,"href":"https:\/\/singuli.wpress.me\/index.php\/wp-json\/wp\/v2\/product\/35795\/revisions"}],"wp:featuredmedia":[{"embeddable":true,"href":"https:\/\/singuli.wpress.me\/index.php\/wp-json\/wp\/v2\/media\/35796"}],"wp:attachment":[{"href":"https:\/\/singuli.wpress.me\/index.php\/wp-json\/wp\/v2\/media?parent=35795"}],"wp:term":[{"taxonomy":"product_brand","embeddable":true,"href":"https:\/\/singuli.wpress.me\/index.php\/wp-json\/wp\/v2\/product_brand?post=35795"},{"taxonomy":"product_cat","embeddable":true,"href":"https:\/\/singuli.wpress.me\/index.php\/wp-json\/wp\/v2\/product_cat?post=35795"},{"taxonomy":"product_tag","embeddable":true,"href":"https:\/\/singuli.wpress.me\/index.php\/wp-json\/wp\/v2\/product_tag?post=35795"}],"curies":[{"name":"wp","href":"https:\/\/api.w.org\/{rel}","templated":true}]}}