{"id":35804,"date":"2026-04-18T01:49:54","date_gmt":"2026-04-18T01:49:54","guid":{"rendered":"https:\/\/singuli.wpress.me\/index.php\/proizvod\/mega-bloks-pokemon-power-pack-figura\/"},"modified":"2026-04-20T12:33:16","modified_gmt":"2026-04-20T12:33:16","slug":"mega-bloks-pokemon-power-pack-figura","status":"publish","type":"product","link":"https:\/\/singuli.wpress.me\/index.php\/proizvod\/mega-bloks-pokemon-power-pack-figura\/","title":{"rendered":"MEGA BLOKS Pokemon power pack, figura"},"content":{"rendered":"<p>\n    Pok\u00e9mon figura za slaganje s akcijom i borbenim efektom<\/p>\n<p>\n    Izgradite svoje omiljene Pok\u00e9mone i o\u017eivite borbu! Ove figure se sla\u017eu i pomi\u010du se na vi\u0161e to\u010daka, omogu\u0107uju\u0107i vam postavljanje Pok\u00e9mona u razne borbene poze.<\/p>\n<p>\n    Svaka figura uklju\u010duje efekt borbe koji se sastavlja, s ru\u010dno aktiviranom akcijskom funkcijom za dinami\u010dnu igru.<\/p>\n<p>\n    Dostupna su 4 lika (Luxio, Galarian, Sylveon i Beedrill) \u2014 svaki se prodaje zasebno. Kocke su kompatibilne sa svim Mega Construx setovima i odgovaraju i drugim markama kockica.<\/p>\n<p>\n    Idealno za djecu od 6 godina nadalje.<\/p>\n","protected":false},"excerpt":{"rendered":"<p>Pokretna figura: Sla\u017ee se i pomi\u010de se na vi\u0161e to\u010daka<br \/>\nInteraktivna funkcija: Uklju\u010duje efekt borbe s ru\u010dno aktiviranom akcijskom funkcijom<br \/>\nKompatibilnost: Kocke su kompatibilne s Mega Construx i drugim markama kockica<\/p>\n","protected":false},"featured_media":35805,"template":"","meta":{"_seopress_robots_primary_cat":"","_seopress_titles_title":"","_seopress_titles_desc":"","_seopress_robots_index":"","iawp_total_views":0},"product_brand":[777],"product_cat":[221,291],"product_tag":[],"class_list":{"0":"post-35804","1":"product","2":"type-product","3":"status-publish","4":"has-post-thumbnail","6":"product_brand-mega-bloks","7":"product_cat-igracke","8":"product_cat-igracke-za-djecu-221","10":"first","11":"outofstock","12":"shipping-taxable","13":"purchasable","14":"product-type-simple"},"_links":{"self":[{"href":"https:\/\/singuli.wpress.me\/index.php\/wp-json\/wp\/v2\/product\/35804","targetHints":{"allow":["GET"]}}],"collection":[{"href":"https:\/\/singuli.wpress.me\/index.php\/wp-json\/wp\/v2\/product"}],"about":[{"href":"https:\/\/singuli.wpress.me\/index.php\/wp-json\/wp\/v2\/types\/product"}],"version-history":[{"count":0,"href":"https:\/\/singuli.wpress.me\/index.php\/wp-json\/wp\/v2\/product\/35804\/revisions"}],"wp:featuredmedia":[{"embeddable":true,"href":"https:\/\/singuli.wpress.me\/index.php\/wp-json\/wp\/v2\/media\/35805"}],"wp:attachment":[{"href":"https:\/\/singuli.wpress.me\/index.php\/wp-json\/wp\/v2\/media?parent=35804"}],"wp:term":[{"taxonomy":"product_brand","embeddable":true,"href":"https:\/\/singuli.wpress.me\/index.php\/wp-json\/wp\/v2\/product_brand?post=35804"},{"taxonomy":"product_cat","embeddable":true,"href":"https:\/\/singuli.wpress.me\/index.php\/wp-json\/wp\/v2\/product_cat?post=35804"},{"taxonomy":"product_tag","embeddable":true,"href":"https:\/\/singuli.wpress.me\/index.php\/wp-json\/wp\/v2\/product_tag?post=35804"}],"curies":[{"name":"wp","href":"https:\/\/api.w.org\/{rel}","templated":true}]}}