{"id":35818,"date":"2026-04-18T01:50:00","date_gmt":"2026-04-18T01:50:00","guid":{"rendered":"https:\/\/singuli.wpress.me\/index.php\/proizvod\/fisher-price-krokodil-za-slaganje-edukativna-igra\/"},"modified":"2026-04-21T00:26:45","modified_gmt":"2026-04-21T00:26:45","slug":"fisher-price-krokodil-za-slaganje-edukativna-igra","status":"publish","type":"product","link":"https:\/\/singuli.wpress.me\/index.php\/proizvod\/fisher-price-krokodil-za-slaganje-edukativna-igra\/","title":{"rendered":"FISHER PRICE krokodil za slaganje, edukativna igra"},"content":{"rendered":"<p>\n    Fisher-Price\u00ae Krokodil za slaganje \u2013 Igra\u010dka za u\u010denje brojeva i matematike<\/p>\n<p>\n    Pred\u0161kolci se mogu osloniti na zabavu s igra\u010dkom za u\u010denje &quot;Krokodil za slaganje&quot; od Fisher-Pricea!<\/p>\n<p>\n    Ova je igra\u010dka dizajnirana za uvo\u0111enje brojeva i osnovnih matemati\u010dkih pojmova pomo\u0107u blokova i igre sa slaganjima. Djeca mogu istra\u017eivati zbrajanje i oduzimanje slaganjem ozna\u010denih blokova kako bi &quot;nahranili&quot; krokodila.<\/p>\n<p>\n    Kada pomaknu glavu krokodila prema dolje, ona stane na gornji blok i otkriva se ispravan zbroj brojeva! Djeca mogu isprobati dodavanje razli\u010ditih kombinacija ili ukloniti blokove kako bi vidjeli kako funkcionira oduzimanje.<\/p>\n<p>\n    Blokovi se sla\u017eu na podlogu za jednostavno pohranjivanje. (Napomena: Boje i dekoracije mogu se razlikovati.)<\/p>\n","protected":false},"excerpt":{"rendered":"<p>Edukativna funkcija: Uvodi brojeve, zbrajanje i oduzimanje kroz igru<br \/>\nInteraktivna igra: Glava krokodila otkriva ispravan zbroj<br \/>\nPrakti\u010dno skladi\u0161tenje: Blokovi se sla\u017eu na podlogu za jednostavno pohranjivanje<\/p>\n","protected":false},"featured_media":35819,"template":"","meta":{"_seopress_robots_primary_cat":"","_seopress_titles_title":"","_seopress_titles_desc":"","_seopress_robots_index":"","iawp_total_views":0},"product_brand":[458],"product_cat":[221,291],"product_tag":[],"class_list":{"0":"post-35818","1":"product","2":"type-product","3":"status-publish","4":"has-post-thumbnail","6":"product_brand-fisher-price","7":"product_cat-igracke","8":"product_cat-igracke-za-djecu-221","10":"first","11":"instock","12":"shipping-taxable","13":"purchasable","14":"product-type-simple"},"_links":{"self":[{"href":"https:\/\/singuli.wpress.me\/index.php\/wp-json\/wp\/v2\/product\/35818","targetHints":{"allow":["GET"]}}],"collection":[{"href":"https:\/\/singuli.wpress.me\/index.php\/wp-json\/wp\/v2\/product"}],"about":[{"href":"https:\/\/singuli.wpress.me\/index.php\/wp-json\/wp\/v2\/types\/product"}],"version-history":[{"count":0,"href":"https:\/\/singuli.wpress.me\/index.php\/wp-json\/wp\/v2\/product\/35818\/revisions"}],"wp:featuredmedia":[{"embeddable":true,"href":"https:\/\/singuli.wpress.me\/index.php\/wp-json\/wp\/v2\/media\/35819"}],"wp:attachment":[{"href":"https:\/\/singuli.wpress.me\/index.php\/wp-json\/wp\/v2\/media?parent=35818"}],"wp:term":[{"taxonomy":"product_brand","embeddable":true,"href":"https:\/\/singuli.wpress.me\/index.php\/wp-json\/wp\/v2\/product_brand?post=35818"},{"taxonomy":"product_cat","embeddable":true,"href":"https:\/\/singuli.wpress.me\/index.php\/wp-json\/wp\/v2\/product_cat?post=35818"},{"taxonomy":"product_tag","embeddable":true,"href":"https:\/\/singuli.wpress.me\/index.php\/wp-json\/wp\/v2\/product_tag?post=35818"}],"curies":[{"name":"wp","href":"https:\/\/api.w.org\/{rel}","templated":true}]}}