{"id":35847,"date":"2026-04-18T01:50:05","date_gmt":"2026-04-18T01:50:05","guid":{"rendered":"https:\/\/singuli.wpress.me\/index.php\/proizvod\/pantene-sunkiss-lak-za-kosu-200-ml\/"},"modified":"2026-04-20T12:33:16","modified_gmt":"2026-04-20T12:33:16","slug":"pantene-sunkiss-lak-za-kosu-200-ml","status":"publish","type":"product","link":"https:\/\/singuli.wpress.me\/index.php\/proizvod\/pantene-sunkiss-lak-za-kosu-200-ml\/","title":{"rendered":"PANTENE Sunkiss, lak za kosu, 200\u00a0ml"},"content":{"rendered":"<p>Pantene Sun Kissed Glow, tretman koji se ne ispire: ovog ljeta u\u017eivajte u \u017eivahnoj, sna\u017enoj i zdravoj kosi! Oboga\u0107ena pro-vitaminom B5 i vitaminom E, ova lagana, nemasna formula dubinski njeguje i obnavlja kosu, \u010duva njezinu svje\u017einu i spre\u010dava pojavu neposlu\u0161nih vlasi te je \u0161titi od UVA i UVB zraka, soli i klora. U\u017eivajte u sjajnijoj kosi i prekrasnom osvje\u017eavaju\u0107em mirisu. Jednostavno nanesite na vla\u017enu ili suhu kosu, posebice od sredine do vrhova. Ne trebate ispirati.<\/p>\n","protected":false},"excerpt":{"rendered":"<p>Na\u0161 sprej za ra\u0161\u010de\u0161ljavanje s kompleksom UV filtera \u0161titi od \u0161tetnih zraka te spre\u010dava blije\u0111enje i o\u0161te\u0107enje boje<br \/>\nNa\u0161 sprej koji se ne ispire zagla\u0111uje kutikule vlasi kose i pobolj\u0161ava prirodni sjaj za zagla\u0111enu, blistavu i sna\u017enu kosu<br \/>\nU\u017eivajte u hidrataciji koja ne masti kosu, ve\u0107 odr\u017eava njezinu svje\u017einu, glatko\u0107u i elasti\u010dnost; idealno za vla\u017ene i sun\u010dane ljetne dane<\/p>\n","protected":false},"featured_media":35848,"template":"","meta":{"_seopress_robots_primary_cat":"","_seopress_titles_title":"","_seopress_titles_desc":"","_seopress_robots_index":"","iawp_total_views":0},"product_brand":[411],"product_cat":[268,300],"product_tag":[],"class_list":{"0":"post-35847","1":"product","2":"type-product","3":"status-publish","4":"has-post-thumbnail","6":"product_brand-pantene","7":"product_cat-kozmetika-2","8":"product_cat-njega-kose-268","10":"first","11":"outofstock","12":"shipping-taxable","13":"purchasable","14":"product-type-simple"},"_links":{"self":[{"href":"https:\/\/singuli.wpress.me\/index.php\/wp-json\/wp\/v2\/product\/35847","targetHints":{"allow":["GET"]}}],"collection":[{"href":"https:\/\/singuli.wpress.me\/index.php\/wp-json\/wp\/v2\/product"}],"about":[{"href":"https:\/\/singuli.wpress.me\/index.php\/wp-json\/wp\/v2\/types\/product"}],"version-history":[{"count":0,"href":"https:\/\/singuli.wpress.me\/index.php\/wp-json\/wp\/v2\/product\/35847\/revisions"}],"wp:featuredmedia":[{"embeddable":true,"href":"https:\/\/singuli.wpress.me\/index.php\/wp-json\/wp\/v2\/media\/35848"}],"wp:attachment":[{"href":"https:\/\/singuli.wpress.me\/index.php\/wp-json\/wp\/v2\/media?parent=35847"}],"wp:term":[{"taxonomy":"product_brand","embeddable":true,"href":"https:\/\/singuli.wpress.me\/index.php\/wp-json\/wp\/v2\/product_brand?post=35847"},{"taxonomy":"product_cat","embeddable":true,"href":"https:\/\/singuli.wpress.me\/index.php\/wp-json\/wp\/v2\/product_cat?post=35847"},{"taxonomy":"product_tag","embeddable":true,"href":"https:\/\/singuli.wpress.me\/index.php\/wp-json\/wp\/v2\/product_tag?post=35847"}],"curies":[{"name":"wp","href":"https:\/\/api.w.org\/{rel}","templated":true}]}}