{"id":35858,"date":"2026-04-18T01:50:06","date_gmt":"2026-04-18T01:50:06","guid":{"rendered":"https:\/\/singuli.wpress.me\/index.php\/proizvod\/wc-net-carbone-instant-white-tekucina-za-wc-750-ml\/"},"modified":"2026-04-20T12:33:16","modified_gmt":"2026-04-20T12:33:16","slug":"wc-net-carbone-instant-white-tekucina-za-wc-750-ml","status":"publish","type":"product","link":"https:\/\/singuli.wpress.me\/index.php\/proizvod\/wc-net-carbone-instant-white-tekucina-za-wc-750-ml\/","title":{"rendered":"WC NET Carbone Instant White, teku\u0107ina za WC, 750\u00a0ml"},"content":{"rendered":"<p>WC NET CARBON ACTIVE Instant White: Blistava bjelina u trenu!<\/p>\n<p>WC NET CARBON ACTIVE Instant White donosi trenutni u\u010dinak izbjeljivanja i blistavu bjelinu va\u0161e WC \u0161koljke. Njegova visoko u\u010dinkovita formula, razvijena bez izbjeljiva\u010da, ostavlja povr\u0161inu \u010distom i sjajnom. Redovitom upotrebom, ovo sna\u017eno sredstvo ne samo da uklanja mrlje, ve\u0107 i sprje\u010dava nastanak kamenca, osiguravaju\u0107i dugotrajnu \u010disto\u0107u.<\/p>\n<p>Zahvaljuju\u0107i inovativnom, zakrivljenom vratu boce, WC NET Instant White lako dopire do te\u0161ko dostupnih mjesta, uklanjaju\u0107i prljav\u0161tinu \u010dak i ispod ruba WC \u0161koljke. Formula prianja uz stijenke, osiguravaju\u0107i dubinsko \u010di\u0161\u0107enje i besprijekoran rezultat.<\/p>\n","protected":false},"excerpt":{"rendered":"<p>Trenutni u\u010dinak izbjeljivanja: Pru\u017ea blistavu bjelinu WC \u0161koljke u trenu<br \/>\nDubinsko \u010di\u0161\u0107enje i za\u0161tita: Uklanja prljav\u0161tinu, mrlje i sprje\u010dava nastanak kamenca<br \/>\nPrilago\u0111eno nano\u0161enje: Zakrivljeni vrat boce omogu\u0107uje precizno nano\u0161enje i \u010disti \u010dak i ispod ruba \u0161koljke<\/p>\n","protected":false},"featured_media":35859,"template":"","meta":{"_seopress_robots_primary_cat":"","_seopress_titles_title":"","_seopress_titles_desc":"","_seopress_robots_index":"","iawp_total_views":0},"product_brand":[778],"product_cat":[284,238],"product_tag":[],"class_list":{"0":"post-35858","1":"product","2":"type-product","3":"status-publish","4":"has-post-thumbnail","6":"product_brand-wc-net","7":"product_cat-sredstva-za-ciscenje-238","8":"product_cat-sve-za-dom","10":"first","11":"instock","12":"shipping-taxable","13":"purchasable","14":"product-type-simple"},"_links":{"self":[{"href":"https:\/\/singuli.wpress.me\/index.php\/wp-json\/wp\/v2\/product\/35858","targetHints":{"allow":["GET"]}}],"collection":[{"href":"https:\/\/singuli.wpress.me\/index.php\/wp-json\/wp\/v2\/product"}],"about":[{"href":"https:\/\/singuli.wpress.me\/index.php\/wp-json\/wp\/v2\/types\/product"}],"version-history":[{"count":0,"href":"https:\/\/singuli.wpress.me\/index.php\/wp-json\/wp\/v2\/product\/35858\/revisions"}],"wp:featuredmedia":[{"embeddable":true,"href":"https:\/\/singuli.wpress.me\/index.php\/wp-json\/wp\/v2\/media\/35859"}],"wp:attachment":[{"href":"https:\/\/singuli.wpress.me\/index.php\/wp-json\/wp\/v2\/media?parent=35858"}],"wp:term":[{"taxonomy":"product_brand","embeddable":true,"href":"https:\/\/singuli.wpress.me\/index.php\/wp-json\/wp\/v2\/product_brand?post=35858"},{"taxonomy":"product_cat","embeddable":true,"href":"https:\/\/singuli.wpress.me\/index.php\/wp-json\/wp\/v2\/product_cat?post=35858"},{"taxonomy":"product_tag","embeddable":true,"href":"https:\/\/singuli.wpress.me\/index.php\/wp-json\/wp\/v2\/product_tag?post=35858"}],"curies":[{"name":"wp","href":"https:\/\/api.w.org\/{rel}","templated":true}]}}