{"id":35861,"date":"2026-04-18T01:50:06","date_gmt":"2026-04-18T01:50:06","guid":{"rendered":"https:\/\/singuli.wpress.me\/index.php\/proizvod\/wc-net-carbone-anti-odor-tekucina-za-wc-750-ml\/"},"modified":"2026-04-20T12:33:16","modified_gmt":"2026-04-20T12:33:16","slug":"wc-net-carbone-anti-odor-tekucina-za-wc-750-ml","status":"publish","type":"product","link":"https:\/\/singuli.wpress.me\/index.php\/proizvod\/wc-net-carbone-anti-odor-tekucina-za-wc-750-ml\/","title":{"rendered":"WC NET Carbone Anti Odor, teku\u0107ina za WC, 750\u00a0ml"},"content":{"rendered":"<p>WC NET CARBON ACTIVE Anti-Odor: Za potpunu higijenu i svje\u017einu<\/p>\n<p>WC NET CARBON ACTIVE Anti-Odor je sredstvo za \u010di\u0161\u0107enje koje u\u010dinkovito djeluje protiv neugodnih mirisa i osigurava potpunu higijenu WC \u0161koljke. Njegova visoko u\u010dinkovita formula oboga\u0107ena je aktivnim ugljenom i posebnom tehnologijom protiv neugodnih mirisa. Kori\u0161tenjem ovog proizvoda, uklanjate neugodne mirise i osiguravate dugotrajan osje\u0107aj svje\u017eine u cijeloj kupaonici.<\/p>\n<p>Ovaj proizvod dubinski \u010disti, izbjeljuje i uklanja mrlje, a zahvaljuju\u0107i zakrivljenom vratu boce, lako dopire i do te\u0161ko dostupnih mjesta, uklanjaju\u0107i prljav\u0161tinu \u010dak i ispod ruba WC \u0161koljke. Formula prianja uz stijenke \u0161koljke, osiguravaju\u0107i temeljito \u010di\u0161\u0107enje.<\/p>\n","protected":false},"excerpt":{"rendered":"<p>Uklanja neugodne mirise: Djeluje protiv neugodnih mirisa i ostavlja dugotrajan osje\u0107aj svje\u017eine<br \/>\nFormula s aktivnim ugljenom: Oboga\u0107en aktivnim ugljenom i tehnologijom protiv neugodnih mirisa za maksimalnu u\u010dinkovitost<br \/>\nDopire i ispod ruba: Zakrivljeni vrat boce omogu\u0107uje \u010di\u0161\u0107enje i na te\u0161ko dostupnim mjestima<\/p>\n","protected":false},"featured_media":35862,"template":"","meta":{"_seopress_robots_primary_cat":"","_seopress_titles_title":"","_seopress_titles_desc":"","_seopress_robots_index":"","iawp_total_views":0},"product_brand":[778],"product_cat":[284,238],"product_tag":[],"class_list":{"0":"post-35861","1":"product","2":"type-product","3":"status-publish","4":"has-post-thumbnail","6":"product_brand-wc-net","7":"product_cat-sredstva-za-ciscenje-238","8":"product_cat-sve-za-dom","10":"first","11":"instock","12":"shipping-taxable","13":"purchasable","14":"product-type-simple"},"_links":{"self":[{"href":"https:\/\/singuli.wpress.me\/index.php\/wp-json\/wp\/v2\/product\/35861","targetHints":{"allow":["GET"]}}],"collection":[{"href":"https:\/\/singuli.wpress.me\/index.php\/wp-json\/wp\/v2\/product"}],"about":[{"href":"https:\/\/singuli.wpress.me\/index.php\/wp-json\/wp\/v2\/types\/product"}],"version-history":[{"count":0,"href":"https:\/\/singuli.wpress.me\/index.php\/wp-json\/wp\/v2\/product\/35861\/revisions"}],"wp:featuredmedia":[{"embeddable":true,"href":"https:\/\/singuli.wpress.me\/index.php\/wp-json\/wp\/v2\/media\/35862"}],"wp:attachment":[{"href":"https:\/\/singuli.wpress.me\/index.php\/wp-json\/wp\/v2\/media?parent=35861"}],"wp:term":[{"taxonomy":"product_brand","embeddable":true,"href":"https:\/\/singuli.wpress.me\/index.php\/wp-json\/wp\/v2\/product_brand?post=35861"},{"taxonomy":"product_cat","embeddable":true,"href":"https:\/\/singuli.wpress.me\/index.php\/wp-json\/wp\/v2\/product_cat?post=35861"},{"taxonomy":"product_tag","embeddable":true,"href":"https:\/\/singuli.wpress.me\/index.php\/wp-json\/wp\/v2\/product_tag?post=35861"}],"curies":[{"name":"wp","href":"https:\/\/api.w.org\/{rel}","templated":true}]}}