{"id":35874,"date":"2026-04-18T01:50:10","date_gmt":"2026-04-18T01:50:10","guid":{"rendered":"https:\/\/singuli.wpress.me\/index.php\/proizvod\/make-it-real-igracka-zabavni-vrtuljak-narukvica\/"},"modified":"2026-04-21T00:26:45","modified_gmt":"2026-04-21T00:26:45","slug":"make-it-real-igracka-zabavni-vrtuljak-narukvica","status":"publish","type":"product","link":"https:\/\/singuli.wpress.me\/index.php\/proizvod\/make-it-real-igracka-zabavni-vrtuljak-narukvica\/","title":{"rendered":"MAKE IT REAL, igra\u010dka, Zabavni vrtuljak narukvica"},"content":{"rendered":"<p>Zakora\u010dite u svijet boja, sjaja i kreativnosti s ovim nevjerojatnim DIY setom za izradu narukvica!<br \/>\nNapravite pet unikatnih narukvica ukra\u0161enih elegantnim privjescima koji \u0107e vas podsjetiti na najljep\u0161e trenutke provedenih u lunaparku.<br \/>\nOvaj set donosi ne\u0161to posebno \u2013 \u010detiri mirisna sjajila za usne u obliku privjesaka, koja ne samo da krase narukvice, ve\u0107 i dodaju da\u0161ak boje i slatkog mirisa jagode svakom makeup looku.<br \/>\nPakiranje s motivom panoramskog kota\u010da \u010dak se i okre\u0107e, \u010dine\u0107i ovaj set jednako zabavnim za igru kao i za kreativno izra\u0111ivanje. <br \/>\nOvaj set je savr\u0161en za sve koji vole modu, kreativnost i personalizirani stil. <br \/>\nSet sadr\u017ei:<br \/>\n\u2022\t2 lan\u010di\u0107a za narukvice<br \/>\n\u2022\t1 prozirnu elasti\u010dnu vrpcu (0,9 m)<br \/>\n\u2022\t90 raznobojnih perlica<br \/>\n\u2022\t6 metalnih privjesaka<br \/>\n\u2022\t4 sjajila za usne s mirisom jagode (privjesci)<br \/>\n\u2022\t1 upute za izradu<br \/>\nSvi kozmeti\u010dki proizvodi su testirani i sigurni za upotrebu. Dob: 8+<\/p>\n","protected":false},"excerpt":{"rendered":"<p>Izradite pet jedinstvenih narukvica s raznobojnim perlicama i privjescima, savr\u0161enih za izra\u017eavanje vlastitog stila<br \/>\nUklju\u010duje \u010detiri mirisna sjajila za usne u obliku privjesaka koja krase narukvice i dodaju boju svakom makeup looku<br \/>\nSet je siguran za upotrebu (kozmetika testirana, dob 8+) i dolazi u pakiranju s motivom panoramskog kota\u010da koje se okre\u0107e, pru\u017eaju\u0107i dodatnu zabavu<\/p>\n","protected":false},"featured_media":35875,"template":"","meta":{"_seopress_robots_primary_cat":"","_seopress_titles_title":"","_seopress_titles_desc":"","_seopress_robots_index":"","iawp_total_views":0},"product_brand":[441],"product_cat":[221,291],"product_tag":[],"class_list":{"0":"post-35874","1":"product","2":"type-product","3":"status-publish","4":"has-post-thumbnail","6":"product_brand-make-it-real","7":"product_cat-igracke","8":"product_cat-igracke-za-djecu-221","10":"first","11":"instock","12":"shipping-taxable","13":"purchasable","14":"product-type-simple"},"_links":{"self":[{"href":"https:\/\/singuli.wpress.me\/index.php\/wp-json\/wp\/v2\/product\/35874","targetHints":{"allow":["GET"]}}],"collection":[{"href":"https:\/\/singuli.wpress.me\/index.php\/wp-json\/wp\/v2\/product"}],"about":[{"href":"https:\/\/singuli.wpress.me\/index.php\/wp-json\/wp\/v2\/types\/product"}],"version-history":[{"count":0,"href":"https:\/\/singuli.wpress.me\/index.php\/wp-json\/wp\/v2\/product\/35874\/revisions"}],"wp:featuredmedia":[{"embeddable":true,"href":"https:\/\/singuli.wpress.me\/index.php\/wp-json\/wp\/v2\/media\/35875"}],"wp:attachment":[{"href":"https:\/\/singuli.wpress.me\/index.php\/wp-json\/wp\/v2\/media?parent=35874"}],"wp:term":[{"taxonomy":"product_brand","embeddable":true,"href":"https:\/\/singuli.wpress.me\/index.php\/wp-json\/wp\/v2\/product_brand?post=35874"},{"taxonomy":"product_cat","embeddable":true,"href":"https:\/\/singuli.wpress.me\/index.php\/wp-json\/wp\/v2\/product_cat?post=35874"},{"taxonomy":"product_tag","embeddable":true,"href":"https:\/\/singuli.wpress.me\/index.php\/wp-json\/wp\/v2\/product_tag?post=35874"}],"curies":[{"name":"wp","href":"https:\/\/api.w.org\/{rel}","templated":true}]}}