{"id":35880,"date":"2026-04-18T01:50:13","date_gmt":"2026-04-18T01:50:13","guid":{"rendered":"https:\/\/singuli.wpress.me\/index.php\/proizvod\/make-it-real-igracka-set-za-narukvice\/"},"modified":"2026-04-21T00:26:45","modified_gmt":"2026-04-21T00:26:45","slug":"make-it-real-igracka-set-za-narukvice","status":"publish","type":"product","link":"https:\/\/singuli.wpress.me\/index.php\/proizvod\/make-it-real-igracka-set-za-narukvice\/","title":{"rendered":"MAKE IT REAL, igra\u010dka, Set za narukvice"},"content":{"rendered":"<p>Pretvori perlice u \u0161arene dragulje s ovom kreativnom setom za narukvice!<br \/>\nSamo stavi perlice u zabavnu perilicu za rublje, dodaj pjenu\u0161avi prah i poja\u010diva\u010d mjehuri\u0107a, okreni i promatraj kako nastaju stilizirane perlice. Nakon \u0161to se osu\u0161e, jednostavno ih nanizaj i stvori 5 nevjerojatnih narukvica koje \u0107e odu\u0161eviti svakog ljubitelja stila!<br \/>\nUz mini ko\u0161aru za rublje koja dr\u017ei perlice dok se su\u0161e, ovaj set ti donosi zabavu i kreativnost u jednom. <br \/>\nSadr\u017eaj: 1 perilica rublja, 1 ko\u0161ara za rublje, 124 raznobojnih perlica, 5 privjesaka, 1 prozirna elasti\u010dna traka 2 m, 5 vre\u0107ica \u0161ume\u0107eg praha, 1 vre\u0107ica s poja\u010diva\u010dem pjene, 1 \u017elica, 1 list naljepnica, upute.<br \/>\nZabavi se, stvaraj i poka\u017ei svoj stil! Dob: 8+<\/p>\n","protected":false},"excerpt":{"rendered":"<p>Pretvorite obi\u010dne perlice u stilizirane &#8220;dragulje&#8221; uz pomo\u0107 zabavne perilice rublja, pjenu\u0161avog praha i mjehuri\u0107a<br \/>\nSastavi vlastite modne dodatke od 124 raznobojne perlice i 5 privjesaka, savr\u0161ene za izra\u017eavanje stila<br \/>\nUklju\u010duje sve potrebno \u2013 od perilice i perlica do pjenu\u0161avih dodataka i uputa \u2013 za sate ma\u0161tovitog stvaranja (dob 8+)<\/p>\n","protected":false},"featured_media":35881,"template":"","meta":{"_seopress_robots_primary_cat":"","_seopress_titles_title":"","_seopress_titles_desc":"","_seopress_robots_index":"","iawp_total_views":0},"product_brand":[441],"product_cat":[221,291],"product_tag":[],"class_list":{"0":"post-35880","1":"product","2":"type-product","3":"status-publish","4":"has-post-thumbnail","6":"product_brand-make-it-real","7":"product_cat-igracke","8":"product_cat-igracke-za-djecu-221","10":"first","11":"instock","12":"shipping-taxable","13":"purchasable","14":"product-type-simple"},"_links":{"self":[{"href":"https:\/\/singuli.wpress.me\/index.php\/wp-json\/wp\/v2\/product\/35880","targetHints":{"allow":["GET"]}}],"collection":[{"href":"https:\/\/singuli.wpress.me\/index.php\/wp-json\/wp\/v2\/product"}],"about":[{"href":"https:\/\/singuli.wpress.me\/index.php\/wp-json\/wp\/v2\/types\/product"}],"version-history":[{"count":0,"href":"https:\/\/singuli.wpress.me\/index.php\/wp-json\/wp\/v2\/product\/35880\/revisions"}],"wp:featuredmedia":[{"embeddable":true,"href":"https:\/\/singuli.wpress.me\/index.php\/wp-json\/wp\/v2\/media\/35881"}],"wp:attachment":[{"href":"https:\/\/singuli.wpress.me\/index.php\/wp-json\/wp\/v2\/media?parent=35880"}],"wp:term":[{"taxonomy":"product_brand","embeddable":true,"href":"https:\/\/singuli.wpress.me\/index.php\/wp-json\/wp\/v2\/product_brand?post=35880"},{"taxonomy":"product_cat","embeddable":true,"href":"https:\/\/singuli.wpress.me\/index.php\/wp-json\/wp\/v2\/product_cat?post=35880"},{"taxonomy":"product_tag","embeddable":true,"href":"https:\/\/singuli.wpress.me\/index.php\/wp-json\/wp\/v2\/product_tag?post=35880"}],"curies":[{"name":"wp","href":"https:\/\/api.w.org\/{rel}","templated":true}]}}