{"id":35889,"date":"2026-04-18T01:50:18","date_gmt":"2026-04-18T01:50:18","guid":{"rendered":"https:\/\/singuli.wpress.me\/index.php\/proizvod\/3c4g-igracka-plisani-dnevnik-stitch\/"},"modified":"2026-04-20T12:33:16","modified_gmt":"2026-04-20T12:33:16","slug":"3c4g-igracka-plisani-dnevnik-stitch","status":"publish","type":"product","link":"https:\/\/singuli.wpress.me\/index.php\/proizvod\/3c4g-igracka-plisani-dnevnik-stitch\/","title":{"rendered":"3C4G, igra\u010dka, Pli\u0161ani dnevnik Stitch"},"content":{"rendered":"<p>Eksperiment 626, poznatiji kao Stitch, spreman je \u010duvati tvoje najdra\u017ee misli i tajne u ovom preslatkom pli\u0161anom dnevniku.<br \/>\nS mekom, prijatnom naslovnicom koja prikazuje Stitcha iz Disneyjevog voljenog filma Lilo &amp; Stitch, ovaj dnevnik dolazi s o\u010daravaju\u0107om kemijskom olovkom s privjeskom, koja \u010dini pisanje jo\u0161 zabavnijim. Unutra \u0107ete prona\u0107i 192 stranice s crtama, svaka ukra\u0161ena inspirativnim citatima i razigranim frazama inspiriranim Stitchovim avanturama. Bilo da pi\u0161e\u0161 o svojim snovima, crta\u0161 ili jednostavno zapisuje\u0161 svakodnevne misli, ovaj dnevnik je savr\u0161en na\u010din da izrazi\u0161 svoju jedinstvenost! Dob: 6+<br \/>\nSet sadr\u017ei:<br \/>\n\u2022\t1 dnevnik<br \/>\n\u2022\t1 olovka s privjeskom<\/p>\n","protected":false},"excerpt":{"rendered":"<p>Slatki pli\u0161ani dnevnik s naslovnicom Stitcha, savr\u0161en za obo\u017eavatelje filma Lilo &amp; Stitch<br \/>\nSadr\u017ei 192 stranice s crtama i inspirativnim citatima, uz kemijsku olovku s privjeskom za dodatnu zabavu<br \/>\nIdealno mjesto za zapisivanje snova, crtanje ili bilje\u017eenje svakodnevnih avantura za djecu od 6 godina i starije<\/p>\n","protected":false},"featured_media":35890,"template":"","meta":{"_seopress_robots_primary_cat":"","_seopress_titles_title":"","_seopress_titles_desc":"","_seopress_robots_index":"","iawp_total_views":0},"product_brand":[761],"product_cat":[221,291],"product_tag":[],"class_list":{"0":"post-35889","1":"product","2":"type-product","3":"status-publish","4":"has-post-thumbnail","6":"product_brand-3c4g","7":"product_cat-igracke","8":"product_cat-igracke-za-djecu-221","10":"first","11":"outofstock","12":"shipping-taxable","13":"purchasable","14":"product-type-simple"},"_links":{"self":[{"href":"https:\/\/singuli.wpress.me\/index.php\/wp-json\/wp\/v2\/product\/35889","targetHints":{"allow":["GET"]}}],"collection":[{"href":"https:\/\/singuli.wpress.me\/index.php\/wp-json\/wp\/v2\/product"}],"about":[{"href":"https:\/\/singuli.wpress.me\/index.php\/wp-json\/wp\/v2\/types\/product"}],"version-history":[{"count":0,"href":"https:\/\/singuli.wpress.me\/index.php\/wp-json\/wp\/v2\/product\/35889\/revisions"}],"wp:featuredmedia":[{"embeddable":true,"href":"https:\/\/singuli.wpress.me\/index.php\/wp-json\/wp\/v2\/media\/35890"}],"wp:attachment":[{"href":"https:\/\/singuli.wpress.me\/index.php\/wp-json\/wp\/v2\/media?parent=35889"}],"wp:term":[{"taxonomy":"product_brand","embeddable":true,"href":"https:\/\/singuli.wpress.me\/index.php\/wp-json\/wp\/v2\/product_brand?post=35889"},{"taxonomy":"product_cat","embeddable":true,"href":"https:\/\/singuli.wpress.me\/index.php\/wp-json\/wp\/v2\/product_cat?post=35889"},{"taxonomy":"product_tag","embeddable":true,"href":"https:\/\/singuli.wpress.me\/index.php\/wp-json\/wp\/v2\/product_tag?post=35889"}],"curies":[{"name":"wp","href":"https:\/\/api.w.org\/{rel}","templated":true}]}}