{"id":35901,"date":"2026-04-18T01:50:26","date_gmt":"2026-04-18T01:50:26","guid":{"rendered":"https:\/\/singuli.wpress.me\/index.php\/proizvod\/gdh-tajni-dnevnik-dnevnik-mojih-tajni\/"},"modified":"2026-04-20T12:33:16","modified_gmt":"2026-04-20T12:33:16","slug":"gdh-tajni-dnevnik-dnevnik-mojih-tajni","status":"publish","type":"product","link":"https:\/\/singuli.wpress.me\/index.php\/proizvod\/gdh-tajni-dnevnik-dnevnik-mojih-tajni\/","title":{"rendered":"GDH, tajni dnevnik, Dnevnik mojih tajni"},"content":{"rendered":"<p>Ovaj dnevnik savr\u0161en je za \u010duvanje tvojih tajni i crte\u017ea! Unutra \u0107e\u0161 prona\u0107i fluorescentne olovke, UV svjetiljku za osvjetljavanje i otkrivanje tvojih crte\u017ea i tajnih poruka te magi\u010dne olovke koje mijenjaju boju tvojih kreacija kad god po\u017eeli\u0161. U\u010dini ga jo\u0161 posebnijim uz cool naljepnice i dragulje. Zahvaljuju\u0107i lokotu koji se nalazi u kutiji, mo\u0107i \u0107e\u0161 sigurno \u010duvati sve svoje tajne.<\/p>\n","protected":false},"excerpt":{"rendered":"<p>Dnevnik sa lokotom, UV svjetiljkom, naljepnicama i magi\u010dnim olovkama<br \/>\nOmogu\u0107uje pisanje tajnih poruka i crtanje nevidljivim tintama<br \/>\nDob: 6+ god<\/p>\n","protected":false},"featured_media":35902,"template":"","meta":{"_seopress_robots_primary_cat":"","_seopress_titles_title":"","_seopress_titles_desc":"","_seopress_robots_index":"","iawp_total_views":0},"product_brand":[489],"product_cat":[221,291],"product_tag":[],"class_list":{"0":"post-35901","1":"product","2":"type-product","3":"status-publish","4":"has-post-thumbnail","6":"product_brand-gdh","7":"product_cat-igracke","8":"product_cat-igracke-za-djecu-221","10":"first","11":"instock","12":"shipping-taxable","13":"purchasable","14":"product-type-simple"},"_links":{"self":[{"href":"https:\/\/singuli.wpress.me\/index.php\/wp-json\/wp\/v2\/product\/35901","targetHints":{"allow":["GET"]}}],"collection":[{"href":"https:\/\/singuli.wpress.me\/index.php\/wp-json\/wp\/v2\/product"}],"about":[{"href":"https:\/\/singuli.wpress.me\/index.php\/wp-json\/wp\/v2\/types\/product"}],"version-history":[{"count":0,"href":"https:\/\/singuli.wpress.me\/index.php\/wp-json\/wp\/v2\/product\/35901\/revisions"}],"wp:featuredmedia":[{"embeddable":true,"href":"https:\/\/singuli.wpress.me\/index.php\/wp-json\/wp\/v2\/media\/35902"}],"wp:attachment":[{"href":"https:\/\/singuli.wpress.me\/index.php\/wp-json\/wp\/v2\/media?parent=35901"}],"wp:term":[{"taxonomy":"product_brand","embeddable":true,"href":"https:\/\/singuli.wpress.me\/index.php\/wp-json\/wp\/v2\/product_brand?post=35901"},{"taxonomy":"product_cat","embeddable":true,"href":"https:\/\/singuli.wpress.me\/index.php\/wp-json\/wp\/v2\/product_cat?post=35901"},{"taxonomy":"product_tag","embeddable":true,"href":"https:\/\/singuli.wpress.me\/index.php\/wp-json\/wp\/v2\/product_tag?post=35901"}],"curies":[{"name":"wp","href":"https:\/\/api.w.org\/{rel}","templated":true}]}}