{"id":35911,"date":"2026-04-18T01:50:38","date_gmt":"2026-04-18T01:50:38","guid":{"rendered":"https:\/\/singuli.wpress.me\/index.php\/proizvod\/barbie-set-za-igru-moja-kreativna-kuhinja\/"},"modified":"2026-04-20T12:33:16","modified_gmt":"2026-04-20T12:33:16","slug":"barbie-set-za-igru-moja-kreativna-kuhinja","status":"publish","type":"product","link":"https:\/\/singuli.wpress.me\/index.php\/proizvod\/barbie-set-za-igru-moja-kreativna-kuhinja\/","title":{"rendered":"BARBIE, set za igru, Moja kreativna kuhinja"},"content":{"rendered":"<p>Otkrij novu <span style=\"font-weight: bold\">super modernu Barbie kuhinju<\/span> koju mo\u017ee\u0161 potpuno sastaviti i ukrasiti! Nakon \u0161to slo\u017ei\u0161 kartonsku strukturu, mo\u017ee\u0161 kreirati nove predmete i dodatke za opremanje uz bogati set uklju\u010den u paket, prate\u0107i savjete iz priru\u010dnika. Tako\u0111er mo\u017ee\u0161 igrati s dvije Barbie lutke prilago\u0111ene veli\u010dini kuhinje, obla\u010diti ih i premje\u0161tati po prostoru.<\/p>\n","protected":false},"excerpt":{"rendered":"<p>Sastavi i ukrasi vlastitu Barbie kuhinju od kartona<br \/>\nSadr\u017ei dodatke, priru\u010dnik i dvije Barbie lutke<br \/>\nPodr\u017eava kreativnu igru i ure\u0111enje prostora<\/p>\n","protected":false},"featured_media":35912,"template":"","meta":{"_seopress_robots_primary_cat":"","_seopress_titles_title":"","_seopress_titles_desc":"","_seopress_robots_index":"","iawp_total_views":0},"product_brand":[324],"product_cat":[221,291],"product_tag":[],"class_list":{"0":"post-35911","1":"product","2":"type-product","3":"status-publish","4":"has-post-thumbnail","6":"product_brand-barbie","7":"product_cat-igracke","8":"product_cat-igracke-za-djecu-221","10":"first","11":"instock","12":"shipping-taxable","13":"purchasable","14":"product-type-simple"},"_links":{"self":[{"href":"https:\/\/singuli.wpress.me\/index.php\/wp-json\/wp\/v2\/product\/35911","targetHints":{"allow":["GET"]}}],"collection":[{"href":"https:\/\/singuli.wpress.me\/index.php\/wp-json\/wp\/v2\/product"}],"about":[{"href":"https:\/\/singuli.wpress.me\/index.php\/wp-json\/wp\/v2\/types\/product"}],"version-history":[{"count":0,"href":"https:\/\/singuli.wpress.me\/index.php\/wp-json\/wp\/v2\/product\/35911\/revisions"}],"wp:featuredmedia":[{"embeddable":true,"href":"https:\/\/singuli.wpress.me\/index.php\/wp-json\/wp\/v2\/media\/35912"}],"wp:attachment":[{"href":"https:\/\/singuli.wpress.me\/index.php\/wp-json\/wp\/v2\/media?parent=35911"}],"wp:term":[{"taxonomy":"product_brand","embeddable":true,"href":"https:\/\/singuli.wpress.me\/index.php\/wp-json\/wp\/v2\/product_brand?post=35911"},{"taxonomy":"product_cat","embeddable":true,"href":"https:\/\/singuli.wpress.me\/index.php\/wp-json\/wp\/v2\/product_cat?post=35911"},{"taxonomy":"product_tag","embeddable":true,"href":"https:\/\/singuli.wpress.me\/index.php\/wp-json\/wp\/v2\/product_tag?post=35911"}],"curies":[{"name":"wp","href":"https:\/\/api.w.org\/{rel}","templated":true}]}}