{"id":35918,"date":"2026-04-18T01:50:48","date_gmt":"2026-04-18T01:50:48","guid":{"rendered":"https:\/\/singuli.wpress.me\/index.php\/proizvod\/somersby-cider-malina-limeta-0-5-l\/"},"modified":"2026-04-20T12:33:16","modified_gmt":"2026-04-20T12:33:16","slug":"somersby-cider-malina-limeta-0-5-l","status":"publish","type":"product","link":"https:\/\/singuli.wpress.me\/index.php\/proizvod\/somersby-cider-malina-limeta-0-5-l\/","title":{"rendered":"SOMERSBY, cider, malina limeta, 0.5\u00a0l"},"content":{"rendered":"<p>U\u017eivajte u svakom gutljaju Somersby cidera s malinom i limetom, pravoj kapljici osvje\u017eavaju\u0107eg optimizma! Ovaj cider donosi savr\u0161eno uravnote\u017een okus slatkaste maline, sna\u017eno nadopunjen osvje\u017eavaju\u0107im notama limete.<\/p>\n<p>S 4,5% alkohola, Somersby malina i limeta idealan je odabir za opu\u0161tene trenutke, pru\u017eaju\u0107i jedinstven spoj vo\u0107ne slatko\u0107e i citrusne svje\u017eine. Prepustite se ovoj neodoljivoj kombinaciji i osjetite ljetni povjetarac u svakom gutljaju.<\/p>\n","protected":false},"excerpt":{"rendered":"<p>Kombinacija slatkaste maline i osvje\u017eavaju\u0107e limete.<br \/>\nHarmonija vo\u0107nih i citrusnih nota.<br \/>\nIdealan izbor za opu\u0161tanje i u\u017eivanje.<\/p>\n","protected":false},"featured_media":35919,"template":"","meta":{"_seopress_robots_primary_cat":"","_seopress_titles_title":"","_seopress_titles_desc":"","_seopress_robots_index":"","iawp_total_views":0},"product_brand":[517],"product_cat":[298,261],"product_tag":[],"class_list":{"0":"post-35918","1":"product","2":"type-product","3":"status-publish","4":"has-post-thumbnail","6":"product_brand-somersby","7":"product_cat-alkoholna-pica-261","8":"product_cat-hrana-i-pice","10":"first","11":"instock","12":"shipping-taxable","13":"purchasable","14":"product-type-simple"},"_links":{"self":[{"href":"https:\/\/singuli.wpress.me\/index.php\/wp-json\/wp\/v2\/product\/35918","targetHints":{"allow":["GET"]}}],"collection":[{"href":"https:\/\/singuli.wpress.me\/index.php\/wp-json\/wp\/v2\/product"}],"about":[{"href":"https:\/\/singuli.wpress.me\/index.php\/wp-json\/wp\/v2\/types\/product"}],"version-history":[{"count":0,"href":"https:\/\/singuli.wpress.me\/index.php\/wp-json\/wp\/v2\/product\/35918\/revisions"}],"wp:featuredmedia":[{"embeddable":true,"href":"https:\/\/singuli.wpress.me\/index.php\/wp-json\/wp\/v2\/media\/35919"}],"wp:attachment":[{"href":"https:\/\/singuli.wpress.me\/index.php\/wp-json\/wp\/v2\/media?parent=35918"}],"wp:term":[{"taxonomy":"product_brand","embeddable":true,"href":"https:\/\/singuli.wpress.me\/index.php\/wp-json\/wp\/v2\/product_brand?post=35918"},{"taxonomy":"product_cat","embeddable":true,"href":"https:\/\/singuli.wpress.me\/index.php\/wp-json\/wp\/v2\/product_cat?post=35918"},{"taxonomy":"product_tag","embeddable":true,"href":"https:\/\/singuli.wpress.me\/index.php\/wp-json\/wp\/v2\/product_tag?post=35918"}],"curies":[{"name":"wp","href":"https:\/\/api.w.org\/{rel}","templated":true}]}}