{"id":35920,"date":"2026-04-18T01:50:50","date_gmt":"2026-04-18T01:50:50","guid":{"rendered":"https:\/\/singuli.wpress.me\/index.php\/proizvod\/somersby-cider-mango-limeta-24x0-50-l\/"},"modified":"2026-04-20T12:33:16","modified_gmt":"2026-04-20T12:33:16","slug":"somersby-cider-mango-limeta-24x0-50-l","status":"publish","type":"product","link":"https:\/\/singuli.wpress.me\/index.php\/proizvod\/somersby-cider-mango-limeta-24x0-50-l\/","title":{"rendered":"SOMERSBY, cider, mango limeta 24&#215;0.50, \u00a0l"},"content":{"rendered":"<p>Prepustite se egzoti\u010dnom okusu Somersby cidera s mangom i limetom. Ovaj vo\u0107ni cider donosi ljetni prizvuk s dominantnom aromom manga, oboga\u0107enom cvjetnim notama i osvje\u017eavaju\u0107im zavr\u0161nim okusom limete.<\/p>\n<p>Sa 4,5% alkohola, Somersby mango i limeta je savr\u0161en izbor za opu\u0161tanje i u\u017eivanje u toplim danima. Njegova bogata aroma i uravnote\u017een okus pru\u017eaju jedinstveno iskustvo koje \u0107e vas osvje\u017eiti i odu\u0161eviti.<\/p>\n","protected":false},"excerpt":{"rendered":"<p>Dominacija manga s cvjetnim notama i limetom<br \/>\nSavr\u0161en za osvje\u017eenje tijekom toplih dana.<br \/>\nBogata aroma i uravnote\u017een okus.<\/p>\n","protected":false},"featured_media":35921,"template":"","meta":{"_seopress_robots_primary_cat":"","_seopress_titles_title":"","_seopress_titles_desc":"","_seopress_robots_index":"","iawp_total_views":0},"product_brand":[517],"product_cat":[298,261],"product_tag":[],"class_list":{"0":"post-35920","1":"product","2":"type-product","3":"status-publish","4":"has-post-thumbnail","6":"product_brand-somersby","7":"product_cat-alkoholna-pica-261","8":"product_cat-hrana-i-pice","10":"first","11":"instock","12":"shipping-taxable","13":"purchasable","14":"product-type-simple"},"_links":{"self":[{"href":"https:\/\/singuli.wpress.me\/index.php\/wp-json\/wp\/v2\/product\/35920","targetHints":{"allow":["GET"]}}],"collection":[{"href":"https:\/\/singuli.wpress.me\/index.php\/wp-json\/wp\/v2\/product"}],"about":[{"href":"https:\/\/singuli.wpress.me\/index.php\/wp-json\/wp\/v2\/types\/product"}],"version-history":[{"count":0,"href":"https:\/\/singuli.wpress.me\/index.php\/wp-json\/wp\/v2\/product\/35920\/revisions"}],"wp:featuredmedia":[{"embeddable":true,"href":"https:\/\/singuli.wpress.me\/index.php\/wp-json\/wp\/v2\/media\/35921"}],"wp:attachment":[{"href":"https:\/\/singuli.wpress.me\/index.php\/wp-json\/wp\/v2\/media?parent=35920"}],"wp:term":[{"taxonomy":"product_brand","embeddable":true,"href":"https:\/\/singuli.wpress.me\/index.php\/wp-json\/wp\/v2\/product_brand?post=35920"},{"taxonomy":"product_cat","embeddable":true,"href":"https:\/\/singuli.wpress.me\/index.php\/wp-json\/wp\/v2\/product_cat?post=35920"},{"taxonomy":"product_tag","embeddable":true,"href":"https:\/\/singuli.wpress.me\/index.php\/wp-json\/wp\/v2\/product_tag?post=35920"}],"curies":[{"name":"wp","href":"https:\/\/api.w.org\/{rel}","templated":true}]}}