{"id":35930,"date":"2026-04-18T01:50:57","date_gmt":"2026-04-18T01:50:57","guid":{"rendered":"https:\/\/singuli.wpress.me\/index.php\/proizvod\/disney-stitch-puzzle-slozi-i-oboji-24-kom\/"},"modified":"2026-04-20T12:33:16","modified_gmt":"2026-04-20T12:33:16","slug":"disney-stitch-puzzle-slozi-i-oboji-24-kom","status":"publish","type":"product","link":"https:\/\/singuli.wpress.me\/index.php\/proizvod\/disney-stitch-puzzle-slozi-i-oboji-24-kom\/","title":{"rendered":"DISNEY STITCH, puzzle, Slo\u017ei i oboji, 24\u00a0kom"},"content":{"rendered":"<p>Zabavite se sla\u017eu\u0107i najljep\u0161e prizore iz va\u0161eg omiljenog crtanog filma, a nakon \u0161to dovr\u0161ite slagalicu, zabava se nastavlja! Na pole\u0111ini plo\u010de prona\u0107i \u0107ete crno-bijelu podlogu za bojanje! <br \/>\nDob: 3+god<\/p>\n","protected":false},"excerpt":{"rendered":"<p>Slagalica s omiljenim Stitch scenama \u2013 24 komada<br \/>\nPole\u0111ina se mo\u017ee bojati crno-bijelim motivima<br \/>\nDob: 3+ god<\/p>\n","protected":false},"featured_media":35931,"template":"","meta":{"_seopress_robots_primary_cat":"","_seopress_titles_title":"","_seopress_titles_desc":"","_seopress_robots_index":"","iawp_total_views":0},"product_brand":[531],"product_cat":[221,291],"product_tag":[],"class_list":{"0":"post-35930","1":"product","2":"type-product","3":"status-publish","4":"has-post-thumbnail","6":"product_brand-disney-stitch","7":"product_cat-igracke","8":"product_cat-igracke-za-djecu-221","10":"first","11":"instock","12":"shipping-taxable","13":"purchasable","14":"product-type-simple"},"_links":{"self":[{"href":"https:\/\/singuli.wpress.me\/index.php\/wp-json\/wp\/v2\/product\/35930","targetHints":{"allow":["GET"]}}],"collection":[{"href":"https:\/\/singuli.wpress.me\/index.php\/wp-json\/wp\/v2\/product"}],"about":[{"href":"https:\/\/singuli.wpress.me\/index.php\/wp-json\/wp\/v2\/types\/product"}],"version-history":[{"count":0,"href":"https:\/\/singuli.wpress.me\/index.php\/wp-json\/wp\/v2\/product\/35930\/revisions"}],"wp:featuredmedia":[{"embeddable":true,"href":"https:\/\/singuli.wpress.me\/index.php\/wp-json\/wp\/v2\/media\/35931"}],"wp:attachment":[{"href":"https:\/\/singuli.wpress.me\/index.php\/wp-json\/wp\/v2\/media?parent=35930"}],"wp:term":[{"taxonomy":"product_brand","embeddable":true,"href":"https:\/\/singuli.wpress.me\/index.php\/wp-json\/wp\/v2\/product_brand?post=35930"},{"taxonomy":"product_cat","embeddable":true,"href":"https:\/\/singuli.wpress.me\/index.php\/wp-json\/wp\/v2\/product_cat?post=35930"},{"taxonomy":"product_tag","embeddable":true,"href":"https:\/\/singuli.wpress.me\/index.php\/wp-json\/wp\/v2\/product_tag?post=35930"}],"curies":[{"name":"wp","href":"https:\/\/api.w.org\/{rel}","templated":true}]}}