{"id":35932,"date":"2026-04-18T01:51:02","date_gmt":"2026-04-18T01:51:02","guid":{"rendered":"https:\/\/singuli.wpress.me\/index.php\/proizvod\/disney-stitch-kreativni-set-skola-crtanja-s-mirisnim-markerima\/"},"modified":"2026-04-20T12:33:16","modified_gmt":"2026-04-20T12:33:16","slug":"disney-stitch-kreativni-set-skola-crtanja-s-mirisnim-markerima","status":"publish","type":"product","link":"https:\/\/singuli.wpress.me\/index.php\/proizvod\/disney-stitch-kreativni-set-skola-crtanja-s-mirisnim-markerima\/","title":{"rendered":"DISNEY STITCH, kreativni set, \u0160kola crtanja s mirisnim markerima"},"content":{"rendered":"<p>Nacrtaj i oboji svoje omiljene likove s ovim <span style=\"font-weight: bold\">fantasti\u010dnim kreativnim setom<\/span>! Sa Stitch \u0160kolom crtanja bit \u0107e vrlo lako crtati uz pomo\u0107 vodi\u010da koji sadr\u017ei mnoge crte\u017ee raspore\u0111ene prema progresivnoj te\u017eini, od vje\u017ebi prepisivanja do slo\u017eenijih slika, koje mo\u017ee\u0161 obojiti mirisnim markerima uklju\u010denim u set. Osim toga, zahvaljuju\u0107i 4 plo\u010dama za pisanje i brisanje, mo\u017ee\u0161 brisati i po\u010deti iznova kad god \u017eeli\u0161!<\/p>\n","protected":false},"excerpt":{"rendered":"<p>Kreativni set za crtanje s vodi\u010dem po te\u017einama<br \/>\nSadr\u017ei mirisne markere i 4 plo\u010de za vi\u0161ekratno crtanje<br \/>\nIdealno za vje\u017ebanje crtanja i bojanja uz Stitch likove<\/p>\n","protected":false},"featured_media":35933,"template":"","meta":{"_seopress_robots_primary_cat":"","_seopress_titles_title":"","_seopress_titles_desc":"","_seopress_robots_index":"","iawp_total_views":0},"product_brand":[531],"product_cat":[221,291],"product_tag":[],"class_list":{"0":"post-35932","1":"product","2":"type-product","3":"status-publish","4":"has-post-thumbnail","6":"product_brand-disney-stitch","7":"product_cat-igracke","8":"product_cat-igracke-za-djecu-221","10":"first","11":"instock","12":"shipping-taxable","13":"purchasable","14":"product-type-simple"},"_links":{"self":[{"href":"https:\/\/singuli.wpress.me\/index.php\/wp-json\/wp\/v2\/product\/35932","targetHints":{"allow":["GET"]}}],"collection":[{"href":"https:\/\/singuli.wpress.me\/index.php\/wp-json\/wp\/v2\/product"}],"about":[{"href":"https:\/\/singuli.wpress.me\/index.php\/wp-json\/wp\/v2\/types\/product"}],"version-history":[{"count":0,"href":"https:\/\/singuli.wpress.me\/index.php\/wp-json\/wp\/v2\/product\/35932\/revisions"}],"wp:featuredmedia":[{"embeddable":true,"href":"https:\/\/singuli.wpress.me\/index.php\/wp-json\/wp\/v2\/media\/35933"}],"wp:attachment":[{"href":"https:\/\/singuli.wpress.me\/index.php\/wp-json\/wp\/v2\/media?parent=35932"}],"wp:term":[{"taxonomy":"product_brand","embeddable":true,"href":"https:\/\/singuli.wpress.me\/index.php\/wp-json\/wp\/v2\/product_brand?post=35932"},{"taxonomy":"product_cat","embeddable":true,"href":"https:\/\/singuli.wpress.me\/index.php\/wp-json\/wp\/v2\/product_cat?post=35932"},{"taxonomy":"product_tag","embeddable":true,"href":"https:\/\/singuli.wpress.me\/index.php\/wp-json\/wp\/v2\/product_tag?post=35932"}],"curies":[{"name":"wp","href":"https:\/\/api.w.org\/{rel}","templated":true}]}}