{"id":35942,"date":"2026-04-18T01:51:25","date_gmt":"2026-04-18T01:51:25","guid":{"rendered":"https:\/\/singuli.wpress.me\/index.php\/proizvod\/lisciani-igracka-stitch-nakit-prijateljstva\/"},"modified":"2026-04-20T12:33:17","modified_gmt":"2026-04-20T12:33:17","slug":"lisciani-igracka-stitch-nakit-prijateljstva","status":"publish","type":"product","link":"https:\/\/singuli.wpress.me\/index.php\/proizvod\/lisciani-igracka-stitch-nakit-prijateljstva\/","title":{"rendered":"LISCIANI, igra\u010dka, Stitch nakit prijateljstva"},"content":{"rendered":"<p>Ova prekrasna Stitch kutija za nakit, s uklonjivim pretincem, ogledalom i metalnom kop\u010dom, sadr\u017ei odabir perlica i privjesaka za izradu Stitch narukvica i ogrlica! Kada izradi\u0161 svoj nakit, mo\u017ee\u0161 ga spremiti unutra.<\/p>\n","protected":false},"excerpt":{"rendered":"<p>Predivna Stitch kutija za nakit s ogledalom i uklonjivim pretincem, koja ujedno sadr\u017ei i set za izradu jedinstvenog nakita<br \/>\nIzradi vlastite Stitch narukvice i ogrlice koriste\u0107i prilo\u017eene perlice i privjeske, a zatim ih sigurno pohrani unutar kutije<br \/>\nSavr\u0161en spoj funkcionalnosti i zabave za sve ljubitelje Stitcha, omogu\u0107uju\u0107i im da poka\u017eu svoju kreativnost<\/p>\n","protected":false},"featured_media":35943,"template":"","meta":{"_seopress_robots_primary_cat":"","_seopress_titles_title":"","_seopress_titles_desc":"","_seopress_robots_index":"","iawp_total_views":0},"product_brand":[779],"product_cat":[221,291],"product_tag":[],"class_list":{"0":"post-35942","1":"product","2":"type-product","3":"status-publish","4":"has-post-thumbnail","6":"product_brand-lisciani","7":"product_cat-igracke","8":"product_cat-igracke-za-djecu-221","10":"first","11":"instock","12":"shipping-taxable","13":"purchasable","14":"product-type-simple"},"_links":{"self":[{"href":"https:\/\/singuli.wpress.me\/index.php\/wp-json\/wp\/v2\/product\/35942","targetHints":{"allow":["GET"]}}],"collection":[{"href":"https:\/\/singuli.wpress.me\/index.php\/wp-json\/wp\/v2\/product"}],"about":[{"href":"https:\/\/singuli.wpress.me\/index.php\/wp-json\/wp\/v2\/types\/product"}],"version-history":[{"count":0,"href":"https:\/\/singuli.wpress.me\/index.php\/wp-json\/wp\/v2\/product\/35942\/revisions"}],"wp:featuredmedia":[{"embeddable":true,"href":"https:\/\/singuli.wpress.me\/index.php\/wp-json\/wp\/v2\/media\/35943"}],"wp:attachment":[{"href":"https:\/\/singuli.wpress.me\/index.php\/wp-json\/wp\/v2\/media?parent=35942"}],"wp:term":[{"taxonomy":"product_brand","embeddable":true,"href":"https:\/\/singuli.wpress.me\/index.php\/wp-json\/wp\/v2\/product_brand?post=35942"},{"taxonomy":"product_cat","embeddable":true,"href":"https:\/\/singuli.wpress.me\/index.php\/wp-json\/wp\/v2\/product_cat?post=35942"},{"taxonomy":"product_tag","embeddable":true,"href":"https:\/\/singuli.wpress.me\/index.php\/wp-json\/wp\/v2\/product_tag?post=35942"}],"curies":[{"name":"wp","href":"https:\/\/api.w.org\/{rel}","templated":true}]}}