{"id":35948,"date":"2026-04-18T01:51:28","date_gmt":"2026-04-18T01:51:28","guid":{"rendered":"https:\/\/singuli.wpress.me\/index.php\/proizvod\/disney-stitch-kreativni-set-skola-crtanja-sa-svjetlecom-podlogom\/"},"modified":"2026-04-20T12:33:17","modified_gmt":"2026-04-20T12:33:17","slug":"disney-stitch-kreativni-set-skola-crtanja-sa-svjetlecom-podlogom","status":"publish","type":"product","link":"https:\/\/singuli.wpress.me\/index.php\/proizvod\/disney-stitch-kreativni-set-skola-crtanja-sa-svjetlecom-podlogom\/","title":{"rendered":"DISNEY STITCH, kreativni set, \u0160kola crtanja sa svjetle\u0107om podlogom"},"content":{"rendered":"<p>Originalni <span style=\"font-weight: bold\">kreativni set<\/span> koji \u0107e ti pomo\u0107i da postane\u0161 pravi umjetnik! S A4 svjetlosnom plo\u010dom mo\u017ee\u0161 nau\u010diti crtati Stitch likove i slike. U paketu \u0107e\u0161 tako\u0111er prona\u0107i predlo\u0161ke, naljepnice, mirisne markere i boje za ukra\u0161avanje svojih kreacija i personaliziranje svjetlosne plo\u010de.<\/p>\n","protected":false},"excerpt":{"rendered":"<p>A4 svjetlosna plo\u010da za u\u010denje crtanja Stitch likova<br \/>\nSadr\u017ei predlo\u0161ke, naljepnice, boje i mirisne markere<br \/>\nPoticanje kreativnosti i preciznog crtanja<\/p>\n","protected":false},"featured_media":35949,"template":"","meta":{"_seopress_robots_primary_cat":"","_seopress_titles_title":"","_seopress_titles_desc":"","_seopress_robots_index":"","iawp_total_views":0},"product_brand":[531],"product_cat":[221,291],"product_tag":[],"class_list":{"0":"post-35948","1":"product","2":"type-product","3":"status-publish","4":"has-post-thumbnail","6":"product_brand-disney-stitch","7":"product_cat-igracke","8":"product_cat-igracke-za-djecu-221","10":"first","11":"instock","12":"shipping-taxable","13":"purchasable","14":"product-type-simple"},"_links":{"self":[{"href":"https:\/\/singuli.wpress.me\/index.php\/wp-json\/wp\/v2\/product\/35948","targetHints":{"allow":["GET"]}}],"collection":[{"href":"https:\/\/singuli.wpress.me\/index.php\/wp-json\/wp\/v2\/product"}],"about":[{"href":"https:\/\/singuli.wpress.me\/index.php\/wp-json\/wp\/v2\/types\/product"}],"version-history":[{"count":0,"href":"https:\/\/singuli.wpress.me\/index.php\/wp-json\/wp\/v2\/product\/35948\/revisions"}],"wp:featuredmedia":[{"embeddable":true,"href":"https:\/\/singuli.wpress.me\/index.php\/wp-json\/wp\/v2\/media\/35949"}],"wp:attachment":[{"href":"https:\/\/singuli.wpress.me\/index.php\/wp-json\/wp\/v2\/media?parent=35948"}],"wp:term":[{"taxonomy":"product_brand","embeddable":true,"href":"https:\/\/singuli.wpress.me\/index.php\/wp-json\/wp\/v2\/product_brand?post=35948"},{"taxonomy":"product_cat","embeddable":true,"href":"https:\/\/singuli.wpress.me\/index.php\/wp-json\/wp\/v2\/product_cat?post=35948"},{"taxonomy":"product_tag","embeddable":true,"href":"https:\/\/singuli.wpress.me\/index.php\/wp-json\/wp\/v2\/product_tag?post=35948"}],"curies":[{"name":"wp","href":"https:\/\/api.w.org\/{rel}","templated":true}]}}