{"id":35954,"date":"2026-04-18T01:51:35","date_gmt":"2026-04-18T01:51:35","guid":{"rendered":"https:\/\/singuli.wpress.me\/index.php\/proizvod\/roglic-postup-2023-crno-vino-0-75-l\/"},"modified":"2026-04-20T12:33:17","modified_gmt":"2026-04-20T12:33:17","slug":"roglic-postup-2023-crno-vino-0-75-l","status":"publish","type":"product","link":"https:\/\/singuli.wpress.me\/index.php\/proizvod\/roglic-postup-2023-crno-vino-0-75-l\/","title":{"rendered":"ROGLI\u0106 Postup 2023, crno vino, 0.75\u00a0l"},"content":{"rendered":"<p>Vrhunsko crno vino proizvedeno od gro\u017e\u0111a plavca malog, isklju\u010divo s polo\u017eaja Postup, na ju\u017enim padinama poluotoka Pelje\u0161ca. Poslu\u017euje se na sobnoj temperaturi uz tamno meso, divlja\u010d, pe\u010denje, zrele sireve, pr\u017eenu\/mariniranu plavu ribu i brudet. Temperatura poslu\u017eivanja: 18-20 \u00b0C.<\/p>\n","protected":false},"excerpt":{"rendered":"<p>Vrhunsko crno vino proizvedeno od gro\u017e\u0111a plavca malog<br \/>\nPoslu\u017euje se na sobnoj temperaturi<br \/>\nTemperatura poslu\u017eivanja: 18-20 \u00b0C<\/p>\n","protected":false},"featured_media":35955,"template":"","meta":{"_seopress_robots_primary_cat":"","_seopress_titles_title":"","_seopress_titles_desc":"","_seopress_robots_index":"","iawp_total_views":0},"product_brand":[502],"product_cat":[298,261],"product_tag":[],"class_list":{"0":"post-35954","1":"product","2":"type-product","3":"status-publish","4":"has-post-thumbnail","6":"product_brand-roglic","7":"product_cat-alkoholna-pica-261","8":"product_cat-hrana-i-pice","10":"first","11":"instock","12":"shipping-taxable","13":"purchasable","14":"product-type-simple"},"_links":{"self":[{"href":"https:\/\/singuli.wpress.me\/index.php\/wp-json\/wp\/v2\/product\/35954","targetHints":{"allow":["GET"]}}],"collection":[{"href":"https:\/\/singuli.wpress.me\/index.php\/wp-json\/wp\/v2\/product"}],"about":[{"href":"https:\/\/singuli.wpress.me\/index.php\/wp-json\/wp\/v2\/types\/product"}],"version-history":[{"count":0,"href":"https:\/\/singuli.wpress.me\/index.php\/wp-json\/wp\/v2\/product\/35954\/revisions"}],"wp:featuredmedia":[{"embeddable":true,"href":"https:\/\/singuli.wpress.me\/index.php\/wp-json\/wp\/v2\/media\/35955"}],"wp:attachment":[{"href":"https:\/\/singuli.wpress.me\/index.php\/wp-json\/wp\/v2\/media?parent=35954"}],"wp:term":[{"taxonomy":"product_brand","embeddable":true,"href":"https:\/\/singuli.wpress.me\/index.php\/wp-json\/wp\/v2\/product_brand?post=35954"},{"taxonomy":"product_cat","embeddable":true,"href":"https:\/\/singuli.wpress.me\/index.php\/wp-json\/wp\/v2\/product_cat?post=35954"},{"taxonomy":"product_tag","embeddable":true,"href":"https:\/\/singuli.wpress.me\/index.php\/wp-json\/wp\/v2\/product_tag?post=35954"}],"curies":[{"name":"wp","href":"https:\/\/api.w.org\/{rel}","templated":true}]}}