{"id":35965,"date":"2026-04-18T01:51:55","date_gmt":"2026-04-18T01:51:55","guid":{"rendered":"https:\/\/singuli.wpress.me\/index.php\/proizvod\/roglic-sivi-pinot-2024-bijelo-vino-0-75-l\/"},"modified":"2026-04-20T12:33:17","modified_gmt":"2026-04-20T12:33:17","slug":"roglic-sivi-pinot-2024-bijelo-vino-0-75-l","status":"publish","type":"product","link":"https:\/\/singuli.wpress.me\/index.php\/proizvod\/roglic-sivi-pinot-2024-bijelo-vino-0-75-l\/","title":{"rendered":"ROGLI\u0106 sivi Pinot 2024, bijelo vino, 0.75\u00a0l"},"content":{"rendered":"<p>Vino \u017euto-zelene boje s finom mineralnom i sortno specifi\u010dnom aromom. Okus mu je harmoni\u010dan, pun, mekan i pitak. Ovo vino odli\u010dno pristaje uz nareske, \u0161koljke, bijelo meso i bijelu ribu. Najbolje ga je poslu\u017eiti ohla\u0111eno na 10 \u00b0C.<\/p>\n","protected":false},"excerpt":{"rendered":"<p>Okus mu je harmoni\u010dan, pun, mekan i pitak<br \/>\nFina mineralna i sortno specifi\u010dna aroma<br \/>\nNajbolje ga je poslu\u017eiti ohla\u0111eno na 10 \u00b0C<\/p>\n","protected":false},"featured_media":35966,"template":"","meta":{"_seopress_robots_primary_cat":"","_seopress_titles_title":"","_seopress_titles_desc":"","_seopress_robots_index":"","iawp_total_views":0},"product_brand":[502],"product_cat":[298,261],"product_tag":[],"class_list":{"0":"post-35965","1":"product","2":"type-product","3":"status-publish","4":"has-post-thumbnail","6":"product_brand-roglic","7":"product_cat-alkoholna-pica-261","8":"product_cat-hrana-i-pice","10":"first","11":"instock","12":"shipping-taxable","13":"purchasable","14":"product-type-simple"},"_links":{"self":[{"href":"https:\/\/singuli.wpress.me\/index.php\/wp-json\/wp\/v2\/product\/35965","targetHints":{"allow":["GET"]}}],"collection":[{"href":"https:\/\/singuli.wpress.me\/index.php\/wp-json\/wp\/v2\/product"}],"about":[{"href":"https:\/\/singuli.wpress.me\/index.php\/wp-json\/wp\/v2\/types\/product"}],"version-history":[{"count":0,"href":"https:\/\/singuli.wpress.me\/index.php\/wp-json\/wp\/v2\/product\/35965\/revisions"}],"wp:featuredmedia":[{"embeddable":true,"href":"https:\/\/singuli.wpress.me\/index.php\/wp-json\/wp\/v2\/media\/35966"}],"wp:attachment":[{"href":"https:\/\/singuli.wpress.me\/index.php\/wp-json\/wp\/v2\/media?parent=35965"}],"wp:term":[{"taxonomy":"product_brand","embeddable":true,"href":"https:\/\/singuli.wpress.me\/index.php\/wp-json\/wp\/v2\/product_brand?post=35965"},{"taxonomy":"product_cat","embeddable":true,"href":"https:\/\/singuli.wpress.me\/index.php\/wp-json\/wp\/v2\/product_cat?post=35965"},{"taxonomy":"product_tag","embeddable":true,"href":"https:\/\/singuli.wpress.me\/index.php\/wp-json\/wp\/v2\/product_tag?post=35965"}],"curies":[{"name":"wp","href":"https:\/\/api.w.org\/{rel}","templated":true}]}}