{"id":35970,"date":"2026-04-18T01:51:57","date_gmt":"2026-04-18T01:51:57","guid":{"rendered":"https:\/\/singuli.wpress.me\/index.php\/proizvod\/shell-tekucina-za-pranje-stakla-4x4-16-l\/"},"modified":"2026-04-20T12:33:17","modified_gmt":"2026-04-20T12:33:17","slug":"shell-tekucina-za-pranje-stakla-4x4-16-l","status":"publish","type":"product","link":"https:\/\/singuli.wpress.me\/index.php\/proizvod\/shell-tekucina-za-pranje-stakla-4x4-16-l\/","title":{"rendered":"SHELL, teku\u0107ina za pranje stakla, 4&#215;4, 16\u00a0l"},"content":{"rendered":"<p>Osvje\u017eite svoje vjetrobransko staklo uz <strong>Shell Essentials Summer Screenwash Ready to Use<\/strong>! Ova teku\u0107ina za pranje stakla namijenjena je potro\u0161a\u010dima i savr\u0161ena je za osiguravanje <strong>bolje vidljivosti<\/strong> tijekom vo\u017enje u toplim, <strong>ljetnim uvjetima<\/strong>.<\/p>\n<p>Teku\u0107ina je <strong>parfimirana<\/strong>, ugodne ru\u017ei\u010daste boje i potpuno <strong>spremna za upotrebu<\/strong> \u2013 nema potrebe za razrje\u0111ivanjem! U\u010dinkovito uklanja sve uobi\u010dajene <strong>ne\u010disto\u0107e<\/strong> s vjetrobranskog stakla, ostavljaju\u0107i ga \u010distim i bistrim.<\/p>\n","protected":false},"excerpt":{"rendered":"<p>Spreman za upotrebu (bez razrje\u0111ivanja)<br \/>\nU\u010dinkovito uklanja ljetne ne\u010disto\u0107e i pobolj\u0161ava vidljivost<br \/>\nUgodno parfimiran i ru\u017ei\u010daste boje<\/p>\n","protected":false},"featured_media":35971,"template":"","meta":{"_seopress_robots_primary_cat":"","_seopress_titles_title":"","_seopress_titles_desc":"","_seopress_robots_index":"","iawp_total_views":0},"product_brand":[326],"product_cat":[243,273],"product_tag":[],"class_list":{"0":"post-35970","1":"product","2":"type-product","3":"status-publish","4":"has-post-thumbnail","6":"product_brand-shell","7":"product_cat-automobili-i-motori","8":"product_cat-njega-vozila-243","10":"first","11":"instock","12":"shipping-taxable","13":"purchasable","14":"product-type-simple"},"_links":{"self":[{"href":"https:\/\/singuli.wpress.me\/index.php\/wp-json\/wp\/v2\/product\/35970","targetHints":{"allow":["GET"]}}],"collection":[{"href":"https:\/\/singuli.wpress.me\/index.php\/wp-json\/wp\/v2\/product"}],"about":[{"href":"https:\/\/singuli.wpress.me\/index.php\/wp-json\/wp\/v2\/types\/product"}],"version-history":[{"count":0,"href":"https:\/\/singuli.wpress.me\/index.php\/wp-json\/wp\/v2\/product\/35970\/revisions"}],"wp:featuredmedia":[{"embeddable":true,"href":"https:\/\/singuli.wpress.me\/index.php\/wp-json\/wp\/v2\/media\/35971"}],"wp:attachment":[{"href":"https:\/\/singuli.wpress.me\/index.php\/wp-json\/wp\/v2\/media?parent=35970"}],"wp:term":[{"taxonomy":"product_brand","embeddable":true,"href":"https:\/\/singuli.wpress.me\/index.php\/wp-json\/wp\/v2\/product_brand?post=35970"},{"taxonomy":"product_cat","embeddable":true,"href":"https:\/\/singuli.wpress.me\/index.php\/wp-json\/wp\/v2\/product_cat?post=35970"},{"taxonomy":"product_tag","embeddable":true,"href":"https:\/\/singuli.wpress.me\/index.php\/wp-json\/wp\/v2\/product_tag?post=35970"}],"curies":[{"name":"wp","href":"https:\/\/api.w.org\/{rel}","templated":true}]}}