{"id":35972,"date":"2026-04-18T01:51:57","date_gmt":"2026-04-18T01:51:57","guid":{"rendered":"https:\/\/singuli.wpress.me\/index.php\/proizvod\/pokemon-pikachu-set\/"},"modified":"2026-04-20T12:33:17","modified_gmt":"2026-04-20T12:33:17","slug":"pokemon-pikachu-set","status":"publish","type":"product","link":"https:\/\/singuli.wpress.me\/index.php\/proizvod\/pokemon-pikachu-set\/","title":{"rendered":"POKEMON Pikachu, set"},"content":{"rendered":"<p>Pripremite se za jo\u0161 ve\u0107e bitke uz ovaj autenti\u010dni Pikachu set za gradnju! Ova figura omiljenog Pok\u00e9mona elektri\u010dnog tipa visoka je preko 10 cm i dizajnirana je tako da se mo\u017ee postaviti u niz razli\u010ditih herojskih polo\u017eaja za borbu. Posebnu autenti\u010dnost pru\u017eaju vjerno modelirani detalji elektri\u010dnog napada na obrazima, \u0161to iskustvo gradnje \u010dini doista &quot;\u0161okantnim&quot;. Osim zabave, ova igra\u010dka poti\u010de razvoj kreativnosti i vje\u0161tina rje\u0161avanja problema, \u0161to je \u010dini idealnim izborom za male graditelje<\/p>\n","protected":false},"excerpt":{"rendered":"<p>Figura se mo\u017ee sastaviti i postaviti u razli\u010dite borbene polo\u017eaje za maksimalnu akciju<br \/>\nKocke se kombiniraju sa svim MEGA setovima i kompatibilne su s drugim vode\u0107im robnim markama kockica<br \/>\nSet je prilago\u0111en uzrastu od 7+ godina te poma\u017ee u razvoju vje\u0161tina rje\u0161avanja problema i kreativnosti<\/p>\n","protected":false},"featured_media":35973,"template":"","meta":{"_seopress_robots_primary_cat":"","_seopress_titles_title":"","_seopress_titles_desc":"","_seopress_robots_index":"","iawp_total_views":0},"product_brand":[334],"product_cat":[221,263],"product_tag":[],"class_list":{"0":"post-35972","1":"product","2":"type-product","3":"status-publish","4":"has-post-thumbnail","6":"product_brand-pokemon","7":"product_cat-igracke","8":"product_cat-tematske-igracke-221","10":"first","11":"instock","12":"shipping-taxable","13":"purchasable","14":"product-type-simple"},"_links":{"self":[{"href":"https:\/\/singuli.wpress.me\/index.php\/wp-json\/wp\/v2\/product\/35972","targetHints":{"allow":["GET"]}}],"collection":[{"href":"https:\/\/singuli.wpress.me\/index.php\/wp-json\/wp\/v2\/product"}],"about":[{"href":"https:\/\/singuli.wpress.me\/index.php\/wp-json\/wp\/v2\/types\/product"}],"version-history":[{"count":0,"href":"https:\/\/singuli.wpress.me\/index.php\/wp-json\/wp\/v2\/product\/35972\/revisions"}],"wp:featuredmedia":[{"embeddable":true,"href":"https:\/\/singuli.wpress.me\/index.php\/wp-json\/wp\/v2\/media\/35973"}],"wp:attachment":[{"href":"https:\/\/singuli.wpress.me\/index.php\/wp-json\/wp\/v2\/media?parent=35972"}],"wp:term":[{"taxonomy":"product_brand","embeddable":true,"href":"https:\/\/singuli.wpress.me\/index.php\/wp-json\/wp\/v2\/product_brand?post=35972"},{"taxonomy":"product_cat","embeddable":true,"href":"https:\/\/singuli.wpress.me\/index.php\/wp-json\/wp\/v2\/product_cat?post=35972"},{"taxonomy":"product_tag","embeddable":true,"href":"https:\/\/singuli.wpress.me\/index.php\/wp-json\/wp\/v2\/product_tag?post=35972"}],"curies":[{"name":"wp","href":"https:\/\/api.w.org\/{rel}","templated":true}]}}