{"id":35976,"date":"2026-04-18T01:51:59","date_gmt":"2026-04-18T01:51:59","guid":{"rendered":"https:\/\/singuli.wpress.me\/index.php\/proizvod\/pokemon-pikachu-set-2\/"},"modified":"2026-04-21T00:26:45","modified_gmt":"2026-04-21T00:26:45","slug":"pokemon-pikachu-set-2","status":"publish","type":"product","link":"https:\/\/singuli.wpress.me\/index.php\/proizvod\/pokemon-pikachu-set-2\/","title":{"rendered":"POKEMON Pikachu, set"},"content":{"rendered":"<p>Pripremite se za vatrenu bitku uz ovaj impresivni Charizard set za gradnju! Ovaj legendarni Pok\u00e9mon vatrenog tipa, visok preko 10 cm, o\u017eivljava uz pomo\u0107 223 kocke i dijela. Model je potpuno pokretan, \u0161to mu omogu\u0107uje zauzimanje brojnih herojskih stavova i borbenih polo\u017eaja. Autenti\u010dnost iskustva gradnje osiguravaju detalji poput pokretnih krila te upe\u010datljivih efekata plamena na repu i dahu. Set dolazi s posebnim Heavy Ball klinom, a sam proces slaganja poma\u017ee djeci u razvoju kreativnosti i vje\u0161tina rje\u0161avanja problema<\/p>\n","protected":false},"excerpt":{"rendered":"<p>Charizard ima pokretna krila te vjerne efekte vatre koja izlazi iz usta i s vrha repa<br \/>\nSet od 223 dijela kombinira se sa svim MEGA setovima i kompatibilan je s drugim poznatim markama kockica<br \/>\nVisina od preko 10 cm i brojni zglobovi omogu\u0107uju postavljanje figure u razli\u010dite borbene polo\u017eaje<\/p>\n","protected":false},"featured_media":35977,"template":"","meta":{"_seopress_robots_primary_cat":"","_seopress_titles_title":"","_seopress_titles_desc":"","_seopress_robots_index":"","iawp_total_views":0},"product_brand":[334],"product_cat":[221,263],"product_tag":[],"class_list":{"0":"post-35976","1":"product","2":"type-product","3":"status-publish","4":"has-post-thumbnail","6":"product_brand-pokemon","7":"product_cat-igracke","8":"product_cat-tematske-igracke-221","10":"first","11":"instock","12":"shipping-taxable","13":"purchasable","14":"product-type-simple"},"_links":{"self":[{"href":"https:\/\/singuli.wpress.me\/index.php\/wp-json\/wp\/v2\/product\/35976","targetHints":{"allow":["GET"]}}],"collection":[{"href":"https:\/\/singuli.wpress.me\/index.php\/wp-json\/wp\/v2\/product"}],"about":[{"href":"https:\/\/singuli.wpress.me\/index.php\/wp-json\/wp\/v2\/types\/product"}],"version-history":[{"count":0,"href":"https:\/\/singuli.wpress.me\/index.php\/wp-json\/wp\/v2\/product\/35976\/revisions"}],"wp:featuredmedia":[{"embeddable":true,"href":"https:\/\/singuli.wpress.me\/index.php\/wp-json\/wp\/v2\/media\/35977"}],"wp:attachment":[{"href":"https:\/\/singuli.wpress.me\/index.php\/wp-json\/wp\/v2\/media?parent=35976"}],"wp:term":[{"taxonomy":"product_brand","embeddable":true,"href":"https:\/\/singuli.wpress.me\/index.php\/wp-json\/wp\/v2\/product_brand?post=35976"},{"taxonomy":"product_cat","embeddable":true,"href":"https:\/\/singuli.wpress.me\/index.php\/wp-json\/wp\/v2\/product_cat?post=35976"},{"taxonomy":"product_tag","embeddable":true,"href":"https:\/\/singuli.wpress.me\/index.php\/wp-json\/wp\/v2\/product_tag?post=35976"}],"curies":[{"name":"wp","href":"https:\/\/api.w.org\/{rel}","templated":true}]}}