{"id":35981,"date":"2026-04-18T01:52:01","date_gmt":"2026-04-18T01:52:01","guid":{"rendered":"https:\/\/singuli.wpress.me\/index.php\/proizvod\/rio-mare-pate-tuna-i-majoneza-namaz-100-g\/"},"modified":"2026-04-20T12:33:17","modified_gmt":"2026-04-20T12:33:17","slug":"rio-mare-pate-tuna-i-majoneza-namaz-100-g","status":"publish","type":"product","link":"https:\/\/singuli.wpress.me\/index.php\/proizvod\/rio-mare-pate-tuna-i-majoneza-namaz-100-g\/","title":{"rendered":"RIO MARE Pate tuna i majoneza, namaz, 100\u00a0g"},"content":{"rendered":"<p>Rio Mare pa\u0161teta Tuna i majoneza: Kremozna delicija za sve prigode<\/p>\n<p>Otkrijte savr\u0161en okus tunjevine i majoneze u delikatesnom namazu koji je idealan za sve prigode. Nje\u017enog okusa i meke, kremaste teksture, ova pa\u0161teta dolazi u prakti\u010dnoj tubi koja omogu\u0107uje jednostavno nano\u0161enje i savr\u0161eno skladi\u0161tenje u hladnjaku zahvaljuju\u0107i poklopcu.<\/p>\n<p>Ovaj ukusni namaz savr\u0161eno se nanosi na kruh, izvrstan je za ukra\u0161avanje crostina i kanapea, a idealan je i za pripremu sendvi\u010da. Delikatesna koncentracija okusa \u010dini ga nezaobilaznim dodatkom u va\u0161oj kuhinji.<\/p>\n","protected":false},"excerpt":{"rendered":"<p>Savr\u0161en spoj okusa: Delikatesni namaz nje\u017enog okusa, kombinacija tunjevine i majoneze<br \/>\nPrakti\u010dno pakiranje: Lako se nanosi i zatvara zahvaljuju\u0107i tubi i poklopcu<br \/>\nVi\u0161enamjenska upotreba: Idealno za mazanje na kruh, ukra\u0161avanje kanapea i pripremu sendvi\u010da<\/p>\n","protected":false},"featured_media":35982,"template":"","meta":{"_seopress_robots_primary_cat":"","_seopress_titles_title":"","_seopress_titles_desc":"","_seopress_robots_index":"","iawp_total_views":0},"product_brand":[456],"product_cat":[261,299],"product_tag":[],"class_list":{"0":"post-35981","1":"product","2":"type-product","3":"status-publish","4":"has-post-thumbnail","6":"product_brand-rio-mare","7":"product_cat-hrana-i-pice","8":"product_cat-konzervirana-i-gotova-hrana-261","10":"first","11":"instock","12":"shipping-taxable","13":"purchasable","14":"product-type-simple"},"_links":{"self":[{"href":"https:\/\/singuli.wpress.me\/index.php\/wp-json\/wp\/v2\/product\/35981","targetHints":{"allow":["GET"]}}],"collection":[{"href":"https:\/\/singuli.wpress.me\/index.php\/wp-json\/wp\/v2\/product"}],"about":[{"href":"https:\/\/singuli.wpress.me\/index.php\/wp-json\/wp\/v2\/types\/product"}],"version-history":[{"count":0,"href":"https:\/\/singuli.wpress.me\/index.php\/wp-json\/wp\/v2\/product\/35981\/revisions"}],"wp:featuredmedia":[{"embeddable":true,"href":"https:\/\/singuli.wpress.me\/index.php\/wp-json\/wp\/v2\/media\/35982"}],"wp:attachment":[{"href":"https:\/\/singuli.wpress.me\/index.php\/wp-json\/wp\/v2\/media?parent=35981"}],"wp:term":[{"taxonomy":"product_brand","embeddable":true,"href":"https:\/\/singuli.wpress.me\/index.php\/wp-json\/wp\/v2\/product_brand?post=35981"},{"taxonomy":"product_cat","embeddable":true,"href":"https:\/\/singuli.wpress.me\/index.php\/wp-json\/wp\/v2\/product_cat?post=35981"},{"taxonomy":"product_tag","embeddable":true,"href":"https:\/\/singuli.wpress.me\/index.php\/wp-json\/wp\/v2\/product_tag?post=35981"}],"curies":[{"name":"wp","href":"https:\/\/api.w.org\/{rel}","templated":true}]}}