{"id":35984,"date":"2026-04-18T01:52:01","date_gmt":"2026-04-18T01:52:01","guid":{"rendered":"https:\/\/singuli.wpress.me\/index.php\/proizvod\/somersby-cider-bazga-limeta-24x0-33l\/"},"modified":"2026-04-21T00:26:45","modified_gmt":"2026-04-21T00:26:45","slug":"somersby-cider-bazga-limeta-24x0-33l","status":"publish","type":"product","link":"https:\/\/singuli.wpress.me\/index.php\/proizvod\/somersby-cider-bazga-limeta-24x0-33l\/","title":{"rendered":"SOMERSBY, cider, bazga, limeta, 24&#215;0.33l"},"content":{"rendered":"<p>Odu\u0161evite svoja osjetila uz Somersby s okusom limete i jabuke, savr\u0161en bezalkoholni napitak koji spaja eleganciju cvjetnih nota s osvje\u017eavaju\u0107im vo\u0107nim tonovima limete i jabuke. Ova prava poslastica za nepce pru\u017ea lagano i ugodno iskustvo sa svakim gutljajem.<\/p>\n<p>Pa\u017eljivo kreiran od vode, \u0161e\u0107era, koncentrata bezalkoholnog fermentiranog soka od jabuke i prirodnih aroma, Somersby s limetom i jabukom idealan je izbor za sve koji tra\u017ee sofisticirano osvje\u017eenje bez alkohola (0,0% Alk. Vol.). Prepustite se harmoniji okusa i u\u017eivajte u svakom trenutku.<\/p>\n","protected":false},"excerpt":{"rendered":"<p>Savr\u0161ena ravnote\u017ea cvjetnih nota te tonova limete i jabuke.<br \/>\nU\u017eivajte u bogatom okusu s 0,0% alkohola.<br \/>\nU\u017eivajte u bogatom okusu s 0,0% alkohola.<\/p>\n","protected":false},"featured_media":35985,"template":"","meta":{"_seopress_robots_primary_cat":"","_seopress_titles_title":"","_seopress_titles_desc":"","_seopress_robots_index":"","iawp_total_views":0},"product_brand":[517],"product_cat":[261,262],"product_tag":[],"class_list":{"0":"post-35984","1":"product","2":"type-product","3":"status-publish","4":"has-post-thumbnail","6":"product_brand-somersby","7":"product_cat-hrana-i-pice","8":"product_cat-sokovi-i-napitci-261","10":"first","11":"outofstock","12":"shipping-taxable","13":"purchasable","14":"product-type-simple"},"_links":{"self":[{"href":"https:\/\/singuli.wpress.me\/index.php\/wp-json\/wp\/v2\/product\/35984","targetHints":{"allow":["GET"]}}],"collection":[{"href":"https:\/\/singuli.wpress.me\/index.php\/wp-json\/wp\/v2\/product"}],"about":[{"href":"https:\/\/singuli.wpress.me\/index.php\/wp-json\/wp\/v2\/types\/product"}],"version-history":[{"count":0,"href":"https:\/\/singuli.wpress.me\/index.php\/wp-json\/wp\/v2\/product\/35984\/revisions"}],"wp:featuredmedia":[{"embeddable":true,"href":"https:\/\/singuli.wpress.me\/index.php\/wp-json\/wp\/v2\/media\/35985"}],"wp:attachment":[{"href":"https:\/\/singuli.wpress.me\/index.php\/wp-json\/wp\/v2\/media?parent=35984"}],"wp:term":[{"taxonomy":"product_brand","embeddable":true,"href":"https:\/\/singuli.wpress.me\/index.php\/wp-json\/wp\/v2\/product_brand?post=35984"},{"taxonomy":"product_cat","embeddable":true,"href":"https:\/\/singuli.wpress.me\/index.php\/wp-json\/wp\/v2\/product_cat?post=35984"},{"taxonomy":"product_tag","embeddable":true,"href":"https:\/\/singuli.wpress.me\/index.php\/wp-json\/wp\/v2\/product_tag?post=35984"}],"curies":[{"name":"wp","href":"https:\/\/api.w.org\/{rel}","templated":true}]}}