{"id":35988,"date":"2026-04-18T01:52:12","date_gmt":"2026-04-18T01:52:12","guid":{"rendered":"https:\/\/singuli.wpress.me\/index.php\/proizvod\/universal-bezubica-plisana-igracka-30-cm\/"},"modified":"2026-04-20T12:33:17","modified_gmt":"2026-04-20T12:33:17","slug":"universal-bezubica-plisana-igracka-30-cm","status":"publish","type":"product","link":"https:\/\/singuli.wpress.me\/index.php\/proizvod\/universal-bezubica-plisana-igracka-30-cm\/","title":{"rendered":"UNIVERSAL Bezubica, pli\u0161ana igra\u010dka, 30 cm"},"content":{"rendered":"<p>\n    Pli\u0161ana igra\u010dka Bezubica (Toothless) \u2013 30 cm<\/p>\n<p>\n    Upoznajte Bezubicu (Toothless), omiljenog zmaja iz filma &quot;Kako izdresirati svog zmaja&quot;!<\/p>\n<p>\n    Ova srednje velika pli\u0161ana igra\u010dka dolazi u elegantnoj crnoj boji s karakteristi\u010dnim zelenim o\u010dima. Izra\u0111ena je od mekanih materijala \u0161to je \u010dini savr\u0161enom za igru i grljenje.<\/p>\n<p>\n    Bezubica \u0107e, sa svojom veli\u010dinom od 30 cm, postati najbolji prijatelj va\u0161em djetetu, donose\u0107i \u010daroliju i avanturu iz \u010darobnog svijeta zmajeva!<\/p>\n<p>\n    (Napomena: Veli\u010dina, boje i dekoracije mogu se razlikovati.)<\/p>\n","protected":false},"excerpt":{"rendered":"<p>Bezubica (Toothless) iz filma Kako izdresirati svog zmaja<br \/>\nMekani materijali, savr\u0161en za grljenje i igru<br \/>\nVeli\u010dina: 30 cm<\/p>\n","protected":false},"featured_media":35989,"template":"","meta":{"_seopress_robots_primary_cat":"","_seopress_titles_title":"","_seopress_titles_desc":"","_seopress_robots_index":"","iawp_total_views":0},"product_brand":[528],"product_cat":[221,291],"product_tag":[],"class_list":{"0":"post-35988","1":"product","2":"type-product","3":"status-publish","4":"has-post-thumbnail","6":"product_brand-universal","7":"product_cat-igracke","8":"product_cat-igracke-za-djecu-221","10":"first","11":"instock","12":"shipping-taxable","13":"purchasable","14":"product-type-simple"},"_links":{"self":[{"href":"https:\/\/singuli.wpress.me\/index.php\/wp-json\/wp\/v2\/product\/35988","targetHints":{"allow":["GET"]}}],"collection":[{"href":"https:\/\/singuli.wpress.me\/index.php\/wp-json\/wp\/v2\/product"}],"about":[{"href":"https:\/\/singuli.wpress.me\/index.php\/wp-json\/wp\/v2\/types\/product"}],"version-history":[{"count":0,"href":"https:\/\/singuli.wpress.me\/index.php\/wp-json\/wp\/v2\/product\/35988\/revisions"}],"wp:featuredmedia":[{"embeddable":true,"href":"https:\/\/singuli.wpress.me\/index.php\/wp-json\/wp\/v2\/media\/35989"}],"wp:attachment":[{"href":"https:\/\/singuli.wpress.me\/index.php\/wp-json\/wp\/v2\/media?parent=35988"}],"wp:term":[{"taxonomy":"product_brand","embeddable":true,"href":"https:\/\/singuli.wpress.me\/index.php\/wp-json\/wp\/v2\/product_brand?post=35988"},{"taxonomy":"product_cat","embeddable":true,"href":"https:\/\/singuli.wpress.me\/index.php\/wp-json\/wp\/v2\/product_cat?post=35988"},{"taxonomy":"product_tag","embeddable":true,"href":"https:\/\/singuli.wpress.me\/index.php\/wp-json\/wp\/v2\/product_tag?post=35988"}],"curies":[{"name":"wp","href":"https:\/\/api.w.org\/{rel}","templated":true}]}}