{"id":35990,"date":"2026-04-18T01:52:13","date_gmt":"2026-04-18T01:52:13","guid":{"rendered":"https:\/\/singuli.wpress.me\/index.php\/proizvod\/universal-gladni-bezubica-plisana-igracka-30-cm\/"},"modified":"2026-04-20T12:33:17","modified_gmt":"2026-04-20T12:33:17","slug":"universal-gladni-bezubica-plisana-igracka-30-cm","status":"publish","type":"product","link":"https:\/\/singuli.wpress.me\/index.php\/proizvod\/universal-gladni-bezubica-plisana-igracka-30-cm\/","title":{"rendered":"UNIVERSAL gladni Bezubica, pli\u0161ana igra\u010dka, 30 cm"},"content":{"rendered":"<p>\n    Pli\u0161ana igra\u010dka &quot;Gladni Bezubica&quot; (Toothless) \u2013 18 cm<\/p>\n<p>\n    Upoznajte gladnog Bezubicu (Toothless), malog zmaja iz filma &quot;Kako izdresirati svog zmaja&quot;!<\/p>\n<p>\n    Ova slatka pli\u0161ana igra\u010dka dolazi s veselim i \u0161a\u0161avim izrazom lica i prepoznatljivim crnim krznom. Njene mekane forme \u010dine je idealnom za igru i grljenje.<\/p>\n<p>\n    Veseli Bezubica bit \u0107e savr\u0161eni prijatelj va\u0161em mali\u0161anu, donose\u0107i radost i pustolovinu iz \u010darobnog svijeta zmajeva! Veli\u010dine je 18 cm. (Napomena: Veli\u010dina, boje i dekoracije mogu se razlikovati.)<\/p>\n","protected":false},"excerpt":{"rendered":"<p>Bezubica (Toothless) s veselim i \u0161a\u0161avim izrazom lica<br \/>\nVeli\u010dina i materijal: 18 cm, mekane forme idealne za grljenje<br \/>\nPrepoznatljivo crno krzno.<\/p>\n","protected":false},"featured_media":35991,"template":"","meta":{"_seopress_robots_primary_cat":"","_seopress_titles_title":"","_seopress_titles_desc":"","_seopress_robots_index":"","iawp_total_views":0},"product_brand":[528],"product_cat":[221,291],"product_tag":[],"class_list":{"0":"post-35990","1":"product","2":"type-product","3":"status-publish","4":"has-post-thumbnail","6":"product_brand-universal","7":"product_cat-igracke","8":"product_cat-igracke-za-djecu-221","10":"first","11":"instock","12":"shipping-taxable","13":"purchasable","14":"product-type-simple"},"_links":{"self":[{"href":"https:\/\/singuli.wpress.me\/index.php\/wp-json\/wp\/v2\/product\/35990","targetHints":{"allow":["GET"]}}],"collection":[{"href":"https:\/\/singuli.wpress.me\/index.php\/wp-json\/wp\/v2\/product"}],"about":[{"href":"https:\/\/singuli.wpress.me\/index.php\/wp-json\/wp\/v2\/types\/product"}],"version-history":[{"count":0,"href":"https:\/\/singuli.wpress.me\/index.php\/wp-json\/wp\/v2\/product\/35990\/revisions"}],"wp:featuredmedia":[{"embeddable":true,"href":"https:\/\/singuli.wpress.me\/index.php\/wp-json\/wp\/v2\/media\/35991"}],"wp:attachment":[{"href":"https:\/\/singuli.wpress.me\/index.php\/wp-json\/wp\/v2\/media?parent=35990"}],"wp:term":[{"taxonomy":"product_brand","embeddable":true,"href":"https:\/\/singuli.wpress.me\/index.php\/wp-json\/wp\/v2\/product_brand?post=35990"},{"taxonomy":"product_cat","embeddable":true,"href":"https:\/\/singuli.wpress.me\/index.php\/wp-json\/wp\/v2\/product_cat?post=35990"},{"taxonomy":"product_tag","embeddable":true,"href":"https:\/\/singuli.wpress.me\/index.php\/wp-json\/wp\/v2\/product_tag?post=35990"}],"curies":[{"name":"wp","href":"https:\/\/api.w.org\/{rel}","templated":true}]}}