{"id":36005,"date":"2026-04-18T01:52:18","date_gmt":"2026-04-18T01:52:18","guid":{"rendered":"https:\/\/singuli.wpress.me\/index.php\/proizvod\/fisher-price-pushgo-medvjedic-igracka\/"},"modified":"2026-04-20T12:33:17","modified_gmt":"2026-04-20T12:33:17","slug":"fisher-price-pushgo-medvjedic-igracka","status":"publish","type":"product","link":"https:\/\/singuli.wpress.me\/index.php\/proizvod\/fisher-price-pushgo-medvjedic-igracka\/","title":{"rendered":"FISHER PRICE Push&amp;Go medvjedi\u0107, igra\u010dka"},"content":{"rendered":"<p>\n    Fisher-Price\u00ae Polarni medvjed za puzanje \u2013 Pli\u0161ana igra\u010dka s kretanjem<\/p>\n<p>\n    Fisher-Price\u00ae polarni medvjed za puzanje poma\u017ee va\u0161oj bebi da pu\u017ee! Ova igra\u010dka se kotrlja, a beba je hvata \u2013 kakvo uzbu\u0111enje!<\/p>\n<p>\n    Pritiskom na tijelo medvjeda, on juri naprijed, poti\u010du\u0107i va\u0161e dijete da pu\u017ee za svojim novim prijateljem.<\/p>\n<p>\n    Ova zabavna razvojna igra\u010dka dizajnirana je da zaokupi bebina osjetila i male ru\u010dice. Ima mekan, pli\u0161ani rep i glavu koja kucka (lupa\/klepe\u0107e).<\/p>\n","protected":false},"excerpt":{"rendered":"<p>Poti\u010de puzanje: Medvjed se kotrlja i juri naprijed nakon pritiska<br \/>\nSenzorna stimulacija: Ima pli\u0161ani rep i glavu koja kucka.<br \/>\nRazvojna igra\u010dka koja se aktivira pritiskom na tijelo<\/p>\n","protected":false},"featured_media":36006,"template":"","meta":{"_seopress_robots_primary_cat":"","_seopress_titles_title":"","_seopress_titles_desc":"","_seopress_robots_index":"","iawp_total_views":0},"product_brand":[458],"product_cat":[221,291],"product_tag":[],"class_list":{"0":"post-36005","1":"product","2":"type-product","3":"status-publish","4":"has-post-thumbnail","6":"product_brand-fisher-price","7":"product_cat-igracke","8":"product_cat-igracke-za-djecu-221","10":"first","11":"outofstock","12":"shipping-taxable","13":"purchasable","14":"product-type-simple"},"_links":{"self":[{"href":"https:\/\/singuli.wpress.me\/index.php\/wp-json\/wp\/v2\/product\/36005","targetHints":{"allow":["GET"]}}],"collection":[{"href":"https:\/\/singuli.wpress.me\/index.php\/wp-json\/wp\/v2\/product"}],"about":[{"href":"https:\/\/singuli.wpress.me\/index.php\/wp-json\/wp\/v2\/types\/product"}],"version-history":[{"count":0,"href":"https:\/\/singuli.wpress.me\/index.php\/wp-json\/wp\/v2\/product\/36005\/revisions"}],"wp:featuredmedia":[{"embeddable":true,"href":"https:\/\/singuli.wpress.me\/index.php\/wp-json\/wp\/v2\/media\/36006"}],"wp:attachment":[{"href":"https:\/\/singuli.wpress.me\/index.php\/wp-json\/wp\/v2\/media?parent=36005"}],"wp:term":[{"taxonomy":"product_brand","embeddable":true,"href":"https:\/\/singuli.wpress.me\/index.php\/wp-json\/wp\/v2\/product_brand?post=36005"},{"taxonomy":"product_cat","embeddable":true,"href":"https:\/\/singuli.wpress.me\/index.php\/wp-json\/wp\/v2\/product_cat?post=36005"},{"taxonomy":"product_tag","embeddable":true,"href":"https:\/\/singuli.wpress.me\/index.php\/wp-json\/wp\/v2\/product_tag?post=36005"}],"curies":[{"name":"wp","href":"https:\/\/api.w.org\/{rel}","templated":true}]}}