{"id":36015,"date":"2026-04-18T01:52:21","date_gmt":"2026-04-18T01:52:21","guid":{"rendered":"https:\/\/singuli.wpress.me\/index.php\/proizvod\/pringles-hot-fiery-paprika-cips-160-g\/"},"modified":"2026-04-20T12:33:17","modified_gmt":"2026-04-20T12:33:17","slug":"pringles-hot-fiery-paprika-cips-160-g","status":"publish","type":"product","link":"https:\/\/singuli.wpress.me\/index.php\/proizvod\/pringles-hot-fiery-paprika-cips-160-g\/","title":{"rendered":"PRINGLES Hot Fiery Paprika, \u010dips, 160\u00a0g"},"content":{"rendered":"<p>\n    <strong>Pringles Hot Paprika \u2013 \u010cips s okusom ljutog i dimljenog \u010dilija<\/strong>\n<\/p>\n<p>\n    Pripremite se za vatreni okus <strong>Hot Paprika<\/strong> \u010dipsa, inspiriran <strong>dimljenim \u010dilijem<\/strong> i ljutim umacima! Ova kombinacija donosi uzbudljivu ravnote\u017eu dima i intenzivne topline.\n<\/p>\n<p>\n    Iskustvo okusa zapo\u010dinje s notama <strong>dimljene i za\u010dinjene slatke paprike<\/strong> (Smoky and Spicy Sweet Bell Pepper). Te se arome nadopunjuju fermentiranim notama <strong>ljutog umaka od \u010dilija<\/strong> (Chipotle Hot Sauce \/ Tabasco\u00ae Chipotle) te klasi\u010dnim okusima <strong>luka i \u010de\u0161njaka<\/strong>.\n<\/p>\n<p>\n    Ono \u0161to ovaj \u010dips \u010dini posebnim je <strong>dugotrajna, peku\u0107a i trnci uzrokuju\u0107a toplina<\/strong> koja ostaje nakon svakog zalogaja. Savr\u0161en odabir za ljubitelje <em>Flamin\u2019 Bacon<\/em> okusa i sve one koji tra\u017ee sna\u017ean, dimljeni za\u010din!<\/p>\n","protected":false},"excerpt":{"rendered":"<p>Hot Paprika (Ljuta i dimljena paprika)<br \/>\nPo\u010dinje dimljenim i slatkim, nadogra\u0111uje se fermentiranim notama ljutog umaka, i zavr\u0161ava dugotrajnom, peku\u0107om toplinom<br \/>\nNagla\u0161en smokey notama i fermentiranim notama ljutog umaka<\/p>\n","protected":false},"featured_media":36016,"template":"","meta":{"_seopress_robots_primary_cat":"","_seopress_titles_title":"","_seopress_titles_desc":"","_seopress_robots_index":"","iawp_total_views":0},"product_brand":[462],"product_cat":[261,277],"product_tag":[],"class_list":{"0":"post-36015","1":"product","2":"type-product","3":"status-publish","4":"has-post-thumbnail","6":"product_brand-pringles","7":"product_cat-hrana-i-pice","8":"product_cat-slatkisi-i-grickalice-261","10":"first","11":"instock","12":"shipping-taxable","13":"purchasable","14":"product-type-simple"},"_links":{"self":[{"href":"https:\/\/singuli.wpress.me\/index.php\/wp-json\/wp\/v2\/product\/36015","targetHints":{"allow":["GET"]}}],"collection":[{"href":"https:\/\/singuli.wpress.me\/index.php\/wp-json\/wp\/v2\/product"}],"about":[{"href":"https:\/\/singuli.wpress.me\/index.php\/wp-json\/wp\/v2\/types\/product"}],"version-history":[{"count":0,"href":"https:\/\/singuli.wpress.me\/index.php\/wp-json\/wp\/v2\/product\/36015\/revisions"}],"wp:featuredmedia":[{"embeddable":true,"href":"https:\/\/singuli.wpress.me\/index.php\/wp-json\/wp\/v2\/media\/36016"}],"wp:attachment":[{"href":"https:\/\/singuli.wpress.me\/index.php\/wp-json\/wp\/v2\/media?parent=36015"}],"wp:term":[{"taxonomy":"product_brand","embeddable":true,"href":"https:\/\/singuli.wpress.me\/index.php\/wp-json\/wp\/v2\/product_brand?post=36015"},{"taxonomy":"product_cat","embeddable":true,"href":"https:\/\/singuli.wpress.me\/index.php\/wp-json\/wp\/v2\/product_cat?post=36015"},{"taxonomy":"product_tag","embeddable":true,"href":"https:\/\/singuli.wpress.me\/index.php\/wp-json\/wp\/v2\/product_tag?post=36015"}],"curies":[{"name":"wp","href":"https:\/\/api.w.org\/{rel}","templated":true}]}}