{"id":36017,"date":"2026-04-18T01:52:23","date_gmt":"2026-04-18T01:52:23","guid":{"rendered":"https:\/\/singuli.wpress.me\/index.php\/proizvod\/pringles-japanese-style-stir-fry-cips-165-g\/"},"modified":"2026-04-20T12:33:17","modified_gmt":"2026-04-20T12:33:17","slug":"pringles-japanese-style-stir-fry-cips-165-g","status":"publish","type":"product","link":"https:\/\/singuli.wpress.me\/index.php\/proizvod\/pringles-japanese-style-stir-fry-cips-165-g\/","title":{"rendered":"PRINGLES Japanese Style Stir Fry, \u010dips, 165\u00a0g"},"content":{"rendered":"<p>\n    <strong>Pringles Japanese Style Stir-Fry \u2013 Ljuti japanski okus piletine<\/strong>\n<\/p>\n<p>\n    Otkrijte <strong>eksploziju \u017eivih okusa<\/strong> s novim Pringles \u010dipsom <strong>Japanese Style Stir-Fry<\/strong>! Ovaj okus, inspiriran jelima poput <strong>Japanese Firecracker Chicken<\/strong> i <strong>Spiced Oriental Chicken<\/strong>, donosi savr\u0161en <strong>harmonijski balans slatkih i za\u010dinjenih elemenata<\/strong>.\n<\/p>\n<p>\n    Aroma ima <strong>vatrenu notu<\/strong> (<em>fiery kick<\/em>) koja pali okusne pupoljke, vjerojatno zahvaljuju\u0107i <strong>kajenskom papru<\/strong> (Cayenne Pepper). Kompleksnost okusa oboga\u0107ena je notama <strong>ri\u017einog octa u prahu<\/strong> (Rice Vinegar powder) koje pru\u017eaju prepoznatljivu azijsku kiselkasto-slatku bazu, nadopunjenu <strong>paprikom, lukom i \u010de\u0161njakom<\/strong>.\n<\/p>\n<p>\n    Ako volite <strong>Hot Japanese Chicken<\/strong> i tra\u017eite <strong>duhovit, za\u010dinjen i slo\u017een<\/strong> okus, ovaj \u010dips je idealan za vas!<\/p>\n","protected":false},"excerpt":{"rendered":"<p>Harmonija slatkog i ljutog, s vatrenim udarcem i \u017eivim okusima<br \/>\nRi\u017ein ocat u prahu za autenti\u010dnu azijsku bazu<br \/>\nBalans slatkih i za\u010dinjenih elemenata s intenzivnom ljutinom<\/p>\n","protected":false},"featured_media":36018,"template":"","meta":{"_seopress_robots_primary_cat":"","_seopress_titles_title":"","_seopress_titles_desc":"","_seopress_robots_index":"","iawp_total_views":0},"product_brand":[462],"product_cat":[261,277],"product_tag":[],"class_list":{"0":"post-36017","1":"product","2":"type-product","3":"status-publish","4":"has-post-thumbnail","6":"product_brand-pringles","7":"product_cat-hrana-i-pice","8":"product_cat-slatkisi-i-grickalice-261","10":"first","11":"outofstock","12":"shipping-taxable","13":"purchasable","14":"product-type-simple"},"_links":{"self":[{"href":"https:\/\/singuli.wpress.me\/index.php\/wp-json\/wp\/v2\/product\/36017","targetHints":{"allow":["GET"]}}],"collection":[{"href":"https:\/\/singuli.wpress.me\/index.php\/wp-json\/wp\/v2\/product"}],"about":[{"href":"https:\/\/singuli.wpress.me\/index.php\/wp-json\/wp\/v2\/types\/product"}],"version-history":[{"count":0,"href":"https:\/\/singuli.wpress.me\/index.php\/wp-json\/wp\/v2\/product\/36017\/revisions"}],"wp:featuredmedia":[{"embeddable":true,"href":"https:\/\/singuli.wpress.me\/index.php\/wp-json\/wp\/v2\/media\/36018"}],"wp:attachment":[{"href":"https:\/\/singuli.wpress.me\/index.php\/wp-json\/wp\/v2\/media?parent=36017"}],"wp:term":[{"taxonomy":"product_brand","embeddable":true,"href":"https:\/\/singuli.wpress.me\/index.php\/wp-json\/wp\/v2\/product_brand?post=36017"},{"taxonomy":"product_cat","embeddable":true,"href":"https:\/\/singuli.wpress.me\/index.php\/wp-json\/wp\/v2\/product_cat?post=36017"},{"taxonomy":"product_tag","embeddable":true,"href":"https:\/\/singuli.wpress.me\/index.php\/wp-json\/wp\/v2\/product_tag?post=36017"}],"curies":[{"name":"wp","href":"https:\/\/api.w.org\/{rel}","templated":true}]}}