{"id":36021,"date":"2026-04-18T01:52:25","date_gmt":"2026-04-18T01:52:25","guid":{"rendered":"https:\/\/singuli.wpress.me\/index.php\/proizvod\/pringles-mexican-cheesy-jalapeno-cips-165-g\/"},"modified":"2026-04-21T00:26:45","modified_gmt":"2026-04-21T00:26:45","slug":"pringles-mexican-cheesy-jalapeno-cips-165-g","status":"publish","type":"product","link":"https:\/\/singuli.wpress.me\/index.php\/proizvod\/pringles-mexican-cheesy-jalapeno-cips-165-g\/","title":{"rendered":"PRINGLES Mexican Cheesy Jalapeno, \u010dips, 165\u00a0g"},"content":{"rendered":"<p>\n    <strong>Pringles Mexican Style Cheesy Jalapeno \u2013 Okus Tex Mex kuhinje<\/strong>\n<\/p>\n<p>\n    Uronite u autenti\u010dni okus Tex Mex kuhinje s novim Pringles \u010dipsom <strong>Mexican Style Cheesy Jalapeno<\/strong>! Ova kombinacija donosi neodoljivi spoj <strong>mekanog topljenog sira<\/strong> i uzbudljive ljutine <strong>jalape\u00f1o \u010dilija<\/strong>, podsje\u0107aju\u0107i na jela poput <strong>Mexican Grilled Cheese<\/strong> (meksi\u010dki pe\u010deni sir).\n<\/p>\n<p>\n    Iskustvo okusa je <strong>punog tijela<\/strong>. Po\u010dinje finim notama <strong>sira i paprike<\/strong>, koje se zatim spajaju s izra\u017eenom <strong>pikantno\u0161\u0107u i ljutinom<\/strong>. Da bi se postigao autenti\u010dan meksi\u010dki profil, dodane su note <strong>pr\u017eenog kima (roasted cumin)<\/strong> i <strong>pr\u017eenog korijandera (roasted coriander)<\/strong>, uz klasi\u010dni luk i \u010de\u0161njak.\n<\/p>\n<p>\n    Savr\u0161eno hrskava poslastica za sve ljubitelje pikantnog sira!<\/p>\n","protected":false},"excerpt":{"rendered":"<p>Punog tijela, s bazom od sira i paprike te ljutom zavr\u0161nicom<br \/>\nPr\u017eeni kim i korijander za meksi\u010dki profil<\/p>\n","protected":false},"featured_media":36022,"template":"","meta":{"_seopress_robots_primary_cat":"","_seopress_titles_title":"","_seopress_titles_desc":"","_seopress_robots_index":"","iawp_total_views":0},"product_brand":[462],"product_cat":[261,277],"product_tag":[],"class_list":{"0":"post-36021","1":"product","2":"type-product","3":"status-publish","4":"has-post-thumbnail","6":"product_brand-pringles","7":"product_cat-hrana-i-pice","8":"product_cat-slatkisi-i-grickalice-261","10":"first","11":"outofstock","12":"shipping-taxable","13":"purchasable","14":"product-type-simple"},"_links":{"self":[{"href":"https:\/\/singuli.wpress.me\/index.php\/wp-json\/wp\/v2\/product\/36021","targetHints":{"allow":["GET"]}}],"collection":[{"href":"https:\/\/singuli.wpress.me\/index.php\/wp-json\/wp\/v2\/product"}],"about":[{"href":"https:\/\/singuli.wpress.me\/index.php\/wp-json\/wp\/v2\/types\/product"}],"version-history":[{"count":0,"href":"https:\/\/singuli.wpress.me\/index.php\/wp-json\/wp\/v2\/product\/36021\/revisions"}],"wp:featuredmedia":[{"embeddable":true,"href":"https:\/\/singuli.wpress.me\/index.php\/wp-json\/wp\/v2\/media\/36022"}],"wp:attachment":[{"href":"https:\/\/singuli.wpress.me\/index.php\/wp-json\/wp\/v2\/media?parent=36021"}],"wp:term":[{"taxonomy":"product_brand","embeddable":true,"href":"https:\/\/singuli.wpress.me\/index.php\/wp-json\/wp\/v2\/product_brand?post=36021"},{"taxonomy":"product_cat","embeddable":true,"href":"https:\/\/singuli.wpress.me\/index.php\/wp-json\/wp\/v2\/product_cat?post=36021"},{"taxonomy":"product_tag","embeddable":true,"href":"https:\/\/singuli.wpress.me\/index.php\/wp-json\/wp\/v2\/product_tag?post=36021"}],"curies":[{"name":"wp","href":"https:\/\/api.w.org\/{rel}","templated":true}]}}