{"id":36028,"date":"2026-04-18T01:52:29","date_gmt":"2026-04-18T01:52:29","guid":{"rendered":"https:\/\/singuli.wpress.me\/index.php\/proizvod\/glade-osvjezivac-prostora-u-gelu-bozur-i-tresnja-180-g\/"},"modified":"2026-04-20T12:33:17","modified_gmt":"2026-04-20T12:33:17","slug":"glade-osvjezivac-prostora-u-gelu-bozur-i-tresnja-180-g","status":"publish","type":"product","link":"https:\/\/singuli.wpress.me\/index.php\/proizvod\/glade-osvjezivac-prostora-u-gelu-bozur-i-tresnja-180-g\/","title":{"rendered":"GLADE, osvje\u017eiva\u010d prostora u gelu, bo\u017eur i tre\u0161nja, 180\u00a0g"},"content":{"rendered":"<p>Glade\u00ae osvje\u017eiva\u010d za kupaonicu &#8211; bo\u017eur i tre\u0161nja, mirisni je gel za kupaonicu s tehnologijom produljenog otpu\u0161tanja mirisa.<\/p>\n<p>Gel osigurava do 45 dana bez neugodnih mirisa.<\/p>\n<p>Upute za uporabu:<br \/>\nSkinite foliju na ozna\u010denom podru\u010dju te podignite poklopac na \u017eeljenu razinu kako biste oslobodili miris.<\/p>\n","protected":false},"excerpt":{"rendered":"<p>Mirisni gel za kupaonicu s tehnologijom produljenog otpu\u0161tanja mirisa<br \/>\nDo 45 dana mirisa<br \/>\nMiris bo\u017eura i tre\u0161nje<\/p>\n","protected":false},"featured_media":36029,"template":"","meta":{"_seopress_robots_primary_cat":"","_seopress_titles_title":"","_seopress_titles_desc":"","_seopress_robots_index":"","iawp_total_views":0},"product_brand":[405],"product_cat":[268,278],"product_tag":[],"class_list":{"0":"post-36028","1":"product","2":"type-product","3":"status-publish","4":"has-post-thumbnail","6":"product_brand-glade","7":"product_cat-kozmetika-2","8":"product_cat-njega-tijela-268","10":"first","11":"instock","12":"shipping-taxable","13":"purchasable","14":"product-type-simple"},"_links":{"self":[{"href":"https:\/\/singuli.wpress.me\/index.php\/wp-json\/wp\/v2\/product\/36028","targetHints":{"allow":["GET"]}}],"collection":[{"href":"https:\/\/singuli.wpress.me\/index.php\/wp-json\/wp\/v2\/product"}],"about":[{"href":"https:\/\/singuli.wpress.me\/index.php\/wp-json\/wp\/v2\/types\/product"}],"version-history":[{"count":0,"href":"https:\/\/singuli.wpress.me\/index.php\/wp-json\/wp\/v2\/product\/36028\/revisions"}],"wp:featuredmedia":[{"embeddable":true,"href":"https:\/\/singuli.wpress.me\/index.php\/wp-json\/wp\/v2\/media\/36029"}],"wp:attachment":[{"href":"https:\/\/singuli.wpress.me\/index.php\/wp-json\/wp\/v2\/media?parent=36028"}],"wp:term":[{"taxonomy":"product_brand","embeddable":true,"href":"https:\/\/singuli.wpress.me\/index.php\/wp-json\/wp\/v2\/product_brand?post=36028"},{"taxonomy":"product_cat","embeddable":true,"href":"https:\/\/singuli.wpress.me\/index.php\/wp-json\/wp\/v2\/product_cat?post=36028"},{"taxonomy":"product_tag","embeddable":true,"href":"https:\/\/singuli.wpress.me\/index.php\/wp-json\/wp\/v2\/product_tag?post=36028"}],"curies":[{"name":"wp","href":"https:\/\/api.w.org\/{rel}","templated":true}]}}