{"id":36049,"date":"2026-04-18T01:52:41","date_gmt":"2026-04-18T01:52:41","guid":{"rendered":"https:\/\/singuli.wpress.me\/index.php\/proizvod\/old-spice-footballer-poklon-paket-2\/"},"modified":"2026-04-20T12:33:17","modified_gmt":"2026-04-20T12:33:17","slug":"old-spice-footballer-poklon-paket-2","status":"publish","type":"product","link":"https:\/\/singuli.wpress.me\/index.php\/proizvod\/old-spice-footballer-poklon-paket-2\/","title":{"rendered":"OLD SPICE Footballer, poklon paket"},"content":{"rendered":"<p>Oslobodi nevjerojatnu 24-satnu svje\u017einu 7 dana u tjednu* uz darovne komplete Old Spice! Tra\u017ei\u0161 savr\u0161en dar za ljubitelja nogometa koji \u017eivi za utakmice, natjecateljskog je duha i legendarno miri\u0161e? Ne tra\u017ei dalje! Darovni komplet sadr\u017ei dezodorans u stiku i gel za tu\u0161iranje za mu\u0161karce Captain, kao i elegantan par \u010darapa, prekrasno upakirane u kartonskoj kutiji s dizajnom Footballer. Ne mo\u017ee\u0161 pogrije\u0161iti s mirisom parfemske kvalitete Old Spice Captain: miris divljih morskih valova, sandalovine i pikantnog bergamota pretvorit \u0107e svakog mu\u0161karca u neustra\u0161ivog kapetana svje\u017eine. Kako to da ovaj darovni komplet Old Spice nije ve\u0107 u tvojoj ko\u0161arici? (*kada se koriste gel za tu\u0161iranje i dezodorans)<\/p>\n","protected":false},"excerpt":{"rendered":"<p>Set uklju\u010duje dezodorans u stiku (50 ml), gel za tu\u0161iranje (250 ml) i elegantan par \u010darapa<br \/>\nDugotrajni miris: Miris parfemske kvalitete s notama divljih morskih valova, sandalovine i bergamota pru\u017ea 24-satnu svje\u017einu<br \/>\nIdealan poklon: Savr\u0161en dar za sve ljubitelje nogometa i natjecateljskog duha<\/p>\n","protected":false},"featured_media":36050,"template":"","meta":{"_seopress_robots_primary_cat":"","_seopress_titles_title":"","_seopress_titles_desc":"","_seopress_robots_index":"","iawp_total_views":0},"product_brand":[448],"product_cat":[261,277],"product_tag":[],"class_list":{"0":"post-36049","1":"product","2":"type-product","3":"status-publish","4":"has-post-thumbnail","6":"product_brand-old-spice","7":"product_cat-hrana-i-pice","8":"product_cat-slatkisi-i-grickalice-261","10":"first","11":"outofstock","12":"shipping-taxable","13":"purchasable","14":"product-type-simple"},"_links":{"self":[{"href":"https:\/\/singuli.wpress.me\/index.php\/wp-json\/wp\/v2\/product\/36049","targetHints":{"allow":["GET"]}}],"collection":[{"href":"https:\/\/singuli.wpress.me\/index.php\/wp-json\/wp\/v2\/product"}],"about":[{"href":"https:\/\/singuli.wpress.me\/index.php\/wp-json\/wp\/v2\/types\/product"}],"version-history":[{"count":0,"href":"https:\/\/singuli.wpress.me\/index.php\/wp-json\/wp\/v2\/product\/36049\/revisions"}],"wp:featuredmedia":[{"embeddable":true,"href":"https:\/\/singuli.wpress.me\/index.php\/wp-json\/wp\/v2\/media\/36050"}],"wp:attachment":[{"href":"https:\/\/singuli.wpress.me\/index.php\/wp-json\/wp\/v2\/media?parent=36049"}],"wp:term":[{"taxonomy":"product_brand","embeddable":true,"href":"https:\/\/singuli.wpress.me\/index.php\/wp-json\/wp\/v2\/product_brand?post=36049"},{"taxonomy":"product_cat","embeddable":true,"href":"https:\/\/singuli.wpress.me\/index.php\/wp-json\/wp\/v2\/product_cat?post=36049"},{"taxonomy":"product_tag","embeddable":true,"href":"https:\/\/singuli.wpress.me\/index.php\/wp-json\/wp\/v2\/product_tag?post=36049"}],"curies":[{"name":"wp","href":"https:\/\/api.w.org\/{rel}","templated":true}]}}