{"id":36052,"date":"2026-04-18T01:52:43","date_gmt":"2026-04-18T01:52:43","guid":{"rendered":"https:\/\/singuli.wpress.me\/index.php\/proizvod\/old-spice-dj-poklon-paket\/"},"modified":"2026-04-21T00:26:45","modified_gmt":"2026-04-21T00:26:45","slug":"old-spice-dj-poklon-paket","status":"publish","type":"product","link":"https:\/\/singuli.wpress.me\/index.php\/proizvod\/old-spice-dj-poklon-paket\/","title":{"rendered":"OLD SPICE DJ, poklon paket"},"content":{"rendered":"<p>Oslobodi nevjerojatnu 24-satnu svje\u017einu 7 dana u tjednu* uz darovne komplete Old Spice! Tra\u017ei\u0161 savr\u0161en dar za ljubitelja partyja koji se zabavlja dan i no\u0107, opu\u0161ten je i legendarno miri\u0161e? Ne tra\u017ei dalje! Darovni komplet sadr\u017ei dezodorans u stiku, dezodorans u spreju i gel za tu\u0161iranje za mu\u0161karce Night Panther, prekrasno upakirane u kartonskoj kutiji s dizajnom DJ. Uklju\u010duje i uradi-sam domino: dijelovi se jednostavno izre\u017eu iz kutije za u\u017eivanje u fantamirisnom trenutku! Ne mo\u017ee\u0161 pogrije\u0161iti s mirisom parfemske kvalitete Old Spice Night Panther: bogati miris tamne \u010dokolade, ljutkastih citrusa i vanilije stvara opasnu ovisnost. Kako to da ovaj darovni komplet Old Spice nije ve\u0107 u tvojoj ko\u0161arici? (*kada se koriste gel za tu\u0161iranje i dezodorans)<\/p>\n","protected":false},"excerpt":{"rendered":"<p>Set uklju\u010duje dezodorans u stiku (50 ml), dezodorans u spreju (150 ml) i gel za tu\u0161iranje (250 ml), sve s mirisom &#8220;Night Panther&#8221;<br \/>\nZavodljivi miris: Miris parfemske kvalitete s bogatim notama tamne \u010dokolade, ljutkastih citrusa i vanilije<br \/>\nIdealan poklon: Savr\u0161en dar za ljubitelje zabave, uz dodatni &#8220;uradi-sam&#8221; domino za jedinstveni do\u017eivljaj<\/p>\n","protected":false},"featured_media":36053,"template":"","meta":{"_seopress_robots_primary_cat":"","_seopress_titles_title":"","_seopress_titles_desc":"","_seopress_robots_index":"","iawp_total_views":0},"product_brand":[448],"product_cat":[261,277],"product_tag":[],"class_list":{"0":"post-36052","1":"product","2":"type-product","3":"status-publish","4":"has-post-thumbnail","6":"product_brand-old-spice","7":"product_cat-hrana-i-pice","8":"product_cat-slatkisi-i-grickalice-261","10":"first","11":"outofstock","12":"shipping-taxable","13":"purchasable","14":"product-type-simple"},"_links":{"self":[{"href":"https:\/\/singuli.wpress.me\/index.php\/wp-json\/wp\/v2\/product\/36052","targetHints":{"allow":["GET"]}}],"collection":[{"href":"https:\/\/singuli.wpress.me\/index.php\/wp-json\/wp\/v2\/product"}],"about":[{"href":"https:\/\/singuli.wpress.me\/index.php\/wp-json\/wp\/v2\/types\/product"}],"version-history":[{"count":0,"href":"https:\/\/singuli.wpress.me\/index.php\/wp-json\/wp\/v2\/product\/36052\/revisions"}],"wp:featuredmedia":[{"embeddable":true,"href":"https:\/\/singuli.wpress.me\/index.php\/wp-json\/wp\/v2\/media\/36053"}],"wp:attachment":[{"href":"https:\/\/singuli.wpress.me\/index.php\/wp-json\/wp\/v2\/media?parent=36052"}],"wp:term":[{"taxonomy":"product_brand","embeddable":true,"href":"https:\/\/singuli.wpress.me\/index.php\/wp-json\/wp\/v2\/product_brand?post=36052"},{"taxonomy":"product_cat","embeddable":true,"href":"https:\/\/singuli.wpress.me\/index.php\/wp-json\/wp\/v2\/product_cat?post=36052"},{"taxonomy":"product_tag","embeddable":true,"href":"https:\/\/singuli.wpress.me\/index.php\/wp-json\/wp\/v2\/product_tag?post=36052"}],"curies":[{"name":"wp","href":"https:\/\/api.w.org\/{rel}","templated":true}]}}