{"id":36063,"date":"2026-04-18T01:52:50","date_gmt":"2026-04-18T01:52:50","guid":{"rendered":"https:\/\/singuli.wpress.me\/index.php\/proizvod\/gillette-blue-3-comfort-brijac-s-zamjenskim-britvicama\/"},"modified":"2026-04-20T12:33:17","modified_gmt":"2026-04-20T12:33:17","slug":"gillette-blue-3-comfort-brijac-s-zamjenskim-britvicama","status":"publish","type":"product","link":"https:\/\/singuli.wpress.me\/index.php\/proizvod\/gillette-blue-3-comfort-brijac-s-zamjenskim-britvicama\/","title":{"rendered":"GILLETTE Blue 3+ Comfort, brija\u010d s zamjenskim britvicama"},"content":{"rendered":"<p>Isprobajte novi brija\u010d za mu\u0161karce Gillette Blue 3+ Comfort. Pobolj\u0161ana ergonomska dr\u0161ka* osigurava bolje dr\u017eanje, dok glava pokretljiva za 40 stupnjeva omogu\u0107uje pobolj\u0161anu kontrolu* za temeljito i ugodno mokro brijanje. Intuitivni dizajn umetanja zna\u010di da se zamjenske glave mijenjaju brzo i jednostavno, a imaju 3 o\u0161trice koje su blage prema ko\u017ei te lubrikantnu trakicu ComfortGel za glatko brijanje. (*u odnosu na Blue II)<\/p>\n","protected":false},"excerpt":{"rendered":"<p>Pobolj\u0161ana ergonomija: Brija\u010d ima pobolj\u0161anu ergonomsku dr\u0161ku s elastomerskim hvati\u0161tem za bolje dr\u017eanje i glavu pokretljivu za 40 stupnjeva za lak\u0161u kontrolu<br \/>\nSadr\u017ei 3 o\u0161trice koje su blage prema ko\u017ei i lubrikantnu trakicu ComfortGel za iznimno glatko klizanje<br \/>\nU pakiranju je 1 brija\u010d i 1 zamjenska britvica, koja se brzo i jednostavno mijenja zahvaljuju\u0107i intuitivnom dizajnu<\/p>\n","protected":false},"featured_media":36064,"template":"","meta":{"_seopress_robots_primary_cat":"","_seopress_titles_title":"","_seopress_titles_desc":"","_seopress_robots_index":"","iawp_total_views":0},"product_brand":[323],"product_cat":[261,277],"product_tag":[],"class_list":{"0":"post-36063","1":"product","2":"type-product","3":"status-publish","4":"has-post-thumbnail","6":"product_brand-gillette","7":"product_cat-hrana-i-pice","8":"product_cat-slatkisi-i-grickalice-261","10":"first","11":"instock","12":"shipping-taxable","13":"purchasable","14":"product-type-simple"},"_links":{"self":[{"href":"https:\/\/singuli.wpress.me\/index.php\/wp-json\/wp\/v2\/product\/36063","targetHints":{"allow":["GET"]}}],"collection":[{"href":"https:\/\/singuli.wpress.me\/index.php\/wp-json\/wp\/v2\/product"}],"about":[{"href":"https:\/\/singuli.wpress.me\/index.php\/wp-json\/wp\/v2\/types\/product"}],"version-history":[{"count":0,"href":"https:\/\/singuli.wpress.me\/index.php\/wp-json\/wp\/v2\/product\/36063\/revisions"}],"wp:featuredmedia":[{"embeddable":true,"href":"https:\/\/singuli.wpress.me\/index.php\/wp-json\/wp\/v2\/media\/36064"}],"wp:attachment":[{"href":"https:\/\/singuli.wpress.me\/index.php\/wp-json\/wp\/v2\/media?parent=36063"}],"wp:term":[{"taxonomy":"product_brand","embeddable":true,"href":"https:\/\/singuli.wpress.me\/index.php\/wp-json\/wp\/v2\/product_brand?post=36063"},{"taxonomy":"product_cat","embeddable":true,"href":"https:\/\/singuli.wpress.me\/index.php\/wp-json\/wp\/v2\/product_cat?post=36063"},{"taxonomy":"product_tag","embeddable":true,"href":"https:\/\/singuli.wpress.me\/index.php\/wp-json\/wp\/v2\/product_tag?post=36063"}],"curies":[{"name":"wp","href":"https:\/\/api.w.org\/{rel}","templated":true}]}}