{"id":36066,"date":"2026-04-18T01:52:54","date_gmt":"2026-04-18T01:52:54","guid":{"rendered":"https:\/\/singuli.wpress.me\/index.php\/proizvod\/herbal-essences-argan-oil-repair-poklon-paket\/"},"modified":"2026-04-20T12:33:17","modified_gmt":"2026-04-20T12:33:17","slug":"herbal-essences-argan-oil-repair-poklon-paket","status":"publish","type":"product","link":"https:\/\/singuli.wpress.me\/index.php\/proizvod\/herbal-essences-argan-oil-repair-poklon-paket\/","title":{"rendered":"HERBAL ESSENCES Argan Oil Repair, poklon paket"},"content":{"rendered":"<p>Poklonite si trenutak radosti u prirodi uz set proizvoda Herbal Essences Argan Oil Repair, koji regenerira i vra\u0107a prirodnu ljepotu va\u0161e kose. Set uklju\u010duje \u0161ampon, regenerator i masku, sve oboga\u0107ene dragocjenim arganovim uljem. Ova formula u\u010dinkovito obnavlja o\u0161te\u0107ene pramenove, daju\u0107i im glatko\u0107u i sjaj. Bogata, egzoti\u010dna aroma osvje\u017eava i opu\u0161ta. Koriste\u0107i cijeli set, probudit \u0107ete svoja osjetila i povratiti prekrasnu, zdravu kosu koja \u0107e biti puna \u017eivota.<\/p>\n","protected":false},"excerpt":{"rendered":"<p>Cjelovita njega: Set sadr\u017ei \u0161ampon, regenerator i masku za kosu, osmi\u0161ljene za obnavljanje i vra\u0107anje prirodne ljepote o\u0161te\u0107enoj kosi<br \/>\nOboga\u0107ena formula: Proizvodi su oboga\u0107eni dragocjenim arganovim uljem, koje dubinski hrani vlasi kose i pru\u017ea im glatko\u0107u i sjaj<br \/>\nDugoro\u010dni rezultati: Koriste\u0107i cijeli set, kosa dobiva do 3x vi\u0161e njege, a bogati miris znanstveno dokazano podi\u017ee raspolo\u017eenje<\/p>\n","protected":false},"featured_media":36067,"template":"","meta":{"_seopress_robots_primary_cat":"","_seopress_titles_title":"","_seopress_titles_desc":"","_seopress_robots_index":"","iawp_total_views":0},"product_brand":[483],"product_cat":[261,277],"product_tag":[],"class_list":{"0":"post-36066","1":"product","2":"type-product","3":"status-publish","4":"has-post-thumbnail","6":"product_brand-herbal-essences","7":"product_cat-hrana-i-pice","8":"product_cat-slatkisi-i-grickalice-261","10":"first","11":"instock","12":"shipping-taxable","13":"purchasable","14":"product-type-simple"},"_links":{"self":[{"href":"https:\/\/singuli.wpress.me\/index.php\/wp-json\/wp\/v2\/product\/36066","targetHints":{"allow":["GET"]}}],"collection":[{"href":"https:\/\/singuli.wpress.me\/index.php\/wp-json\/wp\/v2\/product"}],"about":[{"href":"https:\/\/singuli.wpress.me\/index.php\/wp-json\/wp\/v2\/types\/product"}],"version-history":[{"count":0,"href":"https:\/\/singuli.wpress.me\/index.php\/wp-json\/wp\/v2\/product\/36066\/revisions"}],"wp:featuredmedia":[{"embeddable":true,"href":"https:\/\/singuli.wpress.me\/index.php\/wp-json\/wp\/v2\/media\/36067"}],"wp:attachment":[{"href":"https:\/\/singuli.wpress.me\/index.php\/wp-json\/wp\/v2\/media?parent=36066"}],"wp:term":[{"taxonomy":"product_brand","embeddable":true,"href":"https:\/\/singuli.wpress.me\/index.php\/wp-json\/wp\/v2\/product_brand?post=36066"},{"taxonomy":"product_cat","embeddable":true,"href":"https:\/\/singuli.wpress.me\/index.php\/wp-json\/wp\/v2\/product_cat?post=36066"},{"taxonomy":"product_tag","embeddable":true,"href":"https:\/\/singuli.wpress.me\/index.php\/wp-json\/wp\/v2\/product_tag?post=36066"}],"curies":[{"name":"wp","href":"https:\/\/api.w.org\/{rel}","templated":true}]}}