{"id":36078,"date":"2026-04-18T01:53:02","date_gmt":"2026-04-18T01:53:02","guid":{"rendered":"https:\/\/singuli.wpress.me\/index.php\/proizvod\/pantene-intensive-repair-poklon-paket-2\/"},"modified":"2026-04-20T12:33:17","modified_gmt":"2026-04-20T12:33:17","slug":"pantene-intensive-repair-poklon-paket-2","status":"publish","type":"product","link":"https:\/\/singuli.wpress.me\/index.php\/proizvod\/pantene-intensive-repair-poklon-paket-2\/","title":{"rendered":"PANTENE Intensive Repair, poklon paket"},"content":{"rendered":"<p>Otkrijte set proizvoda Pantene Intensive Repair, izvrsnog izvora prehrane i za\u0161tite va\u0161e kose. Nje\u017ena formula s PRO-V i inovativnom tehnologijom ACTIVE NUTRI-PLEX \u010disti kosu i pru\u017ea joj potrebne hranjive tvari. Kori\u0161tenje s na\u0161im regeneratorom poma\u017ee popraviti* znakove o\u0161te\u0107enja, poput nedostatka glatko\u0107e i sjaja, ja\u010daju\u0107i** kosu iznutra. Testirano od strane Swiss Vitamin Institute.<\/p>\n","protected":false},"excerpt":{"rendered":"<p>Snaga PRO-V formule: Set sadr\u017ei \u0161ampon i balzam s formulom Pro-V i tehnologijom Active Nutri-Plex, osmi\u0161ljenima za popravak i ja\u010danje o\u0161te\u0107ene kose<br \/>\n\u010cista i brza njega: \u0160ampon je bez silikona, mineralnih ulja i bojila, dok balzam Miracle vidljivo transformira kosu u samo 3 minute<br \/>\nProizvodi su testirani od strane Swiss Vitamin Institute, \u0161to jam\u010di za\u0161titu veza u vlasima kose i zdrav izgled<\/p>\n","protected":false},"featured_media":36079,"template":"","meta":{"_seopress_robots_primary_cat":"","_seopress_titles_title":"","_seopress_titles_desc":"","_seopress_robots_index":"","iawp_total_views":0},"product_brand":[411],"product_cat":[261,277],"product_tag":[],"class_list":{"0":"post-36078","1":"product","2":"type-product","3":"status-publish","4":"has-post-thumbnail","6":"product_brand-pantene","7":"product_cat-hrana-i-pice","8":"product_cat-slatkisi-i-grickalice-261","10":"first","11":"instock","12":"shipping-taxable","13":"purchasable","14":"product-type-simple"},"_links":{"self":[{"href":"https:\/\/singuli.wpress.me\/index.php\/wp-json\/wp\/v2\/product\/36078","targetHints":{"allow":["GET"]}}],"collection":[{"href":"https:\/\/singuli.wpress.me\/index.php\/wp-json\/wp\/v2\/product"}],"about":[{"href":"https:\/\/singuli.wpress.me\/index.php\/wp-json\/wp\/v2\/types\/product"}],"version-history":[{"count":0,"href":"https:\/\/singuli.wpress.me\/index.php\/wp-json\/wp\/v2\/product\/36078\/revisions"}],"wp:featuredmedia":[{"embeddable":true,"href":"https:\/\/singuli.wpress.me\/index.php\/wp-json\/wp\/v2\/media\/36079"}],"wp:attachment":[{"href":"https:\/\/singuli.wpress.me\/index.php\/wp-json\/wp\/v2\/media?parent=36078"}],"wp:term":[{"taxonomy":"product_brand","embeddable":true,"href":"https:\/\/singuli.wpress.me\/index.php\/wp-json\/wp\/v2\/product_brand?post=36078"},{"taxonomy":"product_cat","embeddable":true,"href":"https:\/\/singuli.wpress.me\/index.php\/wp-json\/wp\/v2\/product_cat?post=36078"},{"taxonomy":"product_tag","embeddable":true,"href":"https:\/\/singuli.wpress.me\/index.php\/wp-json\/wp\/v2\/product_tag?post=36078"}],"curies":[{"name":"wp","href":"https:\/\/api.w.org\/{rel}","templated":true}]}}