{"id":36083,"date":"2026-04-18T01:53:04","date_gmt":"2026-04-18T01:53:04","guid":{"rendered":"https:\/\/singuli.wpress.me\/index.php\/proizvod\/headshoulders-set-proizvoda-head-shoulders-i-old-spice-poklon-paket\/"},"modified":"2026-04-20T12:33:17","modified_gmt":"2026-04-20T12:33:17","slug":"headshoulders-set-proizvoda-head-shoulders-i-old-spice-poklon-paket","status":"publish","type":"product","link":"https:\/\/singuli.wpress.me\/index.php\/proizvod\/headshoulders-set-proizvoda-head-shoulders-i-old-spice-poklon-paket\/","title":{"rendered":"HEAD&amp;SHOULDERS Set proizvoda Head &amp; Shoulders i Old Spice, poklon paket"},"content":{"rendered":"<p>U\u017eivajte u svje\u017eini 24 sata zahvaljuju\u0107i dezodoransu Old Spice Whitewater, koji u\u010dinkovito \u0161titi od neugodnih mirisa. U paketu se nalazi i \u0161ampon 2 u 1 Head &amp; Shoulders Classic Clean, koji se bori protiv peruti i brine o ravnote\u017ei mikrobioma vlasi\u0161ta. Savr\u0161en spoj za samopouzdanje svaki dan!<\/p>\n","protected":false},"excerpt":{"rendered":"<p>Set uklju\u010duje Head &amp; Shoulders 2 u 1 \u0161ampon koji pru\u017ea 100% za\u0161titu od peruti i Old Spice Whitewater dezodorans za 24-satnu svje\u017einu<br \/>\n\u0160ampon sadr\u017ei 25% vi\u0161e aktivnih njeguju\u0107ih tvari, dok dezodorans pru\u017ea dugotrajan miris svje\u017ee vode, citrusa i ambre<br \/>\nSavr\u0161en spoj proizvoda koji osigurava \u010distu kosu, zdravu ravnote\u017eu vlasi\u0161ta i za\u0161titu od neugodnih mirisa<\/p>\n","protected":false},"featured_media":36084,"template":"","meta":{"_seopress_robots_primary_cat":"","_seopress_titles_title":"","_seopress_titles_desc":"","_seopress_robots_index":"","iawp_total_views":0},"product_brand":[443],"product_cat":[261,277],"product_tag":[],"class_list":{"0":"post-36083","1":"product","2":"type-product","3":"status-publish","4":"has-post-thumbnail","6":"product_brand-headshoulders","7":"product_cat-hrana-i-pice","8":"product_cat-slatkisi-i-grickalice-261","10":"first","11":"outofstock","12":"shipping-taxable","13":"purchasable","14":"product-type-simple"},"_links":{"self":[{"href":"https:\/\/singuli.wpress.me\/index.php\/wp-json\/wp\/v2\/product\/36083","targetHints":{"allow":["GET"]}}],"collection":[{"href":"https:\/\/singuli.wpress.me\/index.php\/wp-json\/wp\/v2\/product"}],"about":[{"href":"https:\/\/singuli.wpress.me\/index.php\/wp-json\/wp\/v2\/types\/product"}],"version-history":[{"count":0,"href":"https:\/\/singuli.wpress.me\/index.php\/wp-json\/wp\/v2\/product\/36083\/revisions"}],"wp:featuredmedia":[{"embeddable":true,"href":"https:\/\/singuli.wpress.me\/index.php\/wp-json\/wp\/v2\/media\/36084"}],"wp:attachment":[{"href":"https:\/\/singuli.wpress.me\/index.php\/wp-json\/wp\/v2\/media?parent=36083"}],"wp:term":[{"taxonomy":"product_brand","embeddable":true,"href":"https:\/\/singuli.wpress.me\/index.php\/wp-json\/wp\/v2\/product_brand?post=36083"},{"taxonomy":"product_cat","embeddable":true,"href":"https:\/\/singuli.wpress.me\/index.php\/wp-json\/wp\/v2\/product_cat?post=36083"},{"taxonomy":"product_tag","embeddable":true,"href":"https:\/\/singuli.wpress.me\/index.php\/wp-json\/wp\/v2\/product_tag?post=36083"}],"curies":[{"name":"wp","href":"https:\/\/api.w.org\/{rel}","templated":true}]}}