{"id":36087,"date":"2026-04-18T01:53:06","date_gmt":"2026-04-18T01:53:06","guid":{"rendered":"https:\/\/singuli.wpress.me\/index.php\/proizvod\/headshoulders-set-proizvoda-head-shoulders-i-old-spice-poklon-paket-2\/"},"modified":"2026-04-20T12:33:17","modified_gmt":"2026-04-20T12:33:17","slug":"headshoulders-set-proizvoda-head-shoulders-i-old-spice-poklon-paket-2","status":"publish","type":"product","link":"https:\/\/singuli.wpress.me\/index.php\/proizvod\/headshoulders-set-proizvoda-head-shoulders-i-old-spice-poklon-paket-2\/","title":{"rendered":"HEAD&amp;SHOULDERS Set proizvoda Head &amp; Shoulders i Old Spice, poklon paket"},"content":{"rendered":"<p>Otkrijte mo\u0107 u\u010dinkovite njege s paketom Head &amp; Shoulders i Old Spice, osmi\u0161ljenim posebno za mu\u0161karce. \u0160ampon Head &amp; Shoulders Men Ultra pru\u017ea 100% za\u0161titu od peruti uz redovitu upotrebu, uklanjaju\u0107i vidljive znakove i sprje\u010davaju\u0107i njihovo ponavljanje. Kosa je dubinski o\u010di\u0161\u0107ena i njegovana. Old Spice Captain je dezodorans u sticku koji osigurava svje\u017einu do 24 sata. Njegov senzualni miris sandalovine i bergamotke dodaje samopouzdanje. Oba proizvoda su idealna za svakodnevnu upotrebu, a njihova pakiranja sadr\u017ee plastiku od recikliranja, \u010dime se brinu o okoli\u0161u. U\u017eivajte u svje\u017eini i udobnosti svaki dan!<\/p>\n","protected":false},"excerpt":{"rendered":"<p>Set sadr\u017ei \u0161ampon Head &amp; Shoulders protiv peruti i dezodorans u stiku Old Spice Captain za 24-satnu svje\u017einu<br \/>\nMu\u017eevan miris: Dezodorans pru\u017ea dugotrajan, mu\u017eevan miris s notama morskih valova, sandalovine i bergamota, idealan za svakodnevnu upotrebu<br \/>\nOba proizvoda dolaze u pakiranjima koja sadr\u017ee recikliranu plastiku, \u010dime se brine o okoli\u0161u<\/p>\n","protected":false},"featured_media":36088,"template":"","meta":{"_seopress_robots_primary_cat":"","_seopress_titles_title":"","_seopress_titles_desc":"","_seopress_robots_index":"","iawp_total_views":0},"product_brand":[443],"product_cat":[261,277],"product_tag":[],"class_list":{"0":"post-36087","1":"product","2":"type-product","3":"status-publish","4":"has-post-thumbnail","6":"product_brand-headshoulders","7":"product_cat-hrana-i-pice","8":"product_cat-slatkisi-i-grickalice-261","10":"first","11":"outofstock","12":"shipping-taxable","13":"purchasable","14":"product-type-simple"},"_links":{"self":[{"href":"https:\/\/singuli.wpress.me\/index.php\/wp-json\/wp\/v2\/product\/36087","targetHints":{"allow":["GET"]}}],"collection":[{"href":"https:\/\/singuli.wpress.me\/index.php\/wp-json\/wp\/v2\/product"}],"about":[{"href":"https:\/\/singuli.wpress.me\/index.php\/wp-json\/wp\/v2\/types\/product"}],"version-history":[{"count":0,"href":"https:\/\/singuli.wpress.me\/index.php\/wp-json\/wp\/v2\/product\/36087\/revisions"}],"wp:featuredmedia":[{"embeddable":true,"href":"https:\/\/singuli.wpress.me\/index.php\/wp-json\/wp\/v2\/media\/36088"}],"wp:attachment":[{"href":"https:\/\/singuli.wpress.me\/index.php\/wp-json\/wp\/v2\/media?parent=36087"}],"wp:term":[{"taxonomy":"product_brand","embeddable":true,"href":"https:\/\/singuli.wpress.me\/index.php\/wp-json\/wp\/v2\/product_brand?post=36087"},{"taxonomy":"product_cat","embeddable":true,"href":"https:\/\/singuli.wpress.me\/index.php\/wp-json\/wp\/v2\/product_cat?post=36087"},{"taxonomy":"product_tag","embeddable":true,"href":"https:\/\/singuli.wpress.me\/index.php\/wp-json\/wp\/v2\/product_tag?post=36087"}],"curies":[{"name":"wp","href":"https:\/\/api.w.org\/{rel}","templated":true}]}}